{"id":7010,"date":"2021-11-19T10:15:32","date_gmt":"2021-11-19T09:15:32","guid":{"rendered":"https:\/\/kalimo.eu\/?post_type=product&#038;p=7010"},"modified":"2022-02-21T08:38:28","modified_gmt":"2022-02-21T07:38:28","slug":"halka-larisa-wiskozakolory","status":"publish","type":"product","link":"https:\/\/kalimo.eu\/?product=halka-larisa-wiskozakolory","title":{"rendered":"HALKA LARISA (wiskoza)+kolory"},"content":{"rendered":"<p>Urocza, dziewcz\u0119ca haleczka Larisa wykonana z przyjemnej wiskozy. D\u00f3\u0142 koszulki zdobi falbanka wykonana z tkaniny w kropeczki. Z tego samego materia\u0142u zosta\u0142a wykonana r\u00f3wnie\u017c kieszonka. Halka posiada kr\u00f3tki, wygodny r\u0119kaw.<\/p>\n<p>Dobierz do kompletu podomk\u0119 Chios i ciesz si\u0119 pi\u0119knym, nocnym zestawem.<\/p>\n<p><strong>Styl:<\/strong><\/p>\n<p>komfortowy, nieformalny<br \/>\nzapewniaj\u0105cy wysok\u0105 swobod\u0119 noszenia<br \/>\nr\u0119kawki oraz falbanka z delikatnej dzianiny w kropeczki<br \/>\nca\u0142kowita d\u0142ugo\u015b\u0107 koszulki mierzona po szwie bocznym: ok.67cm.<br \/>\n\u00a0<\/p>\n<p><strong>Materia\u0142:<\/strong><\/p>\n<p>wysokogatunkowa, oddychaj\u0105ca wiskoza, tzw. \u201djedwab drzewny\u201d<br \/>\nodpowiednia mi\u0119kko\u015b\u0107 oraz elastyczno\u015b\u0107<br \/>\nlekko\u015b\u0107, przewiewno\u015b\u0107<br \/>\n\u00a0<\/p>\n<p><strong>Dodatkowe cechy produktu:<\/strong><\/p>\n<p>wyko\u0144czenia z materia\u0142u w kropeczki<br \/>\nbielizna pakowana w \u015bliczne, du\u017ce opakowanie (idealne na prezent)<br \/>\nsk\u0142ad materia\u0142u: 95% wiskoza, 5% elastan.<\/p>\n","protected":false},"excerpt":{"rendered":"<p>Urocza, dziewcz\u0119ca haleczka Larisa wykonana z przyjemnej wiskozy. D\u00f3\u0142 koszulki zdobi falbanka wykonana z tkaniny w kropeczki. Z tego samego materia\u0142u zosta\u0142a wykonana r\u00f3wnie\u017c kieszonka. Halka posiada kr\u00f3tki, wygodny r\u0119kaw.<\/p>\n<p>Dobierz do kompletu podomk\u0119 Chios i ciesz si\u0119 pi\u0119knym, nocnym zestawem.<\/p>\n","protected":false},"featured_media":2577,"comment_status":"open","ping_status":"closed","template":"","meta":[],"product_cat":[15],"product_tag":[],"class_list":{"0":"post-7010","1":"product","2":"type-product","3":"status-publish","4":"has-post-thumbnail","6":"product_cat-halki","8":"first","9":"instock","10":"shipping-taxable","11":"purchasable","12":"product-type-variable","13":"has-default-attributes"},"_links":{"self":[{"href":"https:\/\/kalimo.eu\/index.php?rest_route=\/wp\/v2\/product\/7010","targetHints":{"allow":["GET"]}}],"collection":[{"href":"https:\/\/kalimo.eu\/index.php?rest_route=\/wp\/v2\/product"}],"about":[{"href":"https:\/\/kalimo.eu\/index.php?rest_route=\/wp\/v2\/types\/product"}],"replies":[{"embeddable":true,"href":"https:\/\/kalimo.eu\/index.php?rest_route=%2Fwp%2Fv2%2Fcomments&post=7010"}],"wp:featuredmedia":[{"embeddable":true,"href":"https:\/\/kalimo.eu\/index.php?rest_route=\/wp\/v2\/media\/2577"}],"wp:attachment":[{"href":"https:\/\/kalimo.eu\/index.php?rest_route=%2Fwp%2Fv2%2Fmedia&parent=7010"}],"wp:term":[{"taxonomy":"product_cat","embeddable":true,"href":"https:\/\/kalimo.eu\/index.php?rest_route=%2Fwp%2Fv2%2Fproduct_cat&post=7010"},{"taxonomy":"product_tag","embeddable":true,"href":"https:\/\/kalimo.eu\/index.php?rest_route=%2Fwp%2Fv2%2Fproduct_tag&post=7010"}],"curies":[{"name":"wp","href":"https:\/\/api.w.org\/{rel}","templated":true}]}}