{"id":7072,"date":"2021-11-19T11:09:43","date_gmt":"2021-11-19T10:09:43","guid":{"rendered":"https:\/\/kalimo.eu\/?post_type=product&#038;p=7072"},"modified":"2022-02-22T10:10:53","modified_gmt":"2022-02-22T09:10:53","slug":"komplet-rhodes-wiskozakolory","status":"publish","type":"product","link":"https:\/\/kalimo.eu\/?product=komplet-rhodes-wiskozakolory","title":{"rendered":"KOMPLET RHODES (wiskoza)+kolory"},"content":{"rendered":"<p>Wygoda i seksapil w jednym, je\u015bli szukasz takiego po\u0142\u0105czenia to szczerze polecamy komplet Rhodes.<\/p>\n<p>Zestaw sk\u0142ada si\u0119 z d\u0142ugich spodni, wykonanych z oddychaj\u0105cej wiskozy. G\u00f3ra to koszulka na szerszych naramkach, kt\u00f3re s\u0105 wykonane z mi\u0119kkiej tkaniny w kropeczki, kt\u00f3ra przechodzi na biust, tworz\u0105c jego miseczki. Dekolt jest podszyty wiskoz\u0105, wi\u0119c nie prze\u015bwituje. Rhodes mo\u017ce by\u0107 idealnym pomys\u0142em na prezent dla ka\u017cdej kobiety.<\/p>\n<p><strong>Styl:<\/strong><\/p>\n<p>komfortowy dzi\u0119ki oddychaj\u0105cej wiskozie<br \/>\ncodzienny, sensualny<br \/>\nbluzka zdobiona tiulow\u0105 wstawk\u0105<br \/>\nd\u0142ugo\u015b\u0107 koszulki mierzona po szwie bocznym: ok.41cm<br \/>\nd\u0142ugo\u015b\u0107 spodni mierzona od krocza w d\u00f3\u0142: ok. 77cm<\/p>\n<p><strong>Materia\u0142:<\/strong><\/p>\n<p>wysokogatunkowa, oddychaj\u0105ca wiskoza, tzw. &#8220;jedwab drzewny&#8221;<br \/>\nodpowiednia mi\u0119kko\u015b\u0107, elastyczno\u015b\u0107<br \/>\nlekko\u015b\u0107, przewiewno\u015b\u0107<\/p>\n<p><strong>Dodatkowe cechy produktu:<\/strong><\/p>\n<p>bielizna pakowana w \u015bliczne, du\u017ce opakowanie (idealne na prezent)<br \/>\nsk\u0142ad materia\u0142u: 95% wiskoza, 5% elastan.<\/p>\n","protected":false},"excerpt":{"rendered":"<p>Wygoda i seksapil w jednym, je\u015bli szukasz takiego po\u0142\u0105czenia to szczerze polecamy komplet Rhodes.<\/p>\n<p>Zestaw sk\u0142ada si\u0119 z d\u0142ugich spodni, wykonanych z oddychaj\u0105cej wiskozy. G\u00f3ra to koszulka na szerszych naramkach, kt\u00f3re s\u0105 wykonane z mi\u0119kkiej tkaniny w kropeczki, kt\u00f3ra przechodzi na biust, tworz\u0105c jego miseczki. Dekolt jest podszyty wiskoz\u0105, wi\u0119c nie prze\u015bwituje. Rhodes mo\u017ce by\u0107 idealnym pomys\u0142em na prezent dla ka\u017cdej kobiety.<\/p>\n","protected":false},"featured_media":3073,"comment_status":"open","ping_status":"closed","template":"","meta":[],"product_cat":[17],"product_tag":[],"class_list":{"0":"post-7072","1":"product","2":"type-product","3":"status-publish","4":"has-post-thumbnail","6":"product_cat-komplety","8":"first","9":"instock","10":"shipping-taxable","11":"purchasable","12":"product-type-variable","13":"has-default-attributes"},"_links":{"self":[{"href":"https:\/\/kalimo.eu\/index.php?rest_route=\/wp\/v2\/product\/7072","targetHints":{"allow":["GET"]}}],"collection":[{"href":"https:\/\/kalimo.eu\/index.php?rest_route=\/wp\/v2\/product"}],"about":[{"href":"https:\/\/kalimo.eu\/index.php?rest_route=\/wp\/v2\/types\/product"}],"replies":[{"embeddable":true,"href":"https:\/\/kalimo.eu\/index.php?rest_route=%2Fwp%2Fv2%2Fcomments&post=7072"}],"wp:featuredmedia":[{"embeddable":true,"href":"https:\/\/kalimo.eu\/index.php?rest_route=\/wp\/v2\/media\/3073"}],"wp:attachment":[{"href":"https:\/\/kalimo.eu\/index.php?rest_route=%2Fwp%2Fv2%2Fmedia&parent=7072"}],"wp:term":[{"taxonomy":"product_cat","embeddable":true,"href":"https:\/\/kalimo.eu\/index.php?rest_route=%2Fwp%2Fv2%2Fproduct_cat&post=7072"},{"taxonomy":"product_tag","embeddable":true,"href":"https:\/\/kalimo.eu\/index.php?rest_route=%2Fwp%2Fv2%2Fproduct_tag&post=7072"}],"curies":[{"name":"wp","href":"https:\/\/api.w.org\/{rel}","templated":true}]}}