{"id":7167,"date":"2021-11-19T11:36:23","date_gmt":"2021-11-19T10:36:23","guid":{"rendered":"https:\/\/kalimo.eu\/?post_type=product&#038;p=7167"},"modified":"2022-02-21T08:39:45","modified_gmt":"2022-02-21T07:39:45","slug":"halka-livadia-wiskozakolory","status":"publish","type":"product","link":"https:\/\/kalimo.eu\/?product=halka-livadia-wiskozakolory","title":{"rendered":"HALKA LIVADIA (wiskoza)+kolory"},"content":{"rendered":"<p>Je\u015bli jeste\u015b kobiet\u0105 pewn\u0105 swojej kobieco\u015bci i seksapilu i zale\u017cy Tobie na podkre\u015bleniu kobiecych kszta\u0142t\u00f3w to halka Livadia jest tym czego szukasz.<\/p>\n<p>Wykonana z wiskozy z dodatkiem elastanu, o dopasowanym kroju, haleczka pieknie si\u0119 uk\u0142ada na ciele. Do tego posiada pionowe szwy, wykonane z wypustki, dzi\u0119ki czemu uzyskujemy dodatkowy efekt modelowania. Biust kusi delikatnymi przejrzysto\u015bciami, dzi\u0119ki zastosowaniu podw\u00f3jnej warsty mi\u0119kkiego tiulu w kropeczki. Krzy\u017cuj\u0105ce si\u0119 sznureczki w okolicy biustu niew\u0105tpliwie przyci\u0105gaj\u0105 uwag\u0119. Je\u015bli gustujesz w zestawach to podomka Chios b\u0119dzie idealnie pasowa\u0107.<\/p>\n<p>Halka idealna na mi\u0142y pocz\u0105tek udanego wieczoru&#8230;<\/p>\n<p><strong>Styl:<\/strong><\/p>\n<p>elegancki, sekswony<br \/>\ndopasowany&gt;<br \/>\ndekolt wykonany z elastycznej, mi\u0119kkiej siateczki<br \/>\nca\u0142kowita d\u0142ugo\u015b\u0107 koszulki mierzona po szwie bocznym: 70cm.<br \/>\n\u00a0<\/p>\n<p><strong>Materia\u0142:<\/strong><\/p>\n<p>wysokogatunkowa, oddychaj\u0105ca wiskoza, tzw. \u201djedwab drzewny\u201d<br \/>\nodpowiednia mi\u0119kko\u015b\u0107 oraz elastyczno\u015b\u0107<br \/>\nlekko\u015b\u0107, przewiewno\u015b\u0107<br \/>\n\u00a0<\/p>\n<p><strong>Dodatkowe cechy produktu:<\/strong><\/p>\n<p>siateczka z motywem kropek<br \/>\nbielizna pakowana w \u015bliczne, du\u017ce opakowanie (idealne na prezent)<br \/>\nsk\u0142ad materia\u0142u: 95% wiskoza, 5% elastan.<\/p>\n","protected":false},"excerpt":{"rendered":"<p>Je\u015bli jeste\u015b kobiet\u0105 pewn\u0105 swojej kobieco\u015bci i seksapilu i zale\u017cy Tobie na podkre\u015bleniu kobiecych kszta\u0142t\u00f3w to halka Livadia jest tym czego szukasz.<\/p>\n<p>Wykonana z wiskozy z dodatkiem elastanu, o dopasowanym kroju, haleczka pieknie si\u0119 uk\u0142ada na ciele. Do tego posiada pionowe szwy, wykonane z wypustki, dzi\u0119ki czemu uzyskujemy dodatkowy efekt modelowania. Biust kusi delikatnymi przejrzysto\u015bciami, dzi\u0119ki zastosowaniu podw\u00f3jnej warsty mi\u0119kkiego tiulu w kropeczki. Krzy\u017cuj\u0105ce si\u0119 sznureczki w okolicy biustu niew\u0105tpliwie przyci\u0105gaj\u0105 uwag\u0119. Je\u015bli gustujesz w zestawach to podomka Chios b\u0119dzie idealnie pasowa\u0107.<\/p>\n<p>Halka idealna na mi\u0142y pocz\u0105tek udanego wieczoru&#8230;<\/p>\n","protected":false},"featured_media":2619,"comment_status":"open","ping_status":"closed","template":"","meta":[],"product_cat":[15],"product_tag":[],"class_list":{"0":"post-7167","1":"product","2":"type-product","3":"status-publish","4":"has-post-thumbnail","6":"product_cat-halki","8":"first","9":"instock","10":"shipping-taxable","11":"purchasable","12":"product-type-variable","13":"has-default-attributes"},"_links":{"self":[{"href":"https:\/\/kalimo.eu\/index.php?rest_route=\/wp\/v2\/product\/7167","targetHints":{"allow":["GET"]}}],"collection":[{"href":"https:\/\/kalimo.eu\/index.php?rest_route=\/wp\/v2\/product"}],"about":[{"href":"https:\/\/kalimo.eu\/index.php?rest_route=\/wp\/v2\/types\/product"}],"replies":[{"embeddable":true,"href":"https:\/\/kalimo.eu\/index.php?rest_route=%2Fwp%2Fv2%2Fcomments&post=7167"}],"wp:featuredmedia":[{"embeddable":true,"href":"https:\/\/kalimo.eu\/index.php?rest_route=\/wp\/v2\/media\/2619"}],"wp:attachment":[{"href":"https:\/\/kalimo.eu\/index.php?rest_route=%2Fwp%2Fv2%2Fmedia&parent=7167"}],"wp:term":[{"taxonomy":"product_cat","embeddable":true,"href":"https:\/\/kalimo.eu\/index.php?rest_route=%2Fwp%2Fv2%2Fproduct_cat&post=7167"},{"taxonomy":"product_tag","embeddable":true,"href":"https:\/\/kalimo.eu\/index.php?rest_route=%2Fwp%2Fv2%2Fproduct_tag&post=7167"}],"curies":[{"name":"wp","href":"https:\/\/api.w.org\/{rel}","templated":true}]}}