{"id":7293,"date":"2021-11-19T12:47:08","date_gmt":"2021-11-19T11:47:08","guid":{"rendered":"https:\/\/kalimo.eu\/?post_type=product&#038;p=7293"},"modified":"2021-11-19T12:54:38","modified_gmt":"2021-11-19T11:54:38","slug":"halka-tao-wiskozakolory","status":"publish","type":"product","link":"https:\/\/kalimo.eu\/?product=halka-tao-wiskozakolory","title":{"rendered":"HALKA TAO (wiskoza)+kolory"},"content":{"rendered":"<p>Komfort i wygoda w eleganckiej prostocie-to zdecydowanie zapewni halka Tao.<\/p>\n<p>Wykonana z przyjemnej wiskozy koszulka w nieco dopasowanej formie i d\u0142ugo\u015bci przed kolano. D\u00f3\u0142 wyko\u0144czony podw\u00f3jn\u0105 warstw\u0105 tiulowej falbanki co zdecydowanie dodaje jej uroku. Koszulka ma regulowane naramki, wi\u0119c mo\u017cesz zdecydowa\u0107 o g\u0142\u0119boko\u015bci dekoltu.<\/p>\n<p>Haleczka idealna na ka\u017cd\u0105 okazj\u0119.<\/p>\n<p><strong>Styl:<\/strong><\/p>\n<p>komfortowy, dopasowany do odpowiednich partii cia\u0142a<br \/>\nzapewniaj\u0105cy wysok\u0105 swobod\u0119 noszenia<br \/>\nd\u00f3\u0142 zdobiony tiulow\u0105 falbank\u0105<br \/>\nd\u0142ugo\u015b\u0107 halki mierzona po szwie bocznym: ok.74cm.<br \/>\n\u00a0<\/p>\n<p><strong>Materia\u0142:<\/strong><\/p>\n<p>wysokogatunkowa, oddychaj\u0105ca wiskoza, tzw. \u201djedwab drzewny\u201d<br \/>\nodpowiednia mi\u0119kko\u015b\u0107 oraz elastyczno\u015b\u0107<br \/>\nlekko\u015b\u0107, przewiewno\u015b\u0107<br \/>\n\u00a0<\/p>\n<p><strong>Dodatkowe cechy produktu:<\/strong><\/p>\n<p>bielizna pakowana w \u015bliczne, du\u017ce opakowanie (idealne na prezent)<br \/>\nsk\u0142ad materia\u0142u: 95% wiskoza, 5% elastan.<\/p>\n","protected":false},"excerpt":{"rendered":"<p>Komfort i wygoda w eleganckiej prostocie-to zdecydowanie zapewni halka Tao.<\/p>\n<p>Wykonana z przyjemnej wiskozy koszulka w nieco dopasowanej formie i d\u0142ugo\u015bci przed kolano. D\u00f3\u0142 wyko\u0144czony podw\u00f3jn\u0105 warstw\u0105 tiulowej falbanki co zdecydowanie dodaje jej uroku. Koszulka ma regulowane naramki, wi\u0119c mo\u017cesz zdecydowa\u0107 o g\u0142\u0119boko\u015bci dekoltu.<\/p>\n<p>Haleczka idealna na ka\u017cd\u0105 okazj\u0119.<\/p>\n","protected":false},"featured_media":3153,"comment_status":"open","ping_status":"closed","template":"","meta":[],"product_cat":[15],"product_tag":[],"class_list":{"0":"post-7293","1":"product","2":"type-product","3":"status-publish","4":"has-post-thumbnail","6":"product_cat-halki","8":"first","9":"instock","10":"shipping-taxable","11":"purchasable","12":"product-type-variable","13":"has-default-attributes"},"_links":{"self":[{"href":"https:\/\/kalimo.eu\/index.php?rest_route=\/wp\/v2\/product\/7293","targetHints":{"allow":["GET"]}}],"collection":[{"href":"https:\/\/kalimo.eu\/index.php?rest_route=\/wp\/v2\/product"}],"about":[{"href":"https:\/\/kalimo.eu\/index.php?rest_route=\/wp\/v2\/types\/product"}],"replies":[{"embeddable":true,"href":"https:\/\/kalimo.eu\/index.php?rest_route=%2Fwp%2Fv2%2Fcomments&post=7293"}],"wp:featuredmedia":[{"embeddable":true,"href":"https:\/\/kalimo.eu\/index.php?rest_route=\/wp\/v2\/media\/3153"}],"wp:attachment":[{"href":"https:\/\/kalimo.eu\/index.php?rest_route=%2Fwp%2Fv2%2Fmedia&parent=7293"}],"wp:term":[{"taxonomy":"product_cat","embeddable":true,"href":"https:\/\/kalimo.eu\/index.php?rest_route=%2Fwp%2Fv2%2Fproduct_cat&post=7293"},{"taxonomy":"product_tag","embeddable":true,"href":"https:\/\/kalimo.eu\/index.php?rest_route=%2Fwp%2Fv2%2Fproduct_tag&post=7293"}],"curies":[{"name":"wp","href":"https:\/\/api.w.org\/{rel}","templated":true}]}}