{"id":7335,"date":"2021-11-19T12:57:05","date_gmt":"2021-11-19T11:57:05","guid":{"rendered":"https:\/\/kalimo.eu\/?post_type=product&#038;p=7335"},"modified":"2022-02-22T12:14:28","modified_gmt":"2022-02-22T11:14:28","slug":"halka-ceylon-wiskozakolory","status":"publish","type":"product","link":"https:\/\/kalimo.eu\/?product=halka-ceylon-wiskozakolory","title":{"rendered":"HALKA CEYLON (wiskoza)+kolory"},"content":{"rendered":"<p>Je\u015bli cenisz wygod\u0119 i jednocze\u015bnie elegancj\u0119, to halka Ceylon zdecydowanie jest odpowiedzi\u0105 na Twoje potrzeby.<\/p>\n<p>Wykonana z mi\u0119kkiej wiskozy d\u0142uga halka, kt\u00f3ra w pon\u0119tny spos\u00f3b okrywa cia\u0142o. D\u0142ugie r\u0119kawy zdobione koronk\u0105 w kwiatowym motywie zapewni\u0105 ciep\u0142o w ch\u0142odniejsze dni. Koronkowy dekolt w szpic doda uroku i niew\u0105tpliwie przyci\u0105gnie wzrok.<\/p>\n<p>Szukasz prezentu? Halka Ceylon jest pakowana w \u015bliczny kartonik.<\/p>\n<p><strong>Styl:<\/strong><\/p>\n<p>komfortowy, dopasowany do odpowiednich partii cia\u0142a<br \/>\nzapewniaj\u0105cy wysok\u0105 swobod\u0119 noszenia<br \/>\ndekolt zdobiony mi\u0119kk\u0105 koronk\u0105 w kwiatowym motywie<br \/>\nd\u0142ugo\u015b\u0107 r\u0119kawa mierzona od pachy: 43cm<br \/>\nca\u0142kowita d\u0142ugo\u015b\u0107 koszulki mierzona po szwie bocznym: 103cm.<br \/>\n\u00a0<\/p>\n<p><strong>Materia\u0142:<\/strong><\/p>\n<p>wysokogatunkowa, oddychaj\u0105ca wiskoza, tzw. \u201djedwab drzewny\u201d<br \/>\nodpowiednia mi\u0119kko\u015b\u0107 oraz elastyczno\u015b\u0107<br \/>\nlekko\u015b\u0107, przewiewno\u015b\u0107<br \/>\n\u00a0<\/p>\n<p><strong>Dodatkowe cechy produktu:<\/strong><\/p>\n<p>wyko\u0144czenie dekoltu oraz r\u0119kaw\u00f3w z mi\u0119kkiej koronki<br \/>\nbielizna pakowana w \u015bliczne, du\u017ce opakowanie (idealne na prezent)<br \/>\nsk\u0142ad materia\u0142u: 95% wiskoza, 5% elastan.<\/p>\n","protected":false},"excerpt":{"rendered":"<p>Je\u015bli cenisz wygod\u0119 i jednocze\u015bnie elegancj\u0119, to halka Ceylon zdecydowanie jest odpowiedzi\u0105 na Twoje potrzeby.<\/p>\n<p>Wykonana z mi\u0119kkiej wiskozy d\u0142uga halka, kt\u00f3ra w pon\u0119tny spos\u00f3b okrywa cia\u0142o. D\u0142ugie r\u0119kawy zdobione koronk\u0105 w kwiatowym motywie zapewni\u0105 ciep\u0142o w ch\u0142odniejsze dni. Koronkowy dekolt w szpic doda uroku i niew\u0105tpliwie przyci\u0105gnie wzrok.<\/p>\n<p>Szukasz prezentu? Halka Ceylon jest pakowana w \u015bliczny kartonik.<\/p>\n","protected":false},"featured_media":2269,"comment_status":"open","ping_status":"closed","template":"","meta":[],"product_cat":[15],"product_tag":[],"class_list":{"0":"post-7335","1":"product","2":"type-product","3":"status-publish","4":"has-post-thumbnail","6":"product_cat-halki","8":"first","9":"instock","10":"shipping-taxable","11":"purchasable","12":"product-type-variable","13":"has-default-attributes"},"_links":{"self":[{"href":"https:\/\/kalimo.eu\/index.php?rest_route=\/wp\/v2\/product\/7335","targetHints":{"allow":["GET"]}}],"collection":[{"href":"https:\/\/kalimo.eu\/index.php?rest_route=\/wp\/v2\/product"}],"about":[{"href":"https:\/\/kalimo.eu\/index.php?rest_route=\/wp\/v2\/types\/product"}],"replies":[{"embeddable":true,"href":"https:\/\/kalimo.eu\/index.php?rest_route=%2Fwp%2Fv2%2Fcomments&post=7335"}],"wp:featuredmedia":[{"embeddable":true,"href":"https:\/\/kalimo.eu\/index.php?rest_route=\/wp\/v2\/media\/2269"}],"wp:attachment":[{"href":"https:\/\/kalimo.eu\/index.php?rest_route=%2Fwp%2Fv2%2Fmedia&parent=7335"}],"wp:term":[{"taxonomy":"product_cat","embeddable":true,"href":"https:\/\/kalimo.eu\/index.php?rest_route=%2Fwp%2Fv2%2Fproduct_cat&post=7335"},{"taxonomy":"product_tag","embeddable":true,"href":"https:\/\/kalimo.eu\/index.php?rest_route=%2Fwp%2Fv2%2Fproduct_tag&post=7335"}],"curies":[{"name":"wp","href":"https:\/\/api.w.org\/{rel}","templated":true}]}}