{"id":7409,"date":"2021-11-19T13:15:43","date_gmt":"2021-11-19T12:15:43","guid":{"rendered":"https:\/\/kalimo.eu\/?post_type=product&#038;p=7409"},"modified":"2022-02-21T08:53:02","modified_gmt":"2022-02-21T07:53:02","slug":"halka-wai-microfibra","status":"publish","type":"product","link":"https:\/\/kalimo.eu\/?product=halka-wai-microfibra","title":{"rendered":"HALKA WAI (microfibra)"},"content":{"rendered":"<p>Je\u015bli lubisz halki dobrze dopasowane do cia\u0142a, kt\u00f3re pon\u0119tnie podkre\u015bl\u0105 Twoje kszta\u0142ty, to halka Wai jest dla Ciebie.<\/p>\n<p>Uszyta z mi\u0119kkiej i delikatnej mikrofibry wspaniale otuli cia\u0142o. Koronkowy dekolt, kt\u00f3ry przechodzi na plecy, kusz\u0105co je podkre\u015blaj\u0105c, niew\u0105tpliwie przykuwa uwag\u0119. Koszulka pi\u0119knie uk\u0142ada si\u0119 na ciele a jej delikatny materia\u0142 pobudza zmys\u0142y. Dobierz do kompletu podomk\u0119 Samui, kt\u00f3ra jest wykonana r\u00f3wnie\u017c z microfibry.<\/p>\n<p><strong>Styl:<\/strong><\/p>\n<p>elegancki, seksowny, uwodzicielski<br \/>\nzapewniaj\u0105cy wysok\u0105 swobod\u0119 noszenia<br \/>\nd\u0142ugo\u015b\u0107 halki mierzona od ramienia: ok. 68cm<br \/>\n\u00a0<\/p>\n<p><strong>Materia\u0142:<\/strong><\/p>\n<p>delikatniejsza od jedwabiu, niezwykle mi\u0119kka microfibra<br \/>\nidealna dla alergik\u00f3w-nie podra\u017cnia<br \/>\nlekko\u015b\u0107, przepuszczalno\u015b\u0107 powietrza<br \/>\nodporno\u015b\u0107 na odkszta\u0142canie oraz pranie<br \/>\n\u00a0<\/p>\n<p><strong>Dodatkowe cechy produktu:<\/strong><\/p>\n<p>koronkowy, g\u0142\u0119boki dekolt na plecach<br \/>\nbielizna pakowana w \u015bliczne, du\u017ce opakowanie (idealne na prezent)<br \/>\nsk\u0142ad microfibry: 87% poliamid, 13% elastan.<\/p>\n","protected":false},"excerpt":{"rendered":"<p>Je\u015bli lubisz halki dobrze dopasowane do cia\u0142a, kt\u00f3re pon\u0119tnie podkre\u015bl\u0105 Twoje kszta\u0142ty, to halka Wai jest dla Ciebie.<\/p>\n<p>Uszyta z mi\u0119kkiej i delikatnej mikrofibry wspaniale otuli cia\u0142o. Koronkowy dekolt, kt\u00f3ry przechodzi na plecy, kusz\u0105co je podkre\u015blaj\u0105c, niew\u0105tpliwie przykuwa uwag\u0119. Koszulka pi\u0119knie uk\u0142ada si\u0119 na ciele a jej delikatny materia\u0142 pobudza zmys\u0142y. Dobierz do kompletu podomk\u0119 Samui, kt\u00f3ra jest wykonana r\u00f3wnie\u017c z microfibry.<\/p>\n","protected":false},"featured_media":3275,"comment_status":"open","ping_status":"closed","template":"","meta":[],"product_cat":[15],"product_tag":[],"class_list":{"0":"post-7409","1":"product","2":"type-product","3":"status-publish","4":"has-post-thumbnail","6":"product_cat-halki","8":"first","9":"instock","10":"shipping-taxable","11":"purchasable","12":"product-type-variable","13":"has-default-attributes"},"_links":{"self":[{"href":"https:\/\/kalimo.eu\/index.php?rest_route=\/wp\/v2\/product\/7409","targetHints":{"allow":["GET"]}}],"collection":[{"href":"https:\/\/kalimo.eu\/index.php?rest_route=\/wp\/v2\/product"}],"about":[{"href":"https:\/\/kalimo.eu\/index.php?rest_route=\/wp\/v2\/types\/product"}],"replies":[{"embeddable":true,"href":"https:\/\/kalimo.eu\/index.php?rest_route=%2Fwp%2Fv2%2Fcomments&post=7409"}],"wp:featuredmedia":[{"embeddable":true,"href":"https:\/\/kalimo.eu\/index.php?rest_route=\/wp\/v2\/media\/3275"}],"wp:attachment":[{"href":"https:\/\/kalimo.eu\/index.php?rest_route=%2Fwp%2Fv2%2Fmedia&parent=7409"}],"wp:term":[{"taxonomy":"product_cat","embeddable":true,"href":"https:\/\/kalimo.eu\/index.php?rest_route=%2Fwp%2Fv2%2Fproduct_cat&post=7409"},{"taxonomy":"product_tag","embeddable":true,"href":"https:\/\/kalimo.eu\/index.php?rest_route=%2Fwp%2Fv2%2Fproduct_tag&post=7409"}],"curies":[{"name":"wp","href":"https:\/\/api.w.org\/{rel}","templated":true}]}}