{"id":7453,"date":"2021-11-19T13:43:53","date_gmt":"2021-11-19T12:43:53","guid":{"rendered":"https:\/\/kalimo.eu\/?post_type=product&#038;p=7453"},"modified":"2022-02-22T12:43:03","modified_gmt":"2022-02-22T11:43:03","slug":"kombinezon-tean-microfibra","status":"publish","type":"product","link":"https:\/\/kalimo.eu\/?product=kombinezon-tean-microfibra","title":{"rendered":"KOMBINEZON TEAN (microfibra)"},"content":{"rendered":"<p>Je\u015bli szukasz czego\u015b wyj\u0105tkowo wygodnego i kobiecego nie tylko do spania ale r\u00f3wnie\u017c do chodzenia w zaciszu domu to \u015bpieszy z pomoc\u0105 kombinezon Tean.<\/p>\n<p>Wykonany z delikatnej, mi\u0119kkiej i niezwykle przyjaznej dla sk\u00f3ry mikrofibry, kt\u00f3ra idealnie dopasowuje si\u0119 do cia\u0142a. G\u0142\u0119boki dekolt zdobiony delikatn\u0105 koronk\u0105, kt\u00f3ra przechodzi ku do\u0142owi. D\u00f3\u0142 to wygodne szorty, kt\u00f3re zakryte s\u0105 dodatkow\u0105 warstw\u0105 materia\u0142u, dzi\u0119ki czemu prz\u00f3d prezentuje si\u0119 jak sp\u00f3dniczka. Kombinezon jest pakowany w eleganckie pude\u0142ko-idealne r\u00f3wnie\u017c na prezent.<\/p>\n<p><strong>Styl:<\/strong><\/p>\n<p>elegancki, seksowny, uwodzicielski<br \/>\nzapewniaj\u0105cy wysok\u0105 swobod\u0119 noszenia<br \/>\nd\u0142ugo\u015b\u0107 mierzona po szwie bocznym: ok. 45cm<br \/>\nca\u0142kowita d\u0142ugo\u015b\u0107: ok. 71cm<br \/>\n\u00a0<\/p>\n<p><strong>Materia\u0142:<\/strong><\/p>\n<p>delikatniejsza od jedwabiu, niezwykle mi\u0119kka microfibra<br \/>\nidealna dla alergik\u00f3w-nie podra\u017cnia<br \/>\nlekko\u015b\u0107, przepuszczalno\u015b\u0107 powietrza<br \/>\nodporno\u015b\u0107 na odkszta\u0142canie oraz pranie<br \/>\n\u00a0<\/p>\n<p><strong>Dodatkowe cechy produktu:<\/strong><\/p>\n<p>zdobienia z delikatnej koronki<br \/>\nbielizna pakowana w \u015bliczne, du\u017ce opakowanie (idealne na prezent)<br \/>\nsk\u0142ad microfibry: 87% poliamid, 13% elastan.<\/p>\n","protected":false},"excerpt":{"rendered":"<p>Je\u015bli szukasz czego\u015b wyj\u0105tkowo wygodnego i kobiecego nie tylko do spania ale r\u00f3wnie\u017c do chodzenia w zaciszu domu to \u015bpieszy z pomoc\u0105 kombinezon Tean.<\/p>\n<p>Wykonany z delikatnej, mi\u0119kkiej i niezwykle przyjaznej dla sk\u00f3ry mikrofibry, kt\u00f3ra idealnie dopasowuje si\u0119 do cia\u0142a. G\u0142\u0119boki dekolt zdobiony delikatn\u0105 koronk\u0105, kt\u00f3ra przechodzi ku do\u0142owi. D\u00f3\u0142 to wygodne szorty, kt\u00f3re zakryte s\u0105 dodatkow\u0105 warstw\u0105 materia\u0142u, dzi\u0119ki czemu prz\u00f3d prezentuje si\u0119 jak sp\u00f3dniczka. Kombinezon jest pakowany w eleganckie pude\u0142ko-idealne r\u00f3wnie\u017c na prezent.<\/p>\n","protected":false},"featured_media":3163,"comment_status":"open","ping_status":"closed","template":"","meta":[],"product_cat":[17],"product_tag":[],"class_list":{"0":"post-7453","1":"product","2":"type-product","3":"status-publish","4":"has-post-thumbnail","6":"product_cat-komplety","8":"first","9":"instock","10":"shipping-taxable","11":"purchasable","12":"product-type-variable","13":"has-default-attributes"},"_links":{"self":[{"href":"https:\/\/kalimo.eu\/index.php?rest_route=\/wp\/v2\/product\/7453","targetHints":{"allow":["GET"]}}],"collection":[{"href":"https:\/\/kalimo.eu\/index.php?rest_route=\/wp\/v2\/product"}],"about":[{"href":"https:\/\/kalimo.eu\/index.php?rest_route=\/wp\/v2\/types\/product"}],"replies":[{"embeddable":true,"href":"https:\/\/kalimo.eu\/index.php?rest_route=%2Fwp%2Fv2%2Fcomments&post=7453"}],"wp:featuredmedia":[{"embeddable":true,"href":"https:\/\/kalimo.eu\/index.php?rest_route=\/wp\/v2\/media\/3163"}],"wp:attachment":[{"href":"https:\/\/kalimo.eu\/index.php?rest_route=%2Fwp%2Fv2%2Fmedia&parent=7453"}],"wp:term":[{"taxonomy":"product_cat","embeddable":true,"href":"https:\/\/kalimo.eu\/index.php?rest_route=%2Fwp%2Fv2%2Fproduct_cat&post=7453"},{"taxonomy":"product_tag","embeddable":true,"href":"https:\/\/kalimo.eu\/index.php?rest_route=%2Fwp%2Fv2%2Fproduct_tag&post=7453"}],"curies":[{"name":"wp","href":"https:\/\/api.w.org\/{rel}","templated":true}]}}