{"id":7485,"date":"2021-11-22T06:52:34","date_gmt":"2021-11-22T05:52:34","guid":{"rendered":"https:\/\/kalimo.eu\/?post_type=product&#038;p=7485"},"modified":"2022-02-21T08:52:12","modified_gmt":"2022-02-21T07:52:12","slug":"komplet-phai-satynakolory","status":"publish","type":"product","link":"https:\/\/kalimo.eu\/?product=komplet-phai-satynakolory","title":{"rendered":"KOMPLET PHAI (satyna)+kolory"},"content":{"rendered":"<p>Dziewcz\u0119cy a zarazem elegancki komplet Phai to kolejna propozycja marki Kalimo. Wykonany z przyjemnej dla cia\u0142a oraz oka satyny. Koszulka o nieco przypasowanym kroju zdobiona koronk\u0105 w kwiatowym motywie. W komplecie urocze szorty podkre\u015blaj\u0105ce lini\u0119 po\u015bladk\u00f3w z kieszonkami zdobionymi r\u00f3wnie\u017c koronk\u0105.<\/p>\n<p>Komplet zapakowany w oryginalne pude\u0142ko-idealne na prezent.<\/p>\n<p><strong>Styl:<\/strong><\/p>\n<p>dopasowany do odpowiednich partii cia\u0142a<br \/>\nzapewniaj\u0105cy wysoki komfort noszenia<br \/>\nzapewniaj\u0105cy elastyczno\u015b\u0107 materia\u0142u w odpowiednich kierunkach<br \/>\nzapewniaj\u0105cy odpowiedni\u0105 prac\u0119 materia\u0142u (efekt lej\u0105cej si\u0119 satyny)<br \/>\nd\u0142ugo\u015b\u0107 koszulki ca\u0142kowita: ok.56cm<br \/>\nd\u0142ugo\u015b\u0107 szort\u00f3w mierzona po szwie zewn\u0119trznym: ok.20cm<br \/>\n\u00a0<\/p>\n<p><strong>Materia\u0142:<\/strong><\/p>\n<p>wysokogatunkowa , mi\u0119sista satyna<br \/>\nodpowiednia mi\u0119kko\u015b\u0107 po wewn\u0119trznej stronie<br \/>\nwysoki po\u0142ysk po stronie zewn\u0119trznej<br \/>\nwysokiej jako\u015bci splot<br \/>\n\u00a0<\/p>\n<p><strong>Dodatkowe cechy produktu:<\/strong><\/p>\n<p>wyko\u0144czenie szort\u00f3w pi\u0119kn\u0105 koronk\u0105<br \/>\nbielizna pakowana w \u015bliczne, du\u017ce opakowanie (idealne na prezent)<br \/>\nsk\u0142ad materia\u0142u: 97% poliester, 3% elastan. Splot satynowy.<\/p>\n","protected":false},"excerpt":{"rendered":"<p>Dziewcz\u0119cy a zarazem elegancki komplet Phai to kolejna propozycja marki Kalimo. Wykonany z przyjemnej dla cia\u0142a oraz oka satyny. Koszulka o nieco przypasowanym kroju zdobiona koronk\u0105 w kwiatowym motywie. W komplecie urocze szorty podkre\u015blaj\u0105ce lini\u0119 po\u015bladk\u00f3w z kieszonkami zdobionymi r\u00f3wnie\u017c koronk\u0105.<\/p>\n<p>Komplet zapakowany w oryginalne pude\u0142ko-idealne na prezent.<\/p>\n","protected":false},"featured_media":2991,"comment_status":"open","ping_status":"closed","template":"","meta":[],"product_cat":[17],"product_tag":[],"class_list":{"0":"post-7485","1":"product","2":"type-product","3":"status-publish","4":"has-post-thumbnail","6":"product_cat-komplety","8":"first","9":"instock","10":"shipping-taxable","11":"purchasable","12":"product-type-variable","13":"has-default-attributes"},"_links":{"self":[{"href":"https:\/\/kalimo.eu\/index.php?rest_route=\/wp\/v2\/product\/7485","targetHints":{"allow":["GET"]}}],"collection":[{"href":"https:\/\/kalimo.eu\/index.php?rest_route=\/wp\/v2\/product"}],"about":[{"href":"https:\/\/kalimo.eu\/index.php?rest_route=\/wp\/v2\/types\/product"}],"replies":[{"embeddable":true,"href":"https:\/\/kalimo.eu\/index.php?rest_route=%2Fwp%2Fv2%2Fcomments&post=7485"}],"wp:featuredmedia":[{"embeddable":true,"href":"https:\/\/kalimo.eu\/index.php?rest_route=\/wp\/v2\/media\/2991"}],"wp:attachment":[{"href":"https:\/\/kalimo.eu\/index.php?rest_route=%2Fwp%2Fv2%2Fmedia&parent=7485"}],"wp:term":[{"taxonomy":"product_cat","embeddable":true,"href":"https:\/\/kalimo.eu\/index.php?rest_route=%2Fwp%2Fv2%2Fproduct_cat&post=7485"},{"taxonomy":"product_tag","embeddable":true,"href":"https:\/\/kalimo.eu\/index.php?rest_route=%2Fwp%2Fv2%2Fproduct_tag&post=7485"}],"curies":[{"name":"wp","href":"https:\/\/api.w.org\/{rel}","templated":true}]}}