{"id":7548,"date":"2021-11-22T07:03:39","date_gmt":"2021-11-22T06:03:39","guid":{"rendered":"https:\/\/kalimo.eu\/?post_type=product&#038;p=7548"},"modified":"2022-02-18T11:15:58","modified_gmt":"2022-02-18T10:15:58","slug":"halka-klang-satynakolory","status":"publish","type":"product","link":"https:\/\/kalimo.eu\/?product=halka-klang-satynakolory","title":{"rendered":"HALKA KLANG (satyna)+kolory"},"content":{"rendered":"<p>Idealna do spania lub na mi\u0142y pocz\u0105tek wieczoru halka Klang.<\/p>\n<p>Wykonana z po\u0142yskuj\u0105cej satyny, kt\u00f3ra w magiczny spos\u00f3b odbija \u015bwiat\u0142o sprawiaj\u0105c, \u017ce wygl\u0105da\u0107 b\u0119dziesz wyj\u0105tkowo. Boki halki zdobi koronka, kt\u00f3ra optycznie modeluje sylwetk\u0119. Dodatkowo miseczki s\u0105 podszyte satyn\u0105, aby nie odkrywa\u0107 za wiele i da\u0107 si\u0119 ponie\u015b\u0107 wyobra\u017ani.<\/p>\n<p><strong>Styl:<\/strong><\/p>\n<p>komfortowy, dopasowany do odpowiednich partii cia\u0142a<br \/>\nzapewniaj\u0105cy wysok\u0105 swobod\u0119 noszenia<br \/>\nzapewniaj\u0105cy odpowiedni\u0105 prac\u0119 materia\u0142u (efekt lej\u0105cej si\u0119 satyny)<br \/>\nca\u0142kowita d\u0142ugo\u015b\u0107 halki mierzona po szwie bocznym (od pachy w d\u00f3\u0142): ok.60cm<br \/>\n\u00a0<\/p>\n<p><strong>Materia\u0142:<\/strong><\/p>\n<p>wysokogatunkowa, mi\u0119sista satyna<br \/>\nodpowiednia mi\u0119kko\u015b\u0107 po wewn\u0119trznej stronie<br \/>\nmi\u0119kka, elastyczna koronka w kwiatowym motywie<br \/>\nwysoki po\u0142ysk po stronie zewn\u0119trznej<br \/>\n\u00a0<\/p>\n<p><strong>Dodatkowe cechy produktu:<\/strong><\/p>\n<p>koronkowe wstawki optycznie modeluj\u0105ce sylwetk\u0119<br \/>\nbielizna pakowana w \u015bliczne, du\u017ce opakowanie (idealne na prezent)<br \/>\nsk\u0142ad materia\u0142u: 97% poliester, 3% elastan. Splot satynowy.<\/p>\n","protected":false},"excerpt":{"rendered":"<p>Idealna do spania lub na mi\u0142y pocz\u0105tek wieczoru halka Klang.<\/p>\n<p>Wykonana z po\u0142yskuj\u0105cej satyny, kt\u00f3ra w magiczny spos\u00f3b odbija \u015bwiat\u0142o sprawiaj\u0105c, \u017ce wygl\u0105da\u0107 b\u0119dziesz wyj\u0105tkowo. Boki halki zdobi koronka, kt\u00f3ra optycznie modeluje sylwetk\u0119. Dodatkowo miseczki s\u0105 podszyte satyn\u0105, aby nie odkrywa\u0107 za wiele i da\u0107 si\u0119 ponie\u015b\u0107 wyobra\u017ani.<\/p>\n","protected":false},"featured_media":2547,"comment_status":"open","ping_status":"closed","template":"","meta":[],"product_cat":[15],"product_tag":[],"class_list":{"0":"post-7548","1":"product","2":"type-product","3":"status-publish","4":"has-post-thumbnail","6":"product_cat-halki","8":"first","9":"instock","10":"shipping-taxable","11":"purchasable","12":"product-type-variable","13":"has-default-attributes"},"_links":{"self":[{"href":"https:\/\/kalimo.eu\/index.php?rest_route=\/wp\/v2\/product\/7548","targetHints":{"allow":["GET"]}}],"collection":[{"href":"https:\/\/kalimo.eu\/index.php?rest_route=\/wp\/v2\/product"}],"about":[{"href":"https:\/\/kalimo.eu\/index.php?rest_route=\/wp\/v2\/types\/product"}],"replies":[{"embeddable":true,"href":"https:\/\/kalimo.eu\/index.php?rest_route=%2Fwp%2Fv2%2Fcomments&post=7548"}],"wp:featuredmedia":[{"embeddable":true,"href":"https:\/\/kalimo.eu\/index.php?rest_route=\/wp\/v2\/media\/2547"}],"wp:attachment":[{"href":"https:\/\/kalimo.eu\/index.php?rest_route=%2Fwp%2Fv2%2Fmedia&parent=7548"}],"wp:term":[{"taxonomy":"product_cat","embeddable":true,"href":"https:\/\/kalimo.eu\/index.php?rest_route=%2Fwp%2Fv2%2Fproduct_cat&post=7548"},{"taxonomy":"product_tag","embeddable":true,"href":"https:\/\/kalimo.eu\/index.php?rest_route=%2Fwp%2Fv2%2Fproduct_tag&post=7548"}],"curies":[{"name":"wp","href":"https:\/\/api.w.org\/{rel}","templated":true}]}}