{"id":7627,"date":"2021-11-22T07:23:18","date_gmt":"2021-11-22T06:23:18","guid":{"rendered":"https:\/\/kalimo.eu\/?post_type=product&#038;p=7627"},"modified":"2022-02-21T08:55:24","modified_gmt":"2022-02-21T07:55:24","slug":"bluzka-libong-microfibra","status":"publish","type":"product","link":"https:\/\/kalimo.eu\/?product=bluzka-libong-microfibra","title":{"rendered":"BLUZKA LIBONG (microfibra)"},"content":{"rendered":"<p>Seksowna, uwodzicielska bluzka &#8211; idealna na wiecz\u00f3r we dwoje czy po prostu na wyj\u015bcie z przyjaci\u00f3\u0142mi.<\/p>\n<p>Otulaj\u0105ca delikatna mikrofibra dopasuje si\u0119 do cia\u0142a i sprawi, \u017ce poczujesz si\u0119 naprawd\u0119 wyj\u0105tkowo. Skrojone po mistrzowsku miseczki dekoltu, mimo i\u017c s\u0105 mi\u0119kkie, to sprawdz\u0105 si\u0119 zar\u00f3wno przy mniejszym jak i obfitszym biu\u015bcie uk\u0142adaj\u0105c si\u0119 na nim w spos\u00f3b przykuwaj\u0105cy uwag\u0119. Pe\u0142en elegancji koronkowy dekolt na plecach dope\u0142nia ca\u0142o\u015bci. Za\u0142\u00f3\u017c bluzk\u0119 Libong i podkre\u015bl swoje pi\u0119kno.<\/p>\n<p><strong>Styl:<\/strong><\/p>\n<p>elegancki, seksowny, uwodzicielski<br \/>\nzapewniaj\u0105cy wysok\u0105 swobod\u0119 noszenia<br \/>\nd\u0142ugo\u015b\u0107 bluzki mierzona po szwie bocznym: ok. 36cm<br \/>\n\u00a0<\/p>\n<p><strong>Materia\u0142:<\/strong><\/p>\n<p>delikatniejsza od jedwabiu, niezwykle mi\u0119kka microfibra<br \/>\nidealna dla alergik\u00f3w-nie podra\u017cnia<br \/>\nlekko\u015b\u0107, przepuszczalno\u015b\u0107 powietrza<br \/>\nodporno\u015b\u0107 na odkszta\u0142canie oraz pranie<br \/>\n\u00a0<\/p>\n<p><strong>Dodatkowe cechy produktu:<\/strong><\/p>\n<p>koronkowy dekolt na plecach<br \/>\nbluzka pakowana w \u015bliczne, du\u017ce opakowanie (idealne na prezent)<br \/>\nsk\u0142ad microfibry: 87% poliamid, 13% elastan.<\/p>\n","protected":false},"excerpt":{"rendered":"<p>Seksowna, uwodzicielska bluzka &#8211; idealna na wiecz\u00f3r we dwoje czy po prostu na wyj\u015bcie z przyjaci\u00f3\u0142mi.<\/p>\n<p>Otulaj\u0105ca delikatna mikrofibra dopasuje si\u0119 do cia\u0142a i sprawi, \u017ce poczujesz si\u0119 naprawd\u0119 wyj\u0105tkowo. Skrojone po mistrzowsku miseczki dekoltu, mimo i\u017c s\u0105 mi\u0119kkie, to sprawdz\u0105 si\u0119 zar\u00f3wno przy mniejszym jak i obfitszym biu\u015bcie uk\u0142adaj\u0105c si\u0119 na nim w spos\u00f3b przykuwaj\u0105cy uwag\u0119. Pe\u0142en elegancji koronkowy dekolt na plecach dope\u0142nia ca\u0142o\u015bci. Za\u0142\u00f3\u017c bluzk\u0119 Libong i podkre\u015bl swoje pi\u0119kno.<\/p>\n","protected":false},"featured_media":2609,"comment_status":"open","ping_status":"closed","template":"","meta":[],"product_cat":[20],"product_tag":[],"class_list":{"0":"post-7627","1":"product","2":"type-product","3":"status-publish","4":"has-post-thumbnail","6":"product_cat-bluzki","8":"first","9":"instock","10":"shipping-taxable","11":"purchasable","12":"product-type-variable","13":"has-default-attributes"},"_links":{"self":[{"href":"https:\/\/kalimo.eu\/index.php?rest_route=\/wp\/v2\/product\/7627","targetHints":{"allow":["GET"]}}],"collection":[{"href":"https:\/\/kalimo.eu\/index.php?rest_route=\/wp\/v2\/product"}],"about":[{"href":"https:\/\/kalimo.eu\/index.php?rest_route=\/wp\/v2\/types\/product"}],"replies":[{"embeddable":true,"href":"https:\/\/kalimo.eu\/index.php?rest_route=%2Fwp%2Fv2%2Fcomments&post=7627"}],"wp:featuredmedia":[{"embeddable":true,"href":"https:\/\/kalimo.eu\/index.php?rest_route=\/wp\/v2\/media\/2609"}],"wp:attachment":[{"href":"https:\/\/kalimo.eu\/index.php?rest_route=%2Fwp%2Fv2%2Fmedia&parent=7627"}],"wp:term":[{"taxonomy":"product_cat","embeddable":true,"href":"https:\/\/kalimo.eu\/index.php?rest_route=%2Fwp%2Fv2%2Fproduct_cat&post=7627"},{"taxonomy":"product_tag","embeddable":true,"href":"https:\/\/kalimo.eu\/index.php?rest_route=%2Fwp%2Fv2%2Fproduct_tag&post=7627"}],"curies":[{"name":"wp","href":"https:\/\/api.w.org\/{rel}","templated":true}]}}