{"id":7691,"date":"2021-11-22T07:47:18","date_gmt":"2021-11-22T06:47:18","guid":{"rendered":"https:\/\/kalimo.eu\/?post_type=product&#038;p=7691"},"modified":"2022-02-22T12:46:03","modified_gmt":"2022-02-22T11:46:03","slug":"bluza-redang-lamakolory","status":"publish","type":"product","link":"https:\/\/kalimo.eu\/?product=bluza-redang-lamakolory","title":{"rendered":"BLUZA REDANG (lama)+kolory"},"content":{"rendered":"<p>Je\u015bli niekoniecznie lubisz szlafroki ale zimowe ch\u0142odne wieczory daj\u0105 Ci si\u0119 we znaki to mamy idealne rozwi\u0105zanie w postaci cieplutkiej bluzy Redang.<\/p>\n<p>Wykonana z mi\u0119kkiej i ciep\u0142ej dzianiny o nieformalnym kroju idealnie sprawdzi si\u0119 aby narzuci\u0107 j\u0105 na pi\u017cam\u0119 lub nawet T-shirt. Na brzuchu znajduje si\u0119 kiesze\u0144, w kt\u00f3rej mo\u017cesz r\u00f3wnie\u017c ogrza\u0107 r\u0119ce a zdobienia w postaci kontrastowych lam\u00f3wek oraz kokardek dodadz\u0105 uroku.<\/p>\n<p>W bluzie Redang poczujesz si\u0119 niezwykle komfortowo.<\/p>\n<p><strong>Styl:<\/strong><\/p>\n<p>codzienny, komfortowy<br \/>\nzapewniaj\u0105cy wysok\u0105 swobod\u0119 noszenia<br \/>\nca\u0142kowita d\u0142ugo\u015b\u0107 bluzy: ok.78cm<br \/>\nd\u0142ugo\u015b\u0107 r\u0119kawa mierzona od pachy w d\u00f3\u0142: ok.44cm<br \/>\n\u00a0<\/p>\n<p><strong>Materia\u0142:<\/strong><\/p>\n<p>wysokogatunkowa dzianina<br \/>\nmi\u0119kka, ciep\u0142a<br \/>\nlekka<br \/>\n\u00a0<\/p>\n<p>Do<strong>datkowe cechy produktu:<\/strong><\/p>\n<p>zdobienia w postaci kontrastowych lam\u00f3wek oraz kokardek<br \/>\nbluza pakowana w firmowy worek, kt\u00f3ry mo\u017ce pos\u0142u\u017cy\u0107 r\u00f3wnie\u017c jako torba<br \/>\nsk\u0142ad materia\u0142u: poliester.<\/p>\n","protected":false},"excerpt":{"rendered":"<p>Je\u015bli niekoniecznie lubisz szlafroki ale zimowe ch\u0142odne wieczory daj\u0105 Ci si\u0119 we znaki to mamy idealne rozwi\u0105zanie w postaci cieplutkiej bluzy Redang.<\/p>\n<p>Wykonana z mi\u0119kkiej i ciep\u0142ej dzianiny o nieformalnym kroju idealnie sprawdzi si\u0119 aby narzuci\u0107 j\u0105 na pi\u017cam\u0119 lub nawet T-shirt. Na brzuchu znajduje si\u0119 kiesze\u0144, w kt\u00f3rej mo\u017cesz r\u00f3wnie\u017c ogrza\u0107 r\u0119ce a zdobienia w postaci kontrastowych lam\u00f3wek oraz kokardek dodadz\u0105 uroku.<\/p>\n<p>W bluzie Redang poczujesz si\u0119 niezwykle komfortowo.<\/p>\n","protected":false},"featured_media":3047,"comment_status":"open","ping_status":"closed","template":"","meta":[],"product_cat":[18],"product_tag":[],"class_list":{"0":"post-7691","1":"product","2":"type-product","3":"status-publish","4":"has-post-thumbnail","6":"product_cat-podomki","8":"first","9":"instock","10":"shipping-taxable","11":"purchasable","12":"product-type-variable","13":"has-default-attributes"},"_links":{"self":[{"href":"https:\/\/kalimo.eu\/index.php?rest_route=\/wp\/v2\/product\/7691","targetHints":{"allow":["GET"]}}],"collection":[{"href":"https:\/\/kalimo.eu\/index.php?rest_route=\/wp\/v2\/product"}],"about":[{"href":"https:\/\/kalimo.eu\/index.php?rest_route=\/wp\/v2\/types\/product"}],"replies":[{"embeddable":true,"href":"https:\/\/kalimo.eu\/index.php?rest_route=%2Fwp%2Fv2%2Fcomments&post=7691"}],"wp:featuredmedia":[{"embeddable":true,"href":"https:\/\/kalimo.eu\/index.php?rest_route=\/wp\/v2\/media\/3047"}],"wp:attachment":[{"href":"https:\/\/kalimo.eu\/index.php?rest_route=%2Fwp%2Fv2%2Fmedia&parent=7691"}],"wp:term":[{"taxonomy":"product_cat","embeddable":true,"href":"https:\/\/kalimo.eu\/index.php?rest_route=%2Fwp%2Fv2%2Fproduct_cat&post=7691"},{"taxonomy":"product_tag","embeddable":true,"href":"https:\/\/kalimo.eu\/index.php?rest_route=%2Fwp%2Fv2%2Fproduct_tag&post=7691"}],"curies":[{"name":"wp","href":"https:\/\/api.w.org\/{rel}","templated":true}]}}