{"id":7758,"date":"2021-11-22T07:57:00","date_gmt":"2021-11-22T06:57:00","guid":{"rendered":"https:\/\/kalimo.eu\/?post_type=product&#038;p=7758"},"modified":"2022-02-22T12:47:57","modified_gmt":"2022-02-22T11:47:57","slug":"komplet-pangkor-wiskozakolory","status":"publish","type":"product","link":"https:\/\/kalimo.eu\/?product=komplet-pangkor-wiskozakolory","title":{"rendered":"KOMPLET PANGKOR (wiskoza)+kolory"},"content":{"rendered":"<p>Wychodz\u0105c naprzeciw obecnym trendom, w kt\u00f3rym pi\u017cama nie tylko spe\u0142nia rol\u0119 odzienia do spania ale r\u00f3wnie\u017c jako str\u00f3j domowy, stworzyli\u015bmy komplet Pangkor.<\/p>\n<p>Wykonany z wygodnej wiskozy z dodatkiem elastanu nie tylko zapewnia komfort podczas noszenia ale daje pewno\u015b\u0107 braku odkszta\u0142ce\u0144. Na komplet sk\u0142ada si\u0119 bluza z d\u0142ugim r\u0119kawem zdobiona tiulow\u0105 falbank\u0105 oraz spodnie, w kt\u00f3rych znajduj\u0105 si\u0119 dwie kieszenie, r\u00f3wnie\u017c z motywem tiulowej falbanki. Ca\u0142o\u015b\u0107 oczywi\u015bcie zapakowana w firmowe pude\u0142ko Kalimo.<\/p>\n<p><strong>Styl:<\/strong><\/p>\n<p>komfortowy, dopasowany do odpowiednich partii cia\u0142a<br \/>\nzapewniaj\u0105cy wysok\u0105 swobod\u0119 noszenia<br \/>\nzapewniaj\u0105cy elastyczno\u015b\u0107 materia\u0142u w odpowiednich kierunkach<br \/>\nspodnie oraz bluzka zdobione tiulow\u0105 falbank\u0105<br \/>\nd\u0142ugo\u015b\u0107 bluzki mierzona po szwie bocznym: 37cm<br \/>\nd\u0142ugo\u015b\u0107 r\u0119kawa mierzona od pachy w d\u00f3\u0142: ok.47cm<br \/>\nd\u0142ugo\u015b\u0107 spodni mierzona od kroku w d\u00f3\u0142: ok.73cm<br \/>\nwysoko\u015b\u0107 stanu: ok.27cm<\/p>\n<p><strong>Materia\u0142:<\/strong><\/p>\n<p>wysokogatunkowa, oddychaj\u0105ca wiskoza, tzw. &#8220;jedwab drzewny&#8221;<br \/>\nodpowiednia mi\u0119kko\u015b\u0107, elastyczno\u015b\u0107<br \/>\nlekko\u015b\u0107, przewiewno\u015b\u0107<\/p>\n<p><strong>Dodatkowe cechy produktu:<\/strong><\/p>\n<p>urocze falbanki tiulowe<br \/>\n2 kieszenie w spodniach<br \/>\nbielizna pakowana w \u015bliczne, du\u017ce opakowanie (idealne na prezent)<br \/>\nsk\u0142ad materia\u0142u: 95% wiskoza, 5% elastan<\/p>\n","protected":false},"excerpt":{"rendered":"<p>Wychodz\u0105c naprzeciw obecnym trendom, w kt\u00f3rym pi\u017cama nie tylko spe\u0142nia rol\u0119 odzienia do spania ale r\u00f3wnie\u017c jako str\u00f3j domowy, stworzyli\u015bmy komplet Pangkor.<\/p>\n<p>Wykonany z wygodnej wiskozy z dodatkiem elastanu nie tylko zapewnia komfort podczas noszenia ale daje pewno\u015b\u0107 braku odkszta\u0142ce\u0144. Na komplet sk\u0142ada si\u0119 bluza z d\u0142ugim r\u0119kawem zdobiona tiulow\u0105 falbank\u0105 oraz spodnie, w kt\u00f3rych znajduj\u0105 si\u0119 dwie kieszenie, r\u00f3wnie\u017c z motywem tiulowej falbanki. Ca\u0142o\u015b\u0107 oczywi\u015bcie zapakowana w firmowe pude\u0142ko Kalimo.<\/p>\n","protected":false},"featured_media":2959,"comment_status":"open","ping_status":"closed","template":"","meta":[],"product_cat":[17],"product_tag":[],"class_list":{"0":"post-7758","1":"product","2":"type-product","3":"status-publish","4":"has-post-thumbnail","6":"product_cat-komplety","8":"first","9":"instock","10":"shipping-taxable","11":"purchasable","12":"product-type-variable","13":"has-default-attributes"},"_links":{"self":[{"href":"https:\/\/kalimo.eu\/index.php?rest_route=\/wp\/v2\/product\/7758","targetHints":{"allow":["GET"]}}],"collection":[{"href":"https:\/\/kalimo.eu\/index.php?rest_route=\/wp\/v2\/product"}],"about":[{"href":"https:\/\/kalimo.eu\/index.php?rest_route=\/wp\/v2\/types\/product"}],"replies":[{"embeddable":true,"href":"https:\/\/kalimo.eu\/index.php?rest_route=%2Fwp%2Fv2%2Fcomments&post=7758"}],"wp:featuredmedia":[{"embeddable":true,"href":"https:\/\/kalimo.eu\/index.php?rest_route=\/wp\/v2\/media\/2959"}],"wp:attachment":[{"href":"https:\/\/kalimo.eu\/index.php?rest_route=%2Fwp%2Fv2%2Fmedia&parent=7758"}],"wp:term":[{"taxonomy":"product_cat","embeddable":true,"href":"https:\/\/kalimo.eu\/index.php?rest_route=%2Fwp%2Fv2%2Fproduct_cat&post=7758"},{"taxonomy":"product_tag","embeddable":true,"href":"https:\/\/kalimo.eu\/index.php?rest_route=%2Fwp%2Fv2%2Fproduct_tag&post=7758"}],"curies":[{"name":"wp","href":"https:\/\/api.w.org\/{rel}","templated":true}]}}