{"id":78,"date":"2021-07-12T09:37:05","date_gmt":"2021-07-12T07:37:05","guid":{"rendered":"http:\/\/expect.home.pl\/autoinstalator\/wordpresswoocommerce\/?post_type=product&#038;p=78"},"modified":"2022-02-21T12:21:18","modified_gmt":"2022-02-21T11:21:18","slug":"komplet-marianne-microfibra","status":"publish","type":"product","link":"https:\/\/kalimo.eu\/?product=komplet-marianne-microfibra","title":{"rendered":"KOMPLET MARIANNE (microfibra)"},"content":{"rendered":"<p>Niezwykle seksowny, zwiewny, a zarazem elegancki komplecik.<\/p>\n<p align=\"JUSTIFY\">G\u00f3rna cz\u0119\u015b\u0107 wykonana z luksusowej mikrofibry. Biust profilowany sam\u0105 mikrofibr\u0105, wi\u0119c mi\u0119kki i z obydwu stron mi\u0142y w dotyku. Jednocze\u015bnie jego konstrukcja (z pasem wok\u00f3\u0142) \u0142adnie zbiera i profiluje biust. Majstersztyk w dziedzinie konstrukcji ultralekkiej bielizny.<\/p>\n<p align=\"JUSTIFY\">Dalej \u0142adnie rozkloszowana, mi\u0119kka i prze\u017aroczysta siateczka. Przy odpowiednim \u015bwietle tworzy przyci\u0105gaj\u0105c\u0105 gr\u0119 cieni i blask\u00f3w na kobiecym ciele, kt\u00f3re z pewno\u015bci\u0105 b\u0119dzie w niekt\u00f3rych miejscach prze\u015bwitywa\u0142o \u2013 o to w\u0142a\u015bnie chodzi. Taki jest zamys\u0142 tej bielizny &#8211; tiul pe\u0142ni tu rol\u0119 mgie\u0142ki.<\/p>\n<p align=\"JUSTIFY\">Koszulka zako\u0144czona jest delikatn\u0105 lam\u00f3wk\u0105, kt\u00f3ra optycznie zamyka ca\u0142o\u015b\u0107 niczym sukienk\u0119, z gracj\u0105 i z charakterem, prawda? Do kompletu w zestawie s\u0105 pasuj\u0105ce sk\u0105pe majteczki (stringi) w ca\u0142o\u015bci wykonane w mikrofibry.<\/p>\n<p align=\"JUSTIFY\">Ten komplet to jeden z najl\u017cejszych i najdelikatniejszych produkt\u00f3w marki Kalimo. Ca\u0142o\u015b\u0107 wa\u017cy tyle co nic, wi\u0119c komplet ten poleca si\u0119 r\u00f3wnie\u017c na dalekie podr\u00f3\u017ce. Och, tego typu bielizny zmie\u015bci Ci si\u0119 do walizki du\u017co! B\u0105d\u017a przygotowana na ka\u017cd\u0105 okazj\u0119 \u2013 zawsze i wsz\u0119dzie, gdziekolwiek jedziesz&#8230; Polecamy te\u017c wzi\u0105\u0107 ze sob\u0105 pasuj\u0105c\u0105 podomk\u0119 Petit marki Kalimo. Na ch\u0142odniejsze noce, czy po prostu na pocz\u0105tek wieczoru \ud83d\ude09<\/p>\n<div>\n<p>&nbsp;<\/p>\n<p><strong>Styl:<\/strong><\/p>\n<ul>\n<li>elegancki, seksowny, uwodzicielski<\/li>\n<li>zapewniaj\u0105cy wysok\u0105 swobod\u0119 noszenia<\/li>\n<li>d\u0142ugo\u015b\u0107 halki mierzona od pachy w d\u00f3\u0142: ok. 63cm<\/li>\n<\/ul>\n<p>&nbsp;<\/p>\n<p><strong>Materia\u0142:<\/strong><\/p>\n<ul>\n<li>delikatniejsza od jedwabiu, niezwykle mi\u0119kka microfibra po\u0142\u0105czona ze zwiewn\u0105 siateczk\u0105<\/li>\n<li>idealna dla alergik\u00f3w-nie podra\u017cnia<\/li>\n<li>lekko\u015b\u0107, przepuszczalno\u015b\u0107 powietrza<\/li>\n<li>odporno\u015b\u0107 na odkszta\u0142canie oraz pranie<\/li>\n<\/ul>\n<p>&nbsp;<\/p>\n<p><strong>Dodatkowe cechy produktu:<\/strong><\/p>\n<ul>\n<li>stringi z microfibry w zestawie<\/li>\n<li>bielizna pakowana w \u015bliczne, du\u017ce opakowanie (idealne na prezent)<\/li>\n<li>sk\u0142ad microfibry: 87% poliamid, 13% elastan.<\/li>\n<\/ul>\n<\/div>\n","protected":false},"excerpt":{"rendered":"<p>Niezwykle seksowny, zwiewny, a zarazem elegancki komplecik.<\/p>\n<p align=\"JUSTIFY\">G\u00f3rna cz\u0119\u015b\u0107 wykonana z luksusowej mikrofibry. Biust profilowany sam\u0105 mikrofibr\u0105, wi\u0119c mi\u0119kki i z obydwu stron mi\u0142y w dotyku. Jednocze\u015bnie jego konstrukcja (z pasem wok\u00f3\u0142) \u0142adnie zbiera i profiluje biust. Majstersztyk w dziedzinie konstrukcji ultralekkiej bielizny.<\/p>\n<p align=\"JUSTIFY\">Dalej \u0142adnie rozkloszowana, mi\u0119kka i prze\u017aroczysta siateczka. Przy odpowiednim \u015bwietle tworzy przyci\u0105gaj\u0105c\u0105 gr\u0119 cieni i blask\u00f3w na kobiecym ciele, kt\u00f3re z pewno\u015bci\u0105 b\u0119dzie w niekt\u00f3rych miejscach prze\u015bwitywa\u0142o \u2013 o to w\u0142a\u015bnie chodzi. Taki jest zamys\u0142 tej bielizny &#8211; tiul pe\u0142ni tu rol\u0119 mgie\u0142ki.<\/p>\n<p align=\"JUSTIFY\">Koszulka zako\u0144czona jest delikatn\u0105 lam\u00f3wk\u0105, kt\u00f3ra optycznie zamyka ca\u0142o\u015b\u0107 niczym sukienk\u0119, z gracj\u0105 i z charakterem, prawda? Do kompletu w zestawie s\u0105 pasuj\u0105ce sk\u0105pe majteczki (stringi) w ca\u0142o\u015bci wykonane w mikrofibry.<\/p>\n<p align=\"JUSTIFY\">Ten komplet to jeden z najl\u017cejszych i najdelikatniejszych produkt\u00f3w marki Kalimo. Ca\u0142o\u015b\u0107 wa\u017cy tyle co nic, wi\u0119c komplet ten poleca si\u0119 r\u00f3wnie\u017c na dalekie podr\u00f3\u017ce. Och, tego typu bielizny zmie\u015bci Ci si\u0119 do walizki du\u017co! B\u0105d\u017a przygotowana na ka\u017cd\u0105 okazj\u0119 \u2013 zawsze i wsz\u0119dzie, gdziekolwiek jedziesz&#8230; Polecamy te\u017c wzi\u0105\u0107 ze sob\u0105 pasuj\u0105c\u0105 podomk\u0119 Petit marki Kalimo. Na ch\u0142odniejsze noce, czy po prostu na pocz\u0105tek wieczoru \ud83d\ude09<\/p>\n","protected":false},"featured_media":146,"comment_status":"open","ping_status":"closed","template":"","meta":[],"product_cat":[17],"product_tag":[],"class_list":{"0":"post-78","1":"product","2":"type-product","3":"status-publish","4":"has-post-thumbnail","6":"product_cat-komplety","8":"first","9":"instock","10":"shipping-taxable","11":"purchasable","12":"product-type-variable","13":"has-default-attributes"},"_links":{"self":[{"href":"https:\/\/kalimo.eu\/index.php?rest_route=\/wp\/v2\/product\/78","targetHints":{"allow":["GET"]}}],"collection":[{"href":"https:\/\/kalimo.eu\/index.php?rest_route=\/wp\/v2\/product"}],"about":[{"href":"https:\/\/kalimo.eu\/index.php?rest_route=\/wp\/v2\/types\/product"}],"replies":[{"embeddable":true,"href":"https:\/\/kalimo.eu\/index.php?rest_route=%2Fwp%2Fv2%2Fcomments&post=78"}],"wp:featuredmedia":[{"embeddable":true,"href":"https:\/\/kalimo.eu\/index.php?rest_route=\/wp\/v2\/media\/146"}],"wp:attachment":[{"href":"https:\/\/kalimo.eu\/index.php?rest_route=%2Fwp%2Fv2%2Fmedia&parent=78"}],"wp:term":[{"taxonomy":"product_cat","embeddable":true,"href":"https:\/\/kalimo.eu\/index.php?rest_route=%2Fwp%2Fv2%2Fproduct_cat&post=78"},{"taxonomy":"product_tag","embeddable":true,"href":"https:\/\/kalimo.eu\/index.php?rest_route=%2Fwp%2Fv2%2Fproduct_tag&post=78"}],"curies":[{"name":"wp","href":"https:\/\/api.w.org\/{rel}","templated":true}]}}