{"id":7815,"date":"2021-11-22T08:22:49","date_gmt":"2021-11-22T07:22:49","guid":{"rendered":"https:\/\/kalimo.eu\/?post_type=product&#038;p=7815"},"modified":"2022-02-22T12:56:29","modified_gmt":"2022-02-22T11:56:29","slug":"komplet-kapas-wiskozakolory","status":"publish","type":"product","link":"https:\/\/kalimo.eu\/?product=komplet-kapas-wiskozakolory","title":{"rendered":"KOMPLET KAPAS (wiskoza)+kolory"},"content":{"rendered":"<p>Wykonany z wiskozy komplet Kapas skradnie serca tym wszystkim Paniom, kt\u00f3re lubi\u0105 elegancj\u0119 i jednocze\u015bnie uniwersalne rozwi\u0105zania.<\/p>\n<p>D\u0142u\u017csza bluzka, kt\u00f3ra krojem przypomina tunik\u0119. Do tego d\u0142ugie spodnie, zdobione t\u0105 sam\u0105 koronk\u0105 co dekolt w koszulce. Je\u015bli jest Ci zimno masz mo\u017cliwo\u015b\u0107 za\u0142o\u017cenia ca\u0142ego kompletu a po w\u015blizgni\u0119ciu si\u0119 do \u0142\u00f3\u017cka mo\u017cesz \u015bci\u0105gn\u0105\u0107 spodnie i spa\u0107 w samej halce. Koronka dodaje ca\u0142o\u015bci wyrafinowanej elegancji. Komplet idealny na prezent, kt\u00f3ry zostanie doceniony tak\u017ce przez dojrza\u0142e Panie.<\/p>\n<p><strong>Styl:<\/strong><\/p>\n<p>komfortowy dzi\u0119ki wiskozie<br \/>\ncodzienny, elegancki<br \/>\nspodnie oraz bluzka zdobione koronk\u0105<br \/>\nd\u0142ugo\u015b\u0107 bluzki mierzona po szwie bocznym: 55cm<br \/>\nd\u0142ugo\u015b\u0107 r\u0119kawa mierzona od pachy w d\u00f3\u0142: ok.47cm<br \/>\nd\u0142ugo\u015b\u0107 spodni mierzona od kroku w d\u00f3\u0142: ok.73cm<\/p>\n<p><strong>Materia\u0142:<\/strong><\/p>\n<p>wysokogatunkowa, oddychaj\u0105ca wiskoza, tzw. &#8220;jedwab drzewny&#8221;<br \/>\nodpowiednia mi\u0119kko\u015b\u0107, elastyczno\u015b\u0107<br \/>\nlekko\u015b\u0107, przewiewno\u015b\u0107<\/p>\n<p><strong>Dodatkowe cechy produktu:<\/strong><\/p>\n<p>koronkowe zdobienia<br \/>\nbielizna pakowana w \u015bliczne, du\u017ce opakowanie (idealne na prezent)<br \/>\nsk\u0142ad materia\u0142u: 95% wiskoza, 5% elastan.<\/p>\n","protected":false},"excerpt":{"rendered":"<p>Wykonany z wiskozy komplet Kapas skradnie serca tym wszystkim Paniom, kt\u00f3re lubi\u0105 elegancj\u0119 i jednocze\u015bnie uniwersalne rozwi\u0105zania.<\/p>\n<p>D\u0142u\u017csza bluzka, kt\u00f3ra krojem przypomina tunik\u0119. Do tego d\u0142ugie spodnie, zdobione t\u0105 sam\u0105 koronk\u0105 co dekolt w koszulce. Je\u015bli jest Ci zimno masz mo\u017cliwo\u015b\u0107 za\u0142o\u017cenia ca\u0142ego kompletu a po w\u015blizgni\u0119ciu si\u0119 do \u0142\u00f3\u017cka mo\u017cesz \u015bci\u0105gn\u0105\u0107 spodnie i spa\u0107 w samej halce. Koronka dodaje ca\u0142o\u015bci wyrafinowanej elegancji. Komplet idealny na prezent, kt\u00f3ry zostanie doceniony tak\u017ce przez dojrza\u0142e Panie.<\/p>\n","protected":false},"featured_media":2515,"comment_status":"open","ping_status":"closed","template":"","meta":[],"product_cat":[17],"product_tag":[],"class_list":{"0":"post-7815","1":"product","2":"type-product","3":"status-publish","4":"has-post-thumbnail","6":"product_cat-komplety","8":"first","9":"instock","10":"shipping-taxable","11":"purchasable","12":"product-type-variable","13":"has-default-attributes"},"_links":{"self":[{"href":"https:\/\/kalimo.eu\/index.php?rest_route=\/wp\/v2\/product\/7815","targetHints":{"allow":["GET"]}}],"collection":[{"href":"https:\/\/kalimo.eu\/index.php?rest_route=\/wp\/v2\/product"}],"about":[{"href":"https:\/\/kalimo.eu\/index.php?rest_route=\/wp\/v2\/types\/product"}],"replies":[{"embeddable":true,"href":"https:\/\/kalimo.eu\/index.php?rest_route=%2Fwp%2Fv2%2Fcomments&post=7815"}],"wp:featuredmedia":[{"embeddable":true,"href":"https:\/\/kalimo.eu\/index.php?rest_route=\/wp\/v2\/media\/2515"}],"wp:attachment":[{"href":"https:\/\/kalimo.eu\/index.php?rest_route=%2Fwp%2Fv2%2Fmedia&parent=7815"}],"wp:term":[{"taxonomy":"product_cat","embeddable":true,"href":"https:\/\/kalimo.eu\/index.php?rest_route=%2Fwp%2Fv2%2Fproduct_cat&post=7815"},{"taxonomy":"product_tag","embeddable":true,"href":"https:\/\/kalimo.eu\/index.php?rest_route=%2Fwp%2Fv2%2Fproduct_tag&post=7815"}],"curies":[{"name":"wp","href":"https:\/\/api.w.org\/{rel}","templated":true}]}}