{"id":7877,"date":"2021-11-22T09:46:16","date_gmt":"2021-11-22T08:46:16","guid":{"rendered":"https:\/\/kalimo.eu\/?post_type=product&#038;p=7877"},"modified":"2022-02-21T12:16:53","modified_gmt":"2022-02-21T11:16:53","slug":"halka-gaya-wiskozakolory","status":"publish","type":"product","link":"https:\/\/kalimo.eu\/?product=halka-gaya-wiskozakolory","title":{"rendered":"HALKA GAYA (wiskoza)+kolory"},"content":{"rendered":"<p>Urocza halka\/sukienka o kroju, w kt\u00f3rym b\u0119dzie dobrze wygl\u0105da\u0107 i si\u0119 czu\u0107 Pani o ka\u017cdej figurze, czyli kolejna propozycja od marki Kalimo, halka Gaya.<\/p>\n<p>Halka ma posta\u0107 poszerzanej sukienki o przed\u0142u\u017canym tyle. Wyko\u0144czenia do\u0142u oraz naramek w postaci kwietnej koronki dodaj\u0105 kobieco\u015bci. Propozycja dla kobiety w ka\u017cdym wieku.<\/p>\n<p><strong>Styl:<\/strong><\/p>\n<p>komfortowy dzi\u0119ki wiskozie<br \/>\ncodzienny, lu\u017any<br \/>\nca\u0142kowita d\u0142ugo\u015b\u0107 halki mierzona z przodu: ok.80cm<br \/>\nca\u0142kowita d\u0142ugo\u015b\u0107 halki mierzona z ty\u0142u: ok.88cm<br \/>\n\u00a0<\/p>\n<p><strong>Materia\u0142:<\/strong><\/p>\n<p>wysokogatunkowa, oddychaj\u0105ca wiskoza, tzw. \u201djedwab drzewny\u201d<br \/>\nodpowiednia mi\u0119kko\u015b\u0107 oraz elastyczno\u015b\u0107<br \/>\nlekko\u015b\u0107, przewiewno\u015b\u0107<br \/>\n\u00a0<\/p>\n<p><strong>Dodatkowe cechy produktu:<\/strong><\/p>\n<p>wyko\u0144czenie naramek oraz do\u0142u z mi\u0119kkiej, wysokogatunkowej koronki<br \/>\nszerokie, wygodne naramki<br \/>\nbielizna pakowana w \u015bliczne, du\u017ce opakowanie (idealne na prezent)<br \/>\nsk\u0142ad materia\u0142u: 95% wiskoza, 5% elastan.<\/p>\n","protected":false},"excerpt":{"rendered":"<p>Urocza halka\/sukienka o kroju, w kt\u00f3rym b\u0119dzie dobrze wygl\u0105da\u0107 i si\u0119 czu\u0107 Pani o ka\u017cdej figurze, czyli kolejna propozycja od marki Kalimo, halka Gaya.<\/p>\n<p>Halka ma posta\u0107 poszerzanej sukienki o przed\u0142u\u017canym tyle. Wyko\u0144czenia do\u0142u oraz naramek w postaci kwietnej koronki dodaj\u0105 kobieco\u015bci. Propozycja dla kobiety w ka\u017cdym wieku.<\/p>\n","protected":false},"featured_media":2423,"comment_status":"open","ping_status":"closed","template":"","meta":[],"product_cat":[15],"product_tag":[],"class_list":{"0":"post-7877","1":"product","2":"type-product","3":"status-publish","4":"has-post-thumbnail","6":"product_cat-halki","8":"first","9":"instock","10":"shipping-taxable","11":"purchasable","12":"product-type-variable","13":"has-default-attributes"},"_links":{"self":[{"href":"https:\/\/kalimo.eu\/index.php?rest_route=\/wp\/v2\/product\/7877","targetHints":{"allow":["GET"]}}],"collection":[{"href":"https:\/\/kalimo.eu\/index.php?rest_route=\/wp\/v2\/product"}],"about":[{"href":"https:\/\/kalimo.eu\/index.php?rest_route=\/wp\/v2\/types\/product"}],"replies":[{"embeddable":true,"href":"https:\/\/kalimo.eu\/index.php?rest_route=%2Fwp%2Fv2%2Fcomments&post=7877"}],"wp:featuredmedia":[{"embeddable":true,"href":"https:\/\/kalimo.eu\/index.php?rest_route=\/wp\/v2\/media\/2423"}],"wp:attachment":[{"href":"https:\/\/kalimo.eu\/index.php?rest_route=%2Fwp%2Fv2%2Fmedia&parent=7877"}],"wp:term":[{"taxonomy":"product_cat","embeddable":true,"href":"https:\/\/kalimo.eu\/index.php?rest_route=%2Fwp%2Fv2%2Fproduct_cat&post=7877"},{"taxonomy":"product_tag","embeddable":true,"href":"https:\/\/kalimo.eu\/index.php?rest_route=%2Fwp%2Fv2%2Fproduct_tag&post=7877"}],"curies":[{"name":"wp","href":"https:\/\/api.w.org\/{rel}","templated":true}]}}