{"id":7934,"date":"2021-11-22T12:08:04","date_gmt":"2021-11-22T11:08:04","guid":{"rendered":"https:\/\/kalimo.eu\/?post_type=product&#038;p=7934"},"modified":"2022-02-22T12:19:59","modified_gmt":"2022-02-22T11:19:59","slug":"komplet-rawa-satynakolory","status":"publish","type":"product","link":"https:\/\/kalimo.eu\/?product=komplet-rawa-satynakolory","title":{"rendered":"KOMPLET RAWA (satyna)+kolory"},"content":{"rendered":"<p>Komplet satynowy Rawa to niew\u0105tpliwie propozycja dla eleganckiej, pewnej siebie kobiety.<\/p>\n<p>Na pierwszy rzut oka przypomina mistrzowski damski garnitur, jednak satyna, z kt\u00f3rej jest wykonany nadaje charakteru wyj\u0105tkowej pi\u017camy. Spodnie o poszerzonym kroju daj\u0105 swobod\u0119 noszenia. Kopertowa bluzka \u0142adnie oraz zalotnie podkre\u015bla tali\u0119. Idealna propozycja na elegancki prezent.<\/p>\n<p><strong>Styl:<\/strong><\/p>\n<p>dopasowany do odpowiednich partii cia\u0142a<br \/>\nzapewniaj\u0105cy wysoki komfort noszenia<br \/>\nzapewniaj\u0105cy elastyczno\u015b\u0107 materia\u0142u w odpowiednich kierunkach<br \/>\nzapewniaj\u0105cy odpowiedni\u0105 prac\u0119 materia\u0142u (efekt lej\u0105cej si\u0119 satyny)<br \/>\nca\u0142kowita d\u0142ugo\u015b\u0107 spodni mierzona od kroku w d\u00f3\u0142: 76cm<br \/>\nd\u0142ugo\u015b\u0107 r\u0119kawa mierzona od pachy w d\u00f3\u0142: 44cm<br \/>\nca\u0142kowita d\u0142ugo\u015b\u0107 bluzki mierzona po szwie bocznym : 37cm.<br \/>\n\u00a0<\/p>\n<p><strong>Materia\u0142:<\/strong><\/p>\n<p>wysokogatunkowa , mi\u0119sista satyna<br \/>\nodpowiednia mi\u0119kko\u015b\u0107 po wewn\u0119trznej stronie<br \/>\nwysoki po\u0142ysk po stronie zewn\u0119trznej<br \/>\nwysokiej jako\u015bci splot<br \/>\n\u00a0<\/p>\n<p><strong>Dodatkowe cechy produktu:<\/strong><\/p>\n<p>bluzka taliowana, dzi\u0119ki pakowi<br \/>\nbielizna pakowana w \u015bliczne, du\u017ce opakowanie (idealne na prezent)<br \/>\nsk\u0142ad materia\u0142u: 97% poliester, 3% elastan. Splot satynowy.<br \/>\n\u00a0<\/p>\n","protected":false},"excerpt":{"rendered":"<p>Komplet satynowy Rawa to niew\u0105tpliwie propozycja dla eleganckiej, pewnej siebie kobiety.<\/p>\n<p>Na pierwszy rzut oka przypomina mistrzowski damski garnitur, jednak satyna, z kt\u00f3rej jest wykonany nadaje charakteru wyj\u0105tkowej pi\u017camy. Spodnie o poszerzonym kroju daj\u0105 swobod\u0119 noszenia. Kopertowa bluzka \u0142adnie oraz zalotnie podkre\u015bla tali\u0119. Idealna propozycja na elegancki prezent.<\/p>\n","protected":false},"featured_media":3033,"comment_status":"open","ping_status":"closed","template":"","meta":[],"product_cat":[17],"product_tag":[],"class_list":{"0":"post-7934","1":"product","2":"type-product","3":"status-publish","4":"has-post-thumbnail","6":"product_cat-komplety","8":"first","9":"instock","10":"shipping-taxable","11":"purchasable","12":"product-type-variable","13":"has-default-attributes"},"_links":{"self":[{"href":"https:\/\/kalimo.eu\/index.php?rest_route=\/wp\/v2\/product\/7934","targetHints":{"allow":["GET"]}}],"collection":[{"href":"https:\/\/kalimo.eu\/index.php?rest_route=\/wp\/v2\/product"}],"about":[{"href":"https:\/\/kalimo.eu\/index.php?rest_route=\/wp\/v2\/types\/product"}],"replies":[{"embeddable":true,"href":"https:\/\/kalimo.eu\/index.php?rest_route=%2Fwp%2Fv2%2Fcomments&post=7934"}],"wp:featuredmedia":[{"embeddable":true,"href":"https:\/\/kalimo.eu\/index.php?rest_route=\/wp\/v2\/media\/3033"}],"wp:attachment":[{"href":"https:\/\/kalimo.eu\/index.php?rest_route=%2Fwp%2Fv2%2Fmedia&parent=7934"}],"wp:term":[{"taxonomy":"product_cat","embeddable":true,"href":"https:\/\/kalimo.eu\/index.php?rest_route=%2Fwp%2Fv2%2Fproduct_cat&post=7934"},{"taxonomy":"product_tag","embeddable":true,"href":"https:\/\/kalimo.eu\/index.php?rest_route=%2Fwp%2Fv2%2Fproduct_tag&post=7934"}],"curies":[{"name":"wp","href":"https:\/\/api.w.org\/{rel}","templated":true}]}}