{"id":8019,"date":"2021-11-22T12:37:47","date_gmt":"2021-11-22T11:37:47","guid":{"rendered":"https:\/\/kalimo.eu\/?post_type=product&#038;p=8019"},"modified":"2022-02-22T12:21:52","modified_gmt":"2022-02-22T11:21:52","slug":"halka-victoria-microfibra","status":"publish","type":"product","link":"https:\/\/kalimo.eu\/?product=halka-victoria-microfibra","title":{"rendered":"HALKA VICTORIA (microfibra)"},"content":{"rendered":"<p>Do\u015b\u0107 prosta, aczkolwiek bardzo luksusowa halka marki Kalimo.<\/p>\n<p>\u015awietnie eksponuje biust oraz mi\u0119kko otula cia\u0142o. Miseczki s\u0105 tu profilowane mikrofibr\u0105 i delikatnie podtrzymywane bia\u0142\u0105 wypustk\u0105 oplataj\u0105c\u0105 od do\u0142u piersi. Ca\u0142o\u015b\u0107 spi\u0119ta od g\u00f3ry w\u0105sk\u0105 lam\u00f3wk\u0105.<\/p>\n<p>W talii przew\u0119\u017cenie dla lepszego dopasowania, dalej nieco szerzej w kierunku bioder. Takie profilowanie podkre\u015bla kobiece kszta\u0142ty, cho\u0107 tutaj najwi\u0119ksz\u0105 rol\u0119 gra sam materia\u0142, z kt\u00f3rego jest wykonana haleczka: mikrofibra \u015bwietnie dopasowuje si\u0119 do kszta\u0142t\u00f3w cia\u0142a, jest elastyczna, a przy ruchach cia\u0142a uk\u0142ada si\u0119 w pi\u0119kne po\u0142yskuj\u0105ce fale, co dodaje jej niezwyk\u0142ego uroku i szczypty luksusu. Haleczka jest niezwykle lekka, otula cia\u0142o niczym mgie\u0142ka, cho\u0107 sama w sobie jest wytrzyma\u0142a i dostosowana zar\u00f3wno do ma\u0142ych jak i du\u017cych biust\u00f3w. Wymaga w tym celu jedynie regulacji na naramkach.<\/p>\n<p>Do tej haleczki polecamy r\u00f3wnie\u017c podomk\u0119 Petit marki Kalimo. Tworz\u0105 razem wspania\u0142y lekki i luksusowy komplet.<\/p>\n<p><strong>Styl:<\/strong><\/p>\n<p>elegancki, seksowny, uwodzicielski<br \/>\nzapewniaj\u0105cy wysok\u0105 swobod\u0119 noszenia<br \/>\nd\u0142ugo\u015b\u0107 halki mierzona od pachy w d\u00f3\u0142: ok. 68cm<br \/>\n\u00a0<\/p>\n<p><strong>Materia\u0142:<\/strong><\/p>\n<p>delikatniejsza od jedwabiu, niezwykle mi\u0119kka microfibra<br \/>\nidealna dla alergik\u00f3w-nie podra\u017cnia<br \/>\nlekko\u015b\u0107, przepuszczalno\u015b\u0107 powietrza<br \/>\nodporno\u015b\u0107 na odkszta\u0142canie oraz pranie<br \/>\n\u00a0<\/p>\n<p><strong>Dodatkowe cechy produktu:<\/strong><\/p>\n<p>kontrastowa wypustka<br \/>\nbielizna pakowana w \u015bliczne, du\u017ce opakowanie (idealne na prezent)<br \/>\nsk\u0142ad microfibry: 87% poliamid, 13% elastan.<\/p>\n","protected":false},"excerpt":{"rendered":"<p>Do\u015b\u0107 prosta, aczkolwiek bardzo luksusowa halka marki Kalimo.<\/p>\n<p>\u015awietnie eksponuje biust oraz mi\u0119kko otula cia\u0142o. Miseczki s\u0105 tu profilowane mikrofibr\u0105 i delikatnie podtrzymywane bia\u0142\u0105 wypustk\u0105 oplataj\u0105c\u0105 od do\u0142u piersi. Ca\u0142o\u015b\u0107 spi\u0119ta od g\u00f3ry w\u0105sk\u0105 lam\u00f3wk\u0105.<\/p>\n<p>W talii przew\u0119\u017cenie dla lepszego dopasowania, dalej nieco szerzej w kierunku bioder. Takie profilowanie podkre\u015bla kobiece kszta\u0142ty, cho\u0107 tutaj najwi\u0119ksz\u0105 rol\u0119 gra sam materia\u0142, z kt\u00f3rego jest wykonana haleczka: mikrofibra \u015bwietnie dopasowuje si\u0119 do kszta\u0142t\u00f3w cia\u0142a, jest elastyczna, a przy ruchach cia\u0142a uk\u0142ada si\u0119 w pi\u0119kne po\u0142yskuj\u0105ce fale, co dodaje jej niezwyk\u0142ego uroku i szczypty luksusu. Haleczka jest niezwykle lekka, otula cia\u0142o niczym mgie\u0142ka, cho\u0107 sama w sobie jest wytrzyma\u0142a i dostosowana zar\u00f3wno do ma\u0142ych jak i du\u017cych biust\u00f3w. Wymaga w tym celu jedynie regulacji na naramkach.<\/p>\n<p>Do tej haleczki polecamy r\u00f3wnie\u017c podomk\u0119 Petit marki Kalimo. Tworz\u0105 razem wspania\u0142y lekki i luksusowy komplet.<\/p>\n","protected":false},"featured_media":3253,"comment_status":"open","ping_status":"closed","template":"","meta":[],"product_cat":[15],"product_tag":[],"class_list":{"0":"post-8019","1":"product","2":"type-product","3":"status-publish","4":"has-post-thumbnail","6":"product_cat-halki","8":"first","9":"instock","10":"shipping-taxable","11":"purchasable","12":"product-type-variable","13":"has-default-attributes"},"_links":{"self":[{"href":"https:\/\/kalimo.eu\/index.php?rest_route=\/wp\/v2\/product\/8019","targetHints":{"allow":["GET"]}}],"collection":[{"href":"https:\/\/kalimo.eu\/index.php?rest_route=\/wp\/v2\/product"}],"about":[{"href":"https:\/\/kalimo.eu\/index.php?rest_route=\/wp\/v2\/types\/product"}],"replies":[{"embeddable":true,"href":"https:\/\/kalimo.eu\/index.php?rest_route=%2Fwp%2Fv2%2Fcomments&post=8019"}],"wp:featuredmedia":[{"embeddable":true,"href":"https:\/\/kalimo.eu\/index.php?rest_route=\/wp\/v2\/media\/3253"}],"wp:attachment":[{"href":"https:\/\/kalimo.eu\/index.php?rest_route=%2Fwp%2Fv2%2Fmedia&parent=8019"}],"wp:term":[{"taxonomy":"product_cat","embeddable":true,"href":"https:\/\/kalimo.eu\/index.php?rest_route=%2Fwp%2Fv2%2Fproduct_cat&post=8019"},{"taxonomy":"product_tag","embeddable":true,"href":"https:\/\/kalimo.eu\/index.php?rest_route=%2Fwp%2Fv2%2Fproduct_tag&post=8019"}],"curies":[{"name":"wp","href":"https:\/\/api.w.org\/{rel}","templated":true}]}}