{"id":8074,"date":"2021-11-23T07:14:40","date_gmt":"2021-11-23T06:14:40","guid":{"rendered":"https:\/\/kalimo.eu\/?post_type=product&#038;p=8074"},"modified":"2022-02-22T12:48:55","modified_gmt":"2022-02-22T11:48:55","slug":"halka-cerf-microfibra","status":"publish","type":"product","link":"https:\/\/kalimo.eu\/?product=halka-cerf-microfibra","title":{"rendered":"HALKA CERF (microfibra)"},"content":{"rendered":"<p>Ma\u0142a czarna do zastosowa\u0144 domowych \ud83d\ude42<\/p>\n<p>Gdyby nie falbanka u do\u0142u to by\u0142aby bardzo kr\u00f3tka. Tak to jest jedynie kr\u00f3tka. Wystarczaj\u0105co kr\u00f3tka \ud83d\ude42 Do tego d\u00f3\u0142 (falbanka) jest cz\u0119\u015bciowo prze\u017aroczysta.<\/p>\n<p>G\u00f3ra natomiast jest dopasowana, w ca\u0142o\u015bci koronkowa, cho\u0107 od \u015brodka podszyta mi\u0142\u0105 mikrofibr\u0105 dla lepszego komfortu w\u0142a\u015bcicieli haleczki. Miseczki na biust profilowane. Delikatne regulowane narameczki. Ty\u0142 w wi\u0119kszo\u015bci z elastycznej, g\u0142adkiej, czarnej mikrofibry.<\/p>\n<p>Idealna kreacja dla os\u00f3b lubi\u0105cych bielizn\u0119 koronkow\u0105.<\/p>\n<p>Do tej haleczki polecamy r\u00f3wnie\u017c podomk\u0119 Lan, wykonan\u0105 z tej samej koronki, marki Kalimo. Tworz\u0105 razem wspania\u0142y, luksusowy komplet.<\/p>\n<p><strong>Styl:<\/strong><\/p>\n<p>elegancki, seksowny, uwodzicielski<br \/>\nzapewniaj\u0105cy wysok\u0105 swobod\u0119 noszenia<br \/>\nd\u0142ugo\u015b\u0107 halki mierzona od pachy w d\u00f3\u0142: ok. 56cm<br \/>\nca\u0142kowita d\u0142ugo\u015b\u0107 halki mierzona z przodu (bez naramek): ok. 67cm<br \/>\n\u00a0<\/p>\n<p><strong>Materia\u0142:<\/strong><\/p>\n<p>delikatniejsza od jedwabiu, niezwykle mi\u0119kka microfibra<br \/>\nelastyczna koronka w kwiatowym motywie<br \/>\nidealna dla alergik\u00f3w-nie podra\u017cnia<br \/>\nlekko\u015b\u0107, przepuszczalno\u015b\u0107 powietrza<br \/>\nodporno\u015b\u0107 na odkszta\u0142canie oraz pranie<br \/>\n\u00a0<\/p>\n<p><strong>Dodatkowe cechy produktu:<\/strong><\/p>\n<p>regulowane naramki<br \/>\nbielizna pakowana w \u015bliczne, du\u017ce opakowanie (idealne na prezent)<br \/>\nsk\u0142ad microfibry: 87% poliamid, 13% elastan.<\/p>\n","protected":false},"excerpt":{"rendered":"<p>Ma\u0142a czarna do zastosowa\u0144 domowych \ud83d\ude42<\/p>\n<p>Gdyby nie falbanka u do\u0142u to by\u0142aby bardzo kr\u00f3tka. Tak to jest jedynie kr\u00f3tka. Wystarczaj\u0105co kr\u00f3tka \ud83d\ude42 Do tego d\u00f3\u0142 (falbanka) jest cz\u0119\u015bciowo prze\u017aroczysta.<\/p>\n<p>G\u00f3ra natomiast jest dopasowana, w ca\u0142o\u015bci koronkowa, cho\u0107 od \u015brodka podszyta mi\u0142\u0105 mikrofibr\u0105 dla lepszego komfortu w\u0142a\u015bcicieli haleczki. Miseczki na biust profilowane. Delikatne regulowane narameczki. Ty\u0142 w wi\u0119kszo\u015bci z elastycznej, g\u0142adkiej, czarnej mikrofibry.<\/p>\n<p>Idealna kreacja dla os\u00f3b lubi\u0105cych bielizn\u0119 koronkow\u0105.<\/p>\n<p>Do tej haleczki polecamy r\u00f3wnie\u017c podomk\u0119 Lan, wykonan\u0105 z tej samej koronki, marki Kalimo. Tworz\u0105 razem wspania\u0142y, luksusowy komplet.<\/p>\n","protected":false},"featured_media":2255,"comment_status":"open","ping_status":"closed","template":"","meta":[],"product_cat":[15],"product_tag":[],"class_list":{"0":"post-8074","1":"product","2":"type-product","3":"status-publish","4":"has-post-thumbnail","6":"product_cat-halki","8":"first","9":"instock","10":"shipping-taxable","11":"purchasable","12":"product-type-variable","13":"has-default-attributes"},"_links":{"self":[{"href":"https:\/\/kalimo.eu\/index.php?rest_route=\/wp\/v2\/product\/8074","targetHints":{"allow":["GET"]}}],"collection":[{"href":"https:\/\/kalimo.eu\/index.php?rest_route=\/wp\/v2\/product"}],"about":[{"href":"https:\/\/kalimo.eu\/index.php?rest_route=\/wp\/v2\/types\/product"}],"replies":[{"embeddable":true,"href":"https:\/\/kalimo.eu\/index.php?rest_route=%2Fwp%2Fv2%2Fcomments&post=8074"}],"wp:featuredmedia":[{"embeddable":true,"href":"https:\/\/kalimo.eu\/index.php?rest_route=\/wp\/v2\/media\/2255"}],"wp:attachment":[{"href":"https:\/\/kalimo.eu\/index.php?rest_route=%2Fwp%2Fv2%2Fmedia&parent=8074"}],"wp:term":[{"taxonomy":"product_cat","embeddable":true,"href":"https:\/\/kalimo.eu\/index.php?rest_route=%2Fwp%2Fv2%2Fproduct_cat&post=8074"},{"taxonomy":"product_tag","embeddable":true,"href":"https:\/\/kalimo.eu\/index.php?rest_route=%2Fwp%2Fv2%2Fproduct_tag&post=8074"}],"curies":[{"name":"wp","href":"https:\/\/api.w.org\/{rel}","templated":true}]}}