{"id":8091,"date":"2021-11-23T07:23:27","date_gmt":"2021-11-23T06:23:27","guid":{"rendered":"https:\/\/kalimo.eu\/?post_type=product&#038;p=8091"},"modified":"2022-02-21T12:26:32","modified_gmt":"2022-02-21T11:26:32","slug":"komplet-pierre-wiskozakolory","status":"publish","type":"product","link":"https:\/\/kalimo.eu\/?product=komplet-pierre-wiskozakolory","title":{"rendered":"KOMPLET PIERRE (wiskoza)+kolory"},"content":{"rendered":"<p>Komplet Pierre to wygodny komplecik w po\u0142udniowym stylu. Wygodna, lu\u017ana koszulka i kr\u00f3tkie, mi\u0119kkie szorciki. G\u00f3ra bluzeczki oraz d\u00f3\u0142 spodenek wyko\u0144czony kontrastuj\u0105c\u0105 lam\u00f3wk\u0105. Brak r\u0119kawk\u00f3w, zamiast tego dwie warstwy marszczonej koronki daj\u0105cej bufiasty efekt. Czy wiesz, \u017ce poszerzaj\u0105c optycznie ramiona, sprawiasz wra\u017cenie w\u0119\u017cszej w talii? Zobacz jak to dzia\u0142a!<\/p>\n<p>Pami\u0119taj te\u017c o swojej wygodzie. Materia\u0142, z kt\u00f3rego wykonany jest komplecik to w 95% mi\u0119kka i przyjemnie otulaj\u0105ca cia\u0142o wiskoza. Jeden z najlepszych materia\u0142\u00f3w na wygodne pid\u017camki. Je\u017celi cenisz sw\u00f3j komfort i chcesz wygl\u0105da\u0107 \u015bwietnie r\u00f3wnie\u017c w domowym zaciszu to polecamy Tobie ten komplecik zar\u00f3wno jako samodzieln\u0105 kreacj\u0119 jak r\u00f3wnie\u017c w parze z pasuj\u0105cymi podomkami marki Kalimo, np. podomk\u0105 Alegranza lub podomk\u0105 Chios.<\/p>\n<p><strong>Styl:<\/strong><\/p>\n<p>komfortowy, dopasowany do odpowiednich partii cia\u0142a<br \/>\ncodzienny, dziewcz\u0119cy<br \/>\nd\u0142ugo\u015b\u0107 koszulki mierzona po szwie bocznym: ok.42cm<br \/>\nd\u0142ugo\u015b\u0107 spodni mierzona po szwie zewn\u0119trznym: ok. 22cm<br \/>\n\u00a0<\/p>\n<p><strong>Materia\u0142:<\/strong><\/p>\n<p>wysokogatunkowa, oddychaj\u0105ca wiskoza, tzw. \u201djedwab drzewny\u201d<br \/>\nkoronka w kwiatowym motywie<br \/>\nlekko\u015b\u0107, przewiewno\u015b\u0107<br \/>\n\u00a0<\/p>\n<p><strong>Dodatkowe cechy produktu:<\/strong><\/p>\n<p>bielizna pakowana w \u015bliczne, du\u017ce opakowanie (idealne na prezent)<br \/>\nsk\u0142ad materia\u0142u: 95% wiskoza, 5% elastan.<\/p>\n","protected":false},"excerpt":{"rendered":"<p>Komplet Pierre to wygodny komplecik w po\u0142udniowym stylu. Wygodna, lu\u017ana koszulka i kr\u00f3tkie, mi\u0119kkie szorciki. G\u00f3ra bluzeczki oraz d\u00f3\u0142 spodenek wyko\u0144czony kontrastuj\u0105c\u0105 lam\u00f3wk\u0105. Brak r\u0119kawk\u00f3w, zamiast tego dwie warstwy marszczonej koronki daj\u0105cej bufiasty efekt. Czy wiesz, \u017ce poszerzaj\u0105c optycznie ramiona, sprawiasz wra\u017cenie w\u0119\u017cszej w talii? Zobacz jak to dzia\u0142a!<\/p>\n<p>Pami\u0119taj te\u017c o swojej wygodzie. Materia\u0142, z kt\u00f3rego wykonany jest komplecik to w 95% mi\u0119kka i przyjemnie otulaj\u0105ca cia\u0142o wiskoza. Jeden z najlepszych materia\u0142\u00f3w na wygodne pid\u017camki. Je\u017celi cenisz sw\u00f3j komfort i chcesz wygl\u0105da\u0107 \u015bwietnie r\u00f3wnie\u017c w domowym zaciszu to polecamy Tobie ten komplecik zar\u00f3wno jako samodzieln\u0105 kreacj\u0119 jak r\u00f3wnie\u017c w parze z pasuj\u0105cymi podomkami marki Kalimo, np. podomk\u0105 Alegranza lub podomk\u0105 Chios.<\/p>\n","protected":false},"featured_media":2999,"comment_status":"open","ping_status":"closed","template":"","meta":[],"product_cat":[17],"product_tag":[],"class_list":{"0":"post-8091","1":"product","2":"type-product","3":"status-publish","4":"has-post-thumbnail","6":"product_cat-komplety","8":"first","9":"instock","10":"shipping-taxable","11":"purchasable","12":"product-type-variable","13":"has-default-attributes"},"_links":{"self":[{"href":"https:\/\/kalimo.eu\/index.php?rest_route=\/wp\/v2\/product\/8091","targetHints":{"allow":["GET"]}}],"collection":[{"href":"https:\/\/kalimo.eu\/index.php?rest_route=\/wp\/v2\/product"}],"about":[{"href":"https:\/\/kalimo.eu\/index.php?rest_route=\/wp\/v2\/types\/product"}],"replies":[{"embeddable":true,"href":"https:\/\/kalimo.eu\/index.php?rest_route=%2Fwp%2Fv2%2Fcomments&post=8091"}],"wp:featuredmedia":[{"embeddable":true,"href":"https:\/\/kalimo.eu\/index.php?rest_route=\/wp\/v2\/media\/2999"}],"wp:attachment":[{"href":"https:\/\/kalimo.eu\/index.php?rest_route=%2Fwp%2Fv2%2Fmedia&parent=8091"}],"wp:term":[{"taxonomy":"product_cat","embeddable":true,"href":"https:\/\/kalimo.eu\/index.php?rest_route=%2Fwp%2Fv2%2Fproduct_cat&post=8091"},{"taxonomy":"product_tag","embeddable":true,"href":"https:\/\/kalimo.eu\/index.php?rest_route=%2Fwp%2Fv2%2Fproduct_tag&post=8091"}],"curies":[{"name":"wp","href":"https:\/\/api.w.org\/{rel}","templated":true}]}}