{"id":8153,"date":"2021-11-23T07:38:30","date_gmt":"2021-11-23T06:38:30","guid":{"rendered":"https:\/\/kalimo.eu\/?post_type=product&#038;p=8153"},"modified":"2022-02-22T13:00:02","modified_gmt":"2022-02-22T12:00:02","slug":"komplet-pagode-wiskozakolory","status":"publish","type":"product","link":"https:\/\/kalimo.eu\/?product=komplet-pagode-wiskozakolory","title":{"rendered":"KOMPLET PAGODE (wiskoza)+kolory"},"content":{"rendered":"<p>Wiskozowy komplecik na wiele okazji.<\/p>\n<p>Wiskoza to bardzo przyjemny w dotyku materia\u0142, wi\u0119c poczujesz si\u0119 w tym komplecie z pewno\u015bci\u0105 komfortowo. Elegancji natomiast dodadz\u0105 koronkowe zdobienia zar\u00f3wno wok\u00f3\u0142 szyi jak i na ko\u0144cu r\u0119kawk\u00f3w o d\u0142ugo\u015bci \u00be. Dekolt szeroki u g\u00f3ry, przechodz\u0105cy w V-neck u do\u0142u. Reszta kompletu g\u0142adka, aby\u015b mog\u0142a poczu\u0107 otulaj\u0105ce w\u0142a\u015bciwo\u015bci wiskozy.<\/p>\n<p>Komplecik jest do\u015b\u0107 ciep\u0142y, ale je\u017celi nale\u017cysz do tych, kt\u00f3rzy wiecznie chc\u0105 wi\u0119cej ciep\u0142a to polecamy do kompletu pasuj\u0105cy szlafrok Alegranza lub Chios r\u00f3wnie\u017c marki Kalimo.<\/p>\n<p><strong>Styl:<\/strong><\/p>\n<p>komfortowy, dopasowany do odpowiednich partii cia\u0142a<br \/>\ncodzienny, dziewcz\u0119cy<br \/>\nd\u0142ugo\u015b\u0107 koszulki mierzona po szwie bocznym: ok.42cm<br \/>\nd\u0142ugo\u015b\u0107 spodni mierzona po szwie zewn\u0119trznym: ok. 21cm<br \/>\n\u00a0<\/p>\n<p><strong>Materia\u0142:<\/strong><\/p>\n<p>wysokogatunkowa, oddychaj\u0105ca wiskoza, tzw. \u201djedwab drzewny\u201d<br \/>\nkoronka w kwiatowym motywie\u0107<br \/>\nlekko\u015b\u0107, przewiewno\u015b\u0107<br \/>\n\u00a0<\/p>\n<p><strong>Dodatkowe cechy produktu:<\/strong><\/p>\n<p>bielizna pakowana w \u015bliczne, du\u017ce opakowanie (idealne na prezent)<br \/>\nsk\u0142ad materia\u0142u: 95% wiskoza, 5% elastan.<\/p>\n","protected":false},"excerpt":{"rendered":"<p>Wiskozowy komplecik na wiele okazji.<\/p>\n<p>Wiskoza to bardzo przyjemny w dotyku materia\u0142, wi\u0119c poczujesz si\u0119 w tym komplecie z pewno\u015bci\u0105 komfortowo. Elegancji natomiast dodadz\u0105 koronkowe zdobienia zar\u00f3wno wok\u00f3\u0142 szyi jak i na ko\u0144cu r\u0119kawk\u00f3w o d\u0142ugo\u015bci \u00be. Dekolt szeroki u g\u00f3ry, przechodz\u0105cy w V-neck u do\u0142u. Reszta kompletu g\u0142adka, aby\u015b mog\u0142a poczu\u0107 otulaj\u0105ce w\u0142a\u015bciwo\u015bci wiskozy.<\/p>\n<p>Komplecik jest do\u015b\u0107 ciep\u0142y, ale je\u017celi nale\u017cysz do tych, kt\u00f3rzy wiecznie chc\u0105 wi\u0119cej ciep\u0142a to polecamy do kompletu pasuj\u0105cy szlafrok Alegranza lub Chios r\u00f3wnie\u017c marki Kalimo.<\/p>\n","protected":false},"featured_media":2859,"comment_status":"open","ping_status":"closed","template":"","meta":[],"product_cat":[17],"product_tag":[],"class_list":{"0":"post-8153","1":"product","2":"type-product","3":"status-publish","4":"has-post-thumbnail","6":"product_cat-komplety","8":"first","9":"instock","10":"shipping-taxable","11":"purchasable","12":"product-type-variable","13":"has-default-attributes"},"_links":{"self":[{"href":"https:\/\/kalimo.eu\/index.php?rest_route=\/wp\/v2\/product\/8153","targetHints":{"allow":["GET"]}}],"collection":[{"href":"https:\/\/kalimo.eu\/index.php?rest_route=\/wp\/v2\/product"}],"about":[{"href":"https:\/\/kalimo.eu\/index.php?rest_route=\/wp\/v2\/types\/product"}],"replies":[{"embeddable":true,"href":"https:\/\/kalimo.eu\/index.php?rest_route=%2Fwp%2Fv2%2Fcomments&post=8153"}],"wp:featuredmedia":[{"embeddable":true,"href":"https:\/\/kalimo.eu\/index.php?rest_route=\/wp\/v2\/media\/2859"}],"wp:attachment":[{"href":"https:\/\/kalimo.eu\/index.php?rest_route=%2Fwp%2Fv2%2Fmedia&parent=8153"}],"wp:term":[{"taxonomy":"product_cat","embeddable":true,"href":"https:\/\/kalimo.eu\/index.php?rest_route=%2Fwp%2Fv2%2Fproduct_cat&post=8153"},{"taxonomy":"product_tag","embeddable":true,"href":"https:\/\/kalimo.eu\/index.php?rest_route=%2Fwp%2Fv2%2Fproduct_tag&post=8153"}],"curies":[{"name":"wp","href":"https:\/\/api.w.org\/{rel}","templated":true}]}}