{"id":8215,"date":"2021-11-23T07:47:28","date_gmt":"2021-11-23T06:47:28","guid":{"rendered":"https:\/\/kalimo.eu\/?post_type=product&#038;p=8215"},"modified":"2022-02-21T12:27:51","modified_gmt":"2022-02-21T11:27:51","slug":"komplet-remire-satynakolory","status":"publish","type":"product","link":"https:\/\/kalimo.eu\/?product=komplet-remire-satynakolory","title":{"rendered":"KOMPLET REMIRE (satyna)+kolory"},"content":{"rendered":"<p>Remire to propozycja satynowego kompleciku z kr\u00f3tsz\u0105 koszuleczk\u0105. Komplecik dobry zar\u00f3wno na ma\u0142e jak i wi\u0119ksze biusty z uwagi na specjaln\u0105 konstrukcj\u0119 g\u00f3ry koszulki oraz regulowane narameczki. G\u00f3ra biustu jest zwie\u0144czona koronk\u0105, kt\u00f3ra przechodzi w \u015brodkowy prze\u017aroczysty pas na \u015brodku koszulki, subtelnie dodaj\u0105c koszulce smaku. Z pewno\u015bci\u0105 ten komplecik nadaj\u0119 si\u0119 na ciep\u0142e letnie noce lub r\u00f3wnie gor\u0105ce wieczory.<\/p>\n<p>Uzupe\u0142nieniem tego kompletu mo\u017ce by\u0107 d\u0142u\u017csza podomka satynowa Bohol.<\/p>\n<p><strong>Styl:<\/strong><\/p>\n<p>dopasowany do odpowiednich partii cia\u0142a<br \/>\nzapewniaj\u0105cy wysoki komfort noszenia<br \/>\nzapewniaj\u0105cy elastyczno\u015b\u0107 materia\u0142u w odpowiednich kierunkach<br \/>\nzapewniaj\u0105cy odpowiedni\u0105 prac\u0119 materia\u0142u (efekt lej\u0105cej si\u0119 satyny)<br \/>\nd\u0142ugo\u015b\u0107 koszulki mierzona po szwie bocznym (bez naramek): ok.34cm<br \/>\nd\u0142ugo\u015b\u0107 szort\u00f3w mierzona po szwie zewn\u0119trznym: ok.22cm<br \/>\n\u00a0<\/p>\n<p><strong>Materia\u0142:<\/strong><\/p>\n<p>wysokogatunkowa , mi\u0119sista satyna<br \/>\nodpowiednia mi\u0119kko\u015b\u0107 po wewn\u0119trznej stronie<br \/>\nwysoki po\u0142ysk po stronie zewn\u0119trznej<br \/>\nwysokiej jako\u015bci splot<br \/>\n\u00a0<\/p>\n<p><strong>Dodatkowe cechy produktu:<\/strong><\/p>\n<p>wyko\u0144czenie szort\u00f3w oraz bluzki pi\u0119kn\u0105 koronk\u0105<br \/>\nbielizna pakowana w \u015bliczne, du\u017ce opakowanie (idealne na prezent)<br \/>\nsk\u0142ad materia\u0142u: 97% poliester, 3% elastan. Splot satynowy.<\/p>\n","protected":false},"excerpt":{"rendered":"<p>Remire to propozycja satynowego kompleciku z kr\u00f3tsz\u0105 koszuleczk\u0105. Komplecik dobry zar\u00f3wno na ma\u0142e jak i wi\u0119ksze biusty z uwagi na specjaln\u0105 konstrukcj\u0119 g\u00f3ry koszulki oraz regulowane narameczki. G\u00f3ra biustu jest zwie\u0144czona koronk\u0105, kt\u00f3ra przechodzi w \u015brodkowy prze\u017aroczysty pas na \u015brodku koszulki, subtelnie dodaj\u0105c koszulce smaku. Z pewno\u015bci\u0105 ten komplecik nadaj\u0119 si\u0119 na ciep\u0142e letnie noce lub r\u00f3wnie gor\u0105ce wieczory.<\/p>\n<p>Uzupe\u0142nieniem tego kompletu mo\u017ce by\u0107 d\u0142u\u017csza podomka satynowa Bohol.<\/p>\n","protected":false},"featured_media":3057,"comment_status":"open","ping_status":"closed","template":"","meta":[],"product_cat":[17],"product_tag":[],"class_list":{"0":"post-8215","1":"product","2":"type-product","3":"status-publish","4":"has-post-thumbnail","6":"product_cat-komplety","8":"first","9":"instock","10":"shipping-taxable","11":"purchasable","12":"product-type-variable","13":"has-default-attributes"},"_links":{"self":[{"href":"https:\/\/kalimo.eu\/index.php?rest_route=\/wp\/v2\/product\/8215","targetHints":{"allow":["GET"]}}],"collection":[{"href":"https:\/\/kalimo.eu\/index.php?rest_route=\/wp\/v2\/product"}],"about":[{"href":"https:\/\/kalimo.eu\/index.php?rest_route=\/wp\/v2\/types\/product"}],"replies":[{"embeddable":true,"href":"https:\/\/kalimo.eu\/index.php?rest_route=%2Fwp%2Fv2%2Fcomments&post=8215"}],"wp:featuredmedia":[{"embeddable":true,"href":"https:\/\/kalimo.eu\/index.php?rest_route=\/wp\/v2\/media\/3057"}],"wp:attachment":[{"href":"https:\/\/kalimo.eu\/index.php?rest_route=%2Fwp%2Fv2%2Fmedia&parent=8215"}],"wp:term":[{"taxonomy":"product_cat","embeddable":true,"href":"https:\/\/kalimo.eu\/index.php?rest_route=%2Fwp%2Fv2%2Fproduct_cat&post=8215"},{"taxonomy":"product_tag","embeddable":true,"href":"https:\/\/kalimo.eu\/index.php?rest_route=%2Fwp%2Fv2%2Fproduct_tag&post=8215"}],"curies":[{"name":"wp","href":"https:\/\/api.w.org\/{rel}","templated":true}]}}