{"id":8277,"date":"2021-11-23T07:56:46","date_gmt":"2021-11-23T06:56:46","guid":{"rendered":"https:\/\/kalimo.eu\/?post_type=product&#038;p=8277"},"modified":"2022-02-22T12:50:39","modified_gmt":"2022-02-22T11:50:39","slug":"podomka-mahe-satynakolory","status":"publish","type":"product","link":"https:\/\/kalimo.eu\/?product=podomka-mahe-satynakolory","title":{"rendered":"PODOMKA MAHE (satyna)+kolory"},"content":{"rendered":"<p>Podomka, kt\u00f3rej cech\u0105 charakterystyczn\u0105 s\u0105 niesamowicie szerokie r\u0119kawki. Stworzona by da\u0107 Ci poczucie zwiewno\u015bci nie opuszczaj\u0105c prog\u00f3w sypialni czy salonu.<\/p>\n<p>Idealne uzupe\u0142nienie innych halek i komplet\u00f3w marki Kalimo, aczkolwiek z powodzeniem mo\u017ce te\u017c by\u0107 noszona bez nich. W komplecie pasek, kt\u00f3ry pozwala dopasowa\u0107 podomk\u0119 w zale\u017cno\u015bci od upodoba\u0144: mo\u017cesz zrobi\u0107 z niej zwiewn\u0105 kreacj\u0119, lub przepasaj\u0105c j\u0105 w talii podkre\u015bli\u0107 kobiec\u0105 figur\u0119, niczym w dopasowanej sukni.<\/p>\n<p>Podomka satynowa z pewno\u015bci\u0105 dodaje gracji, a zarazem przydaje si\u0119 w ch\u0142odniejsze wieczory i poranki.<\/p>\n<p><strong>Styl:<\/strong><\/p>\n<p>dopasowany do odpowiednich partii cia\u0142a<br \/>\nzapewniaj\u0105cy wysoki komfort noszenia<br \/>\nzapewniaj\u0105cy elastyczno\u015b\u0107 materia\u0142u w odpowiednich kierunkach<br \/>\nzapewniaj\u0105cy odpowiedni\u0105 prac\u0119 materia\u0142u (efekt lej\u0105cej si\u0119 satyny)<br \/>\nsatynowy pasek podkre\u015blaj\u0105cy tali\u0119<br \/>\nca\u0142kowita d\u0142ugo\u015b\u0107 mierzona po szwie bocznym: 60cm.<br \/>\nca\u0142kowita d\u0142ugo\u015b\u0107 r\u0119kawa mierzona od pachy w d\u00f3\u0142: 56cm.<br \/>\n\u00a0<\/p>\n<p><strong>Materia\u0142:<\/strong><\/p>\n<p>wysokogatunkowa , mi\u0119sista satyna<br \/>\ndelikatna, szeroka koronka<br \/>\nwysoki po\u0142ysk po stronie zewn\u0119trznej<br \/>\nwysokiej jako\u015bci splot<br \/>\n\u00a0<\/p>\n<p><strong>Dodatkowe cechy produktu:<\/strong><\/p>\n<p>satynowy pasek<br \/>\nszerokie r\u0119kawy zako\u0144czone pi\u0119kn\u0105 koronk\u0105<br \/>\nbielizna pakowana w \u015bliczne, du\u017ce opakowanie (idealne na prezent)<br \/>\nsk\u0142ad materia\u0142u: 97% poliester, 3% elastan. Splot satynowy.<\/p>\n","protected":false},"excerpt":{"rendered":"<p>Podomka, kt\u00f3rej cech\u0105 charakterystyczn\u0105 s\u0105 niesamowicie szerokie r\u0119kawki. Stworzona by da\u0107 Ci poczucie zwiewno\u015bci nie opuszczaj\u0105c prog\u00f3w sypialni czy salonu.<\/p>\n<p>Idealne uzupe\u0142nienie innych halek i komplet\u00f3w marki Kalimo, aczkolwiek z powodzeniem mo\u017ce te\u017c by\u0107 noszona bez nich. W komplecie pasek, kt\u00f3ry pozwala dopasowa\u0107 podomk\u0119 w zale\u017cno\u015bci od upodoba\u0144: mo\u017cesz zrobi\u0107 z niej zwiewn\u0105 kreacj\u0119, lub przepasaj\u0105c j\u0105 w talii podkre\u015bli\u0107 kobiec\u0105 figur\u0119, niczym w dopasowanej sukni.<\/p>\n<p>Podomka satynowa z pewno\u015bci\u0105 dodaje gracji, a zarazem przydaje si\u0119 w ch\u0142odniejsze wieczory i poranki.<\/p>\n","protected":false},"featured_media":2665,"comment_status":"open","ping_status":"closed","template":"","meta":[],"product_cat":[18],"product_tag":[],"class_list":{"0":"post-8277","1":"product","2":"type-product","3":"status-publish","4":"has-post-thumbnail","6":"product_cat-podomki","8":"first","9":"instock","10":"shipping-taxable","11":"purchasable","12":"product-type-variable","13":"has-default-attributes"},"_links":{"self":[{"href":"https:\/\/kalimo.eu\/index.php?rest_route=\/wp\/v2\/product\/8277","targetHints":{"allow":["GET"]}}],"collection":[{"href":"https:\/\/kalimo.eu\/index.php?rest_route=\/wp\/v2\/product"}],"about":[{"href":"https:\/\/kalimo.eu\/index.php?rest_route=\/wp\/v2\/types\/product"}],"replies":[{"embeddable":true,"href":"https:\/\/kalimo.eu\/index.php?rest_route=%2Fwp%2Fv2%2Fcomments&post=8277"}],"wp:featuredmedia":[{"embeddable":true,"href":"https:\/\/kalimo.eu\/index.php?rest_route=\/wp\/v2\/media\/2665"}],"wp:attachment":[{"href":"https:\/\/kalimo.eu\/index.php?rest_route=%2Fwp%2Fv2%2Fmedia&parent=8277"}],"wp:term":[{"taxonomy":"product_cat","embeddable":true,"href":"https:\/\/kalimo.eu\/index.php?rest_route=%2Fwp%2Fv2%2Fproduct_cat&post=8277"},{"taxonomy":"product_tag","embeddable":true,"href":"https:\/\/kalimo.eu\/index.php?rest_route=%2Fwp%2Fv2%2Fproduct_tag&post=8277"}],"curies":[{"name":"wp","href":"https:\/\/api.w.org\/{rel}","templated":true}]}}