{"id":8498,"date":"2021-11-23T09:07:16","date_gmt":"2021-11-23T08:07:16","guid":{"rendered":"https:\/\/kalimo.eu\/?post_type=product&#038;p=8498"},"modified":"2022-05-23T06:53:21","modified_gmt":"2022-05-23T04:53:21","slug":"halka-carmen-satyna-druk","status":"publish","type":"product","link":"https:\/\/kalimo.eu\/?product=halka-carmen-satyna-druk","title":{"rendered":"HALKA CARMEN (satyna druk)"},"content":{"rendered":"<p>Haleczka wykonana z lej\u0105cej satyny w drukowane wzory &#8211; idealna na ciep\u0142e letnie dni. Delikatnie op\u0142ywa kobiec\u0105 figur\u0119 zapewniaj\u0105c maksymalny komfort i swobod\u0119. Zakrywa cia\u0142o jedynie do wysoko\u015bci ud, a g\u0142\u0119boko\u015b\u0107 dekoltu regulowana jest d\u0142ugo\u015bci\u0105 rami\u0105czek. Mo\u017cesz podci\u0105gn\u0105\u0107 rami\u0105czka by trzyma\u0107 halk\u0119 blisko Twojego cia\u0142a lub wyd\u0142u\u017cy\u0107 je by ods\u0142oni\u0107 spor\u0105 cz\u0119\u015b\u0107 dekoltu i kusi\u0107 opadaj\u0105c\u0105 naramk\u0105&#8230;<\/p>\n<p>Je\u017celi chcesz dodatkowo oczarowa\u0107 swojego partnera \u2013 spraw aby ujrza\u0142 Ci\u0119 w wieczornym \u015bwietle, w\u00f3wczas halka podkre\u015bli Twoje kszta\u0142ty tysi\u0105cem po\u0142yskuj\u0105cych odcieni (efekt wysokiej jako\u015bci satyny stosowanej w produktach marki KALIMO).<\/p>\n<p>Polecamy t\u0105 halk\u0119 zar\u00f3wno jako przyjemn\u0105 bielizn\u0119 do relaksuj\u0105cego snu jak i kluczowy element sk\u0142adowy niejednego nami\u0119tnego wieczoru&#8230;<\/p>\n<p>Haleczka pakowana jest w przepi\u0119kne, dwucz\u0119\u015bciowe opakowanie, wi\u0119c je\u015bli szukasz czego\u015b na prezent dla swojej drugiej po\u0142\u00f3wki to koniecznie zobacz propozycje bielizny marki KALIMO.<\/p>\n<p><strong>Styl:<\/strong><\/p>\n<p>dopasowany do odpowiednich partii cia\u0142a<br \/>\nzapewniaj\u0105cy wysoki komfort noszenia<br \/>\nzapewniaj\u0105cy elastyczno\u015b\u0107 materia\u0142u w odpowiednich kierunkach<br \/>\nzapewniaj\u0105cy odpowiedni\u0105 prac\u0119 materia\u0142u (efekt lej\u0105cej si\u0119 satyny)<br \/>\nregulowane rami\u0105czka umo\u017cliwiaj\u0105ce dopasowanie g\u0142\u0119boko\u015bci dekoltu<br \/>\nca\u0142kowita d\u0142ugo\u015b\u0107 mierzona po szwie bocznym: 57cm.<\/p>\n<p><strong>Materia\u0142:<\/strong><\/p>\n<p>\u00a0wysokogatunkowa satyna<br \/>\nodpowiednia mi\u0119kko\u015b\u0107 po wewn\u0119trznej stronie<br \/>\nwysoki po\u0142ysk po stronie zewn\u0119trznej<br \/>\nwysokiej jako\u015bci splot<br \/>\n\u00a0<\/p>\n<p><strong>Dodatkowe cechy produktu:<\/strong><\/p>\n<p>regulowane naramki w kolorze halki<br \/>\nwyko\u0144czenie cieniutk\u0105 lam\u00f3wk\u0105<br \/>\nbielizna pakowana w \u015bliczne, du\u017ce opakowanie (idealne na prezent)<br \/>\nsk\u0142ad materia\u0142u: 97% poliester, 3% elastan. Splot satynowy.<\/p>\n","protected":false},"excerpt":{"rendered":"<p>Haleczka wykonana z lej\u0105cej satyny w drukowane wzory &#8211; idealna na ciep\u0142e letnie dni. Delikatnie op\u0142ywa kobiec\u0105 figur\u0119 zapewniaj\u0105c maksymalny komfort i swobod\u0119. Zakrywa cia\u0142o jedynie do wysoko\u015bci ud, a g\u0142\u0119boko\u015b\u0107 dekoltu regulowana jest d\u0142ugo\u015bci\u0105 rami\u0105czek. Mo\u017cesz podci\u0105gn\u0105\u0107 rami\u0105czka by trzyma\u0107 halk\u0119 blisko Twojego cia\u0142a lub wyd\u0142u\u017cy\u0107 je by ods\u0142oni\u0107 spor\u0105 cz\u0119\u015b\u0107 dekoltu i kusi\u0107 opadaj\u0105c\u0105 naramk\u0105&#8230;<\/p>\n<p>Je\u017celi chcesz dodatkowo oczarowa\u0107 swojego partnera \u2013 spraw aby ujrza\u0142 Ci\u0119 w wieczornym \u015bwietle, w\u00f3wczas halka podkre\u015bli Twoje kszta\u0142ty tysi\u0105cem po\u0142yskuj\u0105cych odcieni (efekt wysokiej jako\u015bci satyny stosowanej w produktach marki KALIMO).<\/p>\n<p>Polecamy t\u0105 halk\u0119 zar\u00f3wno jako przyjemn\u0105 bielizn\u0119 do relaksuj\u0105cego snu jak i kluczowy element sk\u0142adowy niejednego nami\u0119tnego wieczoru&#8230;<\/p>\n<p>Haleczka pakowana jest w przepi\u0119kne, dwucz\u0119\u015bciowe opakowanie, wi\u0119c je\u015bli szukasz czego\u015b na prezent dla swojej drugiej po\u0142\u00f3wki to koniecznie zobacz propozycje bielizny marki KALIMO.<\/p>\n","protected":false},"featured_media":2215,"comment_status":"open","ping_status":"closed","template":"","meta":[],"product_cat":[15],"product_tag":[],"class_list":{"0":"post-8498","1":"product","2":"type-product","3":"status-publish","4":"has-post-thumbnail","6":"product_cat-halki","8":"first","9":"outofstock","10":"shipping-taxable","11":"purchasable","12":"product-type-variable","13":"has-default-attributes"},"_links":{"self":[{"href":"https:\/\/kalimo.eu\/index.php?rest_route=\/wp\/v2\/product\/8498","targetHints":{"allow":["GET"]}}],"collection":[{"href":"https:\/\/kalimo.eu\/index.php?rest_route=\/wp\/v2\/product"}],"about":[{"href":"https:\/\/kalimo.eu\/index.php?rest_route=\/wp\/v2\/types\/product"}],"replies":[{"embeddable":true,"href":"https:\/\/kalimo.eu\/index.php?rest_route=%2Fwp%2Fv2%2Fcomments&post=8498"}],"wp:featuredmedia":[{"embeddable":true,"href":"https:\/\/kalimo.eu\/index.php?rest_route=\/wp\/v2\/media\/2215"}],"wp:attachment":[{"href":"https:\/\/kalimo.eu\/index.php?rest_route=%2Fwp%2Fv2%2Fmedia&parent=8498"}],"wp:term":[{"taxonomy":"product_cat","embeddable":true,"href":"https:\/\/kalimo.eu\/index.php?rest_route=%2Fwp%2Fv2%2Fproduct_cat&post=8498"},{"taxonomy":"product_tag","embeddable":true,"href":"https:\/\/kalimo.eu\/index.php?rest_route=%2Fwp%2Fv2%2Fproduct_tag&post=8498"}],"curies":[{"name":"wp","href":"https:\/\/api.w.org\/{rel}","templated":true}]}}