{"id":8550,"date":"2021-11-23T09:36:26","date_gmt":"2021-11-23T08:36:26","guid":{"rendered":"https:\/\/kalimo.eu\/?post_type=product&#038;p=8550"},"modified":"2022-05-23T06:55:28","modified_gmt":"2022-05-23T04:55:28","slug":"halka-tulum-satyna-druk","status":"publish","type":"product","link":"https:\/\/kalimo.eu\/?product=halka-tulum-satyna-druk","title":{"rendered":"HALKA TULUM (satyna druk)"},"content":{"rendered":"<p>Styl m\u0119skiej koszuli w kobiecym wydaniu &#8211; tak mo\u017cna jednym zdaniem okre\u015bli\u0107 halk\u0119 Tulum.<\/p>\n<p>Wykonana z delikatnej, lej\u0105cej, drukowanej satyny o kroju m\u0119skiej koszuli, tylko troch\u0119 przed\u0142u\u017conej. Aby do ca\u0142o\u015bci doda\u0107 nieco kobieco\u015bci zapinana jest na guziki, kt\u00f3re r\u00f3wnie\u017c zdobi\u0105 mankiety. Kieszonka na piersi wie\u0144czy ca\u0142o\u015b\u0107.<\/p>\n<p>Koszul\u0119 Tulum mo\u017cesz wykorzysta\u0107 jako halk\u0119 do spania lub te\u017c narzuci\u0107 rozpi\u0119t\u0105 jako zwiewny szlafroczek lub narzutk\u0119 na str\u00f3j k\u0105pielowy.<\/p>\n<p><strong>Styl:<\/strong><\/p>\n<p>elegancki, codzienny, seksowny<br \/>\nzapewniaj\u0105cy wysoki komfort noszenia<br \/>\nzapewniaj\u0105cy elastyczno\u015b\u0107 materia\u0142u w odpowiednich kierunkach<br \/>\nzapewniaj\u0105cy odpowiedni\u0105 prac\u0119 materia\u0142u (efekt lej\u0105cej si\u0119 satyny)<br \/>\nd\u0142ugo\u015b\u0107 ty\u0142u mierzona po szwie bocznym: ok.60cm.<br \/>\nd\u0142ugo\u015b\u0107 przodu mierzona po szwie bocznym: ok.52cm.<br \/>\nd\u0142ugo\u015b\u0107 r\u0119kawa mierzona od pachy w d\u00f3\u0142: ok.49cm.<br \/>\n\u00a0<\/p>\n<p><strong>Materia\u0142:<\/strong><\/p>\n<p>wysokogatunkowa, mi\u0119sista satyna<br \/>\nodpowiednia mi\u0119kko\u015b\u0107 po wewn\u0119trznej stronie<br \/>\nwysoki po\u0142ysk po stronie zewn\u0119trznej<br \/>\n\u00a0<\/p>\n<p><strong>Dodatkowe cechy produktu:<\/strong><\/p>\n<p>bielizna pakowana w \u015bliczne, du\u017ce opakowanie (idealne na prezent)<br \/>\nstyl koszulowy<br \/>\nsk\u0142ad materia\u0142u: 97% poliester, 3% elastan. Splot satynowy.<br \/>\n\u00a0<\/p>\n","protected":false},"excerpt":{"rendered":"<p>Styl m\u0119skiej koszuli w kobiecym wydaniu &#8211; tak mo\u017cna jednym zdaniem okre\u015bli\u0107 halk\u0119 Tulum.<\/p>\n<p>Wykonana z delikatnej, lej\u0105cej, drukowanej satyny o kroju m\u0119skiej koszuli, tylko troch\u0119 przed\u0142u\u017conej. Aby do ca\u0142o\u015bci doda\u0107 nieco kobieco\u015bci zapinana jest na guziki, kt\u00f3re r\u00f3wnie\u017c zdobi\u0105 mankiety. Kieszonka na piersi wie\u0144czy ca\u0142o\u015b\u0107.<\/p>\n<p>Koszul\u0119 Tulum mo\u017cesz wykorzysta\u0107 jako halk\u0119 do spania lub te\u017c narzuci\u0107 rozpi\u0119t\u0105 jako zwiewny szlafroczek lub narzutk\u0119 na str\u00f3j k\u0105pielowy.<\/p>\n","protected":false},"featured_media":3221,"comment_status":"open","ping_status":"closed","template":"","meta":[],"product_cat":[15],"product_tag":[],"class_list":{"0":"post-8550","1":"product","2":"type-product","3":"status-publish","4":"has-post-thumbnail","6":"product_cat-halki","8":"first","9":"outofstock","10":"shipping-taxable","11":"purchasable","12":"product-type-variable","13":"has-default-attributes"},"_links":{"self":[{"href":"https:\/\/kalimo.eu\/index.php?rest_route=\/wp\/v2\/product\/8550","targetHints":{"allow":["GET"]}}],"collection":[{"href":"https:\/\/kalimo.eu\/index.php?rest_route=\/wp\/v2\/product"}],"about":[{"href":"https:\/\/kalimo.eu\/index.php?rest_route=\/wp\/v2\/types\/product"}],"replies":[{"embeddable":true,"href":"https:\/\/kalimo.eu\/index.php?rest_route=%2Fwp%2Fv2%2Fcomments&post=8550"}],"wp:featuredmedia":[{"embeddable":true,"href":"https:\/\/kalimo.eu\/index.php?rest_route=\/wp\/v2\/media\/3221"}],"wp:attachment":[{"href":"https:\/\/kalimo.eu\/index.php?rest_route=%2Fwp%2Fv2%2Fmedia&parent=8550"}],"wp:term":[{"taxonomy":"product_cat","embeddable":true,"href":"https:\/\/kalimo.eu\/index.php?rest_route=%2Fwp%2Fv2%2Fproduct_cat&post=8550"},{"taxonomy":"product_tag","embeddable":true,"href":"https:\/\/kalimo.eu\/index.php?rest_route=%2Fwp%2Fv2%2Fproduct_tag&post=8550"}],"curies":[{"name":"wp","href":"https:\/\/api.w.org\/{rel}","templated":true}]}}