{"id":8576,"date":"2021-11-23T10:01:48","date_gmt":"2021-11-23T09:01:48","guid":{"rendered":"https:\/\/kalimo.eu\/?post_type=product&#038;p=8576"},"modified":"2021-11-26T10:42:38","modified_gmt":"2021-11-26T09:42:38","slug":"komplet-digue-wiskozakolory","status":"publish","type":"product","link":"https:\/\/kalimo.eu\/?product=komplet-digue-wiskozakolory","title":{"rendered":"KOMPLET DIGUE (wiskoza)+kolory"},"content":{"rendered":"<p>Kto powiedzia\u0142, \u017ce pi\u017cama nie mo\u017ce przypomina\u0107 domowego kompletu? Je\u015bli jeste\u015b mi\u0142o\u015bniczk\u0105 stylu i wygody jednocze\u015bnie to komplet Digue, kt\u00f3ry jest now\u0105 propozycj\u0105 jesienno\/zimow\u0105 marki Kalimo, zdecydowanie przypadnie Ci do gustu.<\/p>\n<p>Wykonany z przyjemnej w u\u017cytkowaniu wiskozy, sk\u0142adaj\u0105cy si\u0119 z d\u0142ugich spodni oraz bluzki z d\u0142ugimi r\u0119kawami. Zar\u00f3wno nogawki spodni jak i r\u0119kawy zdobi\u0105 dwie tiulowe falbanki.<\/p>\n<p>Komplet zdecydowanie w stylu dziewcz\u0119cym, niebanalnym. Odpowiedni do ka\u017cdego rodzaju wieku. Zapakowany w eleganckie pude\u0142ko b\u0119dzie r\u00f3wnie\u017c \u015bwietnym prezentem.<\/p>\n<p><strong>Styl:<\/strong><\/p>\n<p>komfortowy, dopasowany do odpowiednich partii cia\u0142a<br \/>\nzapewniaj\u0105cy wysok\u0105 swobod\u0119 noszenia<br \/>\nzapewniaj\u0105cy elastyczno\u015b\u0107 materia\u0142u w odpowiednich kierunkach<br \/>\nspodnie oraz bluzka zdobione tiulow\u0105 falbank\u0105<br \/>\nd\u0142ugo\u015b\u0107 bluzki mierzona po szwie bocznym: 42cm<br \/>\nd\u0142ugo\u015b\u0107 r\u0119kawa mierzona od pachy w d\u00f3\u0142: ok.45cm<br \/>\nd\u0142ugo\u015b\u0107 spodni mierzona od kroku w d\u00f3\u0142: ok.75cm<\/p>\n<p><strong>Materia\u0142:<\/strong><\/p>\n<p>wysokogatunkowa, oddychaj\u0105ca wiskoza, tzw. &#8220;jedwab drzewny&#8221;<br \/>\nodpowiednia mi\u0119kko\u015b\u0107, elastyczno\u015b\u0107<br \/>\nlekko\u015b\u0107, przewiewno\u015b\u0107<\/p>\n<p><strong>Dodatkowe cechy produktu:<\/strong><\/p>\n<p>urocze falbanki tiulowe<br \/>\nbielizna pakowana w \u015bliczne, du\u017ce opakowanie (idealne na prezent)<br \/>\nsk\u0142ad materia\u0142u: 95% wiskoza, 5% elastan.<\/p>\n","protected":false},"excerpt":{"rendered":"<p>Kto powiedzia\u0142, \u017ce pi\u017cama nie mo\u017ce przypomina\u0107 domowego kompletu? Je\u015bli jeste\u015b mi\u0142o\u015bniczk\u0105 stylu i wygody jednocze\u015bnie to komplet Digue, kt\u00f3ry jest now\u0105 propozycj\u0105 jesienno\/zimow\u0105 marki Kalimo, zdecydowanie przypadnie Ci do gustu.<\/p>\n<p>Wykonany z przyjemnej w u\u017cytkowaniu wiskozy, sk\u0142adaj\u0105cy si\u0119 z d\u0142ugich spodni oraz bluzki z d\u0142ugimi r\u0119kawami. Zar\u00f3wno nogawki spodni jak i r\u0119kawy zdobi\u0105 dwie tiulowe falbanki.<\/p>\n<p>Komplet zdecydowanie w stylu dziewcz\u0119cym, niebanalnym. Odpowiedni do ka\u017cdego rodzaju wieku. Zapakowany w eleganckie pude\u0142ko b\u0119dzie r\u00f3wnie\u017c \u015bwietnym prezentem.<\/p>\n","protected":false},"featured_media":8853,"comment_status":"open","ping_status":"closed","template":"","meta":[],"product_cat":[17],"product_tag":[],"class_list":{"0":"post-8576","1":"product","2":"type-product","3":"status-publish","4":"has-post-thumbnail","6":"product_cat-komplety","8":"first","9":"instock","10":"shipping-taxable","11":"purchasable","12":"product-type-variable","13":"has-default-attributes"},"_links":{"self":[{"href":"https:\/\/kalimo.eu\/index.php?rest_route=\/wp\/v2\/product\/8576","targetHints":{"allow":["GET"]}}],"collection":[{"href":"https:\/\/kalimo.eu\/index.php?rest_route=\/wp\/v2\/product"}],"about":[{"href":"https:\/\/kalimo.eu\/index.php?rest_route=\/wp\/v2\/types\/product"}],"replies":[{"embeddable":true,"href":"https:\/\/kalimo.eu\/index.php?rest_route=%2Fwp%2Fv2%2Fcomments&post=8576"}],"wp:featuredmedia":[{"embeddable":true,"href":"https:\/\/kalimo.eu\/index.php?rest_route=\/wp\/v2\/media\/8853"}],"wp:attachment":[{"href":"https:\/\/kalimo.eu\/index.php?rest_route=%2Fwp%2Fv2%2Fmedia&parent=8576"}],"wp:term":[{"taxonomy":"product_cat","embeddable":true,"href":"https:\/\/kalimo.eu\/index.php?rest_route=%2Fwp%2Fv2%2Fproduct_cat&post=8576"},{"taxonomy":"product_tag","embeddable":true,"href":"https:\/\/kalimo.eu\/index.php?rest_route=%2Fwp%2Fv2%2Fproduct_tag&post=8576"}],"curies":[{"name":"wp","href":"https:\/\/api.w.org\/{rel}","templated":true}]}}