{"id":8685,"date":"2021-11-23T10:09:52","date_gmt":"2021-11-23T09:09:52","guid":{"rendered":"https:\/\/kalimo.eu\/?post_type=product&#038;p=8685"},"modified":"2021-11-24T07:45:11","modified_gmt":"2021-11-24T06:45:11","slug":"komplet-patong-satynakolory","status":"publish","type":"product","link":"https:\/\/kalimo.eu\/?product=komplet-patong-satynakolory","title":{"rendered":"KOMPLET PATONG (satyna)+kolory"},"content":{"rendered":"<p>Nietuzinkowy komplet dla nietuzinkowej kobiety, czyli komplet Patong.<\/p>\n<p>Bluzka o nieco kr\u00f3tszym kroju, zosta\u0142a zaprojektowana w taki spos\u00f3b aby podkre\u015bli\u0107 tali\u0119. D\u0142ugi pasek, kt\u00f3ry oplata sylwetk\u0119, z kt\u00f3rego mo\u017cesz zawi\u0105za\u0107 z przodu kokardk\u0119, dodaje uroku. Szersze spodnie o d\u0142ugo\u015bci \u00be nadaj\u0105 nieformalnego wygl\u0105du. Ca\u0142o\u015b\u0107 wykonana z lej\u0105cej, po\u0142yskuj\u0105cej satyny &#8211; szczeg\u00f3lnie modnej w tym sezonie. Do tego kompletu mo\u017cesz dobra\u0107 satynow\u0105 podomk\u0119 Panama.<\/p>\n<p><strong>Styl:<\/strong><\/p>\n<p>dopasowany do odpowiednich partii cia\u0142a<br \/>\nzapewniaj\u0105cy wysoki komfort noszenia<br \/>\nzapewniaj\u0105cy elastyczno\u015b\u0107 materia\u0142u w odpowiednich kierunkach<br \/>\nzapewniaj\u0105cy odpowiedni\u0105 prac\u0119 materia\u0142u (efekt lej\u0105cej si\u0119 satyny)<br \/>\nca\u0142kowita d\u0142ugo\u015b\u0107 spodni mierzona od kroku w d\u00f3\u0142: 58cm<br \/>\nca\u0142kowita d\u0142ugo\u015b\u0107 bluzki mierzona od ramienia w d\u00f3\u0142 : 50cm.<br \/>\nca\u0142kowita d\u0142ugo\u015b\u0107 r\u0119kawa mierzona od pachy w d\u00f3\u0142 : 26cm.<br \/>\n\u00a0<\/p>\n<p><strong>Materia\u0142:<\/strong><\/p>\n<p>wysokogatunkowa , mi\u0119sista satyna<br \/>\nodpowiednia mi\u0119kko\u015b\u0107 po wewn\u0119trznej stronie<br \/>\nwysoki po\u0142ysk po stronie zewn\u0119trznej<br \/>\nwysokiej jako\u015bci splot<br \/>\n\u00a0<\/p>\n<p><strong>Dodatkowe cechy produktu:<\/strong><\/p>\n<p>bluzka taliowana, przewi\u0105zana paskiem<br \/>\nbielizna pakowana w \u015bliczne, du\u017ce opakowanie (idealne na prezent)<br \/>\nsk\u0142ad materia\u0142u: 97% poliester, 3% elastan. Splot satynowy.<br \/>\n\u00a0<\/p>\n","protected":false},"excerpt":{"rendered":"<p>Nietuzinkowy komplet dla nietuzinkowej kobiety, czyli komplet Patong.<\/p>\n<p>Bluzka o nieco kr\u00f3tszym kroju, zosta\u0142a zaprojektowana w taki spos\u00f3b aby podkre\u015bli\u0107 tali\u0119. D\u0142ugi pasek, kt\u00f3ry oplata sylwetk\u0119, z kt\u00f3rego mo\u017cesz zawi\u0105za\u0107 z przodu kokardk\u0119, dodaje uroku. Szersze spodnie o d\u0142ugo\u015bci \u00be nadaj\u0105 nieformalnego wygl\u0105du. Ca\u0142o\u015b\u0107 wykonana z lej\u0105cej, po\u0142yskuj\u0105cej satyny &#8211; szczeg\u00f3lnie modnej w tym sezonie. Do tego kompletu mo\u017cesz dobra\u0107 satynow\u0105 podomk\u0119 Panama.<\/p>\n","protected":false},"featured_media":8831,"comment_status":"open","ping_status":"closed","template":"","meta":[],"product_cat":[17],"product_tag":[],"class_list":{"0":"post-8685","1":"product","2":"type-product","3":"status-publish","4":"has-post-thumbnail","6":"product_cat-komplety","8":"first","9":"instock","10":"shipping-taxable","11":"purchasable","12":"product-type-variable","13":"has-default-attributes"},"_links":{"self":[{"href":"https:\/\/kalimo.eu\/index.php?rest_route=\/wp\/v2\/product\/8685","targetHints":{"allow":["GET"]}}],"collection":[{"href":"https:\/\/kalimo.eu\/index.php?rest_route=\/wp\/v2\/product"}],"about":[{"href":"https:\/\/kalimo.eu\/index.php?rest_route=\/wp\/v2\/types\/product"}],"replies":[{"embeddable":true,"href":"https:\/\/kalimo.eu\/index.php?rest_route=%2Fwp%2Fv2%2Fcomments&post=8685"}],"wp:featuredmedia":[{"embeddable":true,"href":"https:\/\/kalimo.eu\/index.php?rest_route=\/wp\/v2\/media\/8831"}],"wp:attachment":[{"href":"https:\/\/kalimo.eu\/index.php?rest_route=%2Fwp%2Fv2%2Fmedia&parent=8685"}],"wp:term":[{"taxonomy":"product_cat","embeddable":true,"href":"https:\/\/kalimo.eu\/index.php?rest_route=%2Fwp%2Fv2%2Fproduct_cat&post=8685"},{"taxonomy":"product_tag","embeddable":true,"href":"https:\/\/kalimo.eu\/index.php?rest_route=%2Fwp%2Fv2%2Fproduct_tag&post=8685"}],"curies":[{"name":"wp","href":"https:\/\/api.w.org\/{rel}","templated":true}]}}