{"id":893,"date":"2021-10-27T19:00:41","date_gmt":"2021-10-27T17:00:41","guid":{"rendered":"http:\/\/expect.home.pl\/autoinstalator\/wordpresswoocommerce?post_type=product&#038;p=893"},"modified":"2021-10-29T10:47:02","modified_gmt":"2021-10-29T08:47:02","slug":"body-phuket-koronka","status":"publish","type":"product","link":"https:\/\/kalimo.eu\/?product=body-phuket-koronka","title":{"rendered":"BODY PHUKET (koronka)"},"content":{"rendered":"<p>Koronkowa zmys\u0142owo\u015b\u0107 po\u0142\u0105czona z elegancj\u0105 \u2013 body Phuket. W ca\u0142o\u015bci wykonane z przepi\u0119knej elastycznej koronki w kwiatowym motywie. Mi\u0119kkie, dobrze skonstruowane miseczki, utrzymaj\u0105 r\u00f3wnie\u017c wi\u0119kszy biust. Pionowe ci\u0119cia ca\u0142ego przodu wymodeluj\u0105 sylwetk\u0119. Talia przepasana satynowym paskiem, dla podkre\u015blenia kobiecych kszta\u0142t\u00f3w.<\/p>\n<p align=\"JUSTIFY\">Wisienk\u0105 na torcie s\u0105 2 pere\u0142ki, jedna umiejscowiona na satynowym pasku, druga na \u015brodku dekoltu. Regulowane naramki oraz dwustopniowe zapi\u0119cie w kroku pozwalaj\u0105 na idealne dopasowanie.<\/p>\n<p align=\"JUSTIFY\">Propozycja bieli\u017aniana lub pod marynark\u0119 na wieczorowe wyj\u015bcia. \ud83d\ude42<\/p>\n<div>\n<p>&nbsp;<\/p>\n<p><strong>Styl:<\/strong><\/p>\n<ul>\n<li>elegancki, zmys\u0142owy<\/li>\n<li>d\u0142ugo\u015b\u0107 body mierzona od ramienia: ok. 56cm<\/li>\n<li>d\u0142ugo\u015b\u0107 mierzona od pachy w d\u00f3\u0142: ok.35cm<\/li>\n<\/ul>\n<p>&nbsp;<\/p>\n<p><strong>Materia\u0142:<\/strong><\/p>\n<ul>\n<li>mi\u0119kka koronka w kwiatowym motywie<\/li>\n<li>satynowe wyko\u0144czenia<\/li>\n<li>odporno\u015b\u0107 na odkszta\u0142canie<\/li>\n<\/ul>\n<p>&nbsp;<\/p>\n<p><strong>Dodatkowe cechy produktu:<\/strong><\/p>\n<ul>\n<li>regulowane na haftki zapi\u0119cie w kroku<\/li>\n<li>regulowane naramki<\/li>\n<li>2 ozdobne pere\u0142ki<\/li>\n<li>bielizna pakowana w \u015bliczne, du\u017ce opakowanie (idealne na prezent)<\/li>\n<\/ul>\n<\/div>\n","protected":false},"excerpt":{"rendered":"<p>Koronkowa zmys\u0142owo\u015b\u0107 po\u0142\u0105czona z elegancj\u0105 \u2013 body Phuket. W ca\u0142o\u015bci wykonane z przepi\u0119knej elastycznej koronki w kwiatowym motywie. Mi\u0119kkie, dobrze skonstruowane miseczki, utrzymaj\u0105 r\u00f3wnie\u017c wi\u0119kszy biust. Pionowe ci\u0119cia ca\u0142ego przodu wymodeluj\u0105 sylwetk\u0119. Talia przepasana satynowym paskiem, dla podkre\u015blenia kobiecych kszta\u0142t\u00f3w.<\/p>\n<p align=\"JUSTIFY\">Wisienk\u0105 na torcie s\u0105 2 pere\u0142ki, jedna umiejscowiona na satynowym pasku, druga na \u015brodku dekoltu. Regulowane naramki oraz dwustopniowe zapi\u0119cie w kroku pozwalaj\u0105 na idealne dopasowanie.<\/p>\n<p align=\"JUSTIFY\">Propozycja bieli\u017aniana lub pod marynark\u0119 na wieczorowe wyj\u015bcia. \ud83d\ude42<\/p>\n","protected":false},"featured_media":914,"comment_status":"open","ping_status":"closed","template":"","meta":[],"product_cat":[19],"product_tag":[],"class_list":{"0":"post-893","1":"product","2":"type-product","3":"status-publish","4":"has-post-thumbnail","6":"product_cat-body","8":"first","9":"instock","10":"shipping-taxable","11":"purchasable","12":"product-type-variable","13":"has-default-attributes"},"_links":{"self":[{"href":"https:\/\/kalimo.eu\/index.php?rest_route=\/wp\/v2\/product\/893","targetHints":{"allow":["GET"]}}],"collection":[{"href":"https:\/\/kalimo.eu\/index.php?rest_route=\/wp\/v2\/product"}],"about":[{"href":"https:\/\/kalimo.eu\/index.php?rest_route=\/wp\/v2\/types\/product"}],"replies":[{"embeddable":true,"href":"https:\/\/kalimo.eu\/index.php?rest_route=%2Fwp%2Fv2%2Fcomments&post=893"}],"wp:featuredmedia":[{"embeddable":true,"href":"https:\/\/kalimo.eu\/index.php?rest_route=\/wp\/v2\/media\/914"}],"wp:attachment":[{"href":"https:\/\/kalimo.eu\/index.php?rest_route=%2Fwp%2Fv2%2Fmedia&parent=893"}],"wp:term":[{"taxonomy":"product_cat","embeddable":true,"href":"https:\/\/kalimo.eu\/index.php?rest_route=%2Fwp%2Fv2%2Fproduct_cat&post=893"},{"taxonomy":"product_tag","embeddable":true,"href":"https:\/\/kalimo.eu\/index.php?rest_route=%2Fwp%2Fv2%2Fproduct_tag&post=893"}],"curies":[{"name":"wp","href":"https:\/\/api.w.org\/{rel}","templated":true}]}}