{"id":9056,"date":"2022-02-25T07:01:53","date_gmt":"2022-02-25T06:01:53","guid":{"rendered":"https:\/\/kalimo.eu\/?post_type=product&#038;p=9056"},"modified":"2022-03-08T11:11:47","modified_gmt":"2022-03-08T10:11:47","slug":"halka-lanta-microfibra","status":"publish","type":"product","link":"https:\/\/kalimo.eu\/?product=halka-lanta-microfibra","title":{"rendered":"HALKA LANTA (microfibra)"},"content":{"rendered":"<p>Delikatniejsza od jedwabiu, rozpalaj\u0105ca zmys\u0142y \u2013 halka Lanta.<\/p>\n<p>D\u00f3\u0142 haleczki jest delikatnie rozkloszowany, tak aby\u015b czu\u0142a si\u0119 komfortowo. G\u00f3ra to kunszt i precyzja. Wykonana z mi\u0119kkiego, elastycznego tiulu oraz koronki, aby seksowanie wyeksponowa\u0107 kobiecy dekolt. Miseczki skrojone w taki spos\u00f3b, \u017ce nawet wi\u0119kszy biust wygl\u0105da w nim doskonale. Fason wi\u0105zany na szyi dla lepszego dopasowania.<\/p>\n<p>Szukasz czego\u015b wyj\u0105tkowego na spotkanie we dwoje? Chcesz si\u0119 poczu\u0107 jak \u201emilion dolar\u00f3w\u201d ? Za\u0142\u00f3\u017c halk\u0119 Lanta, zarzu\u0107 na to podomk\u0119 Samui, wkrocz pewnie do sypialni&#8230;niech ten wiecz\u00f3r nale\u017cy do Ciebie.<\/p>\n<p>Styl:<\/p>\n<p>elegancki, seksowny, uwodzicielski<br \/>\nzapewniaj\u0105cy wysok\u0105 swobod\u0119 noszenia<br \/>\nd\u0142ugo\u015b\u0107 halki mierzona od pachy w d\u00f3\u0142: ok. 58cm<br \/>\nd\u0142ugo\u015b\u0107 halki mierzona od ramienia: ok. 80cm<br \/>\n\u00a0<\/p>\n<p>Materia\u0142:<\/p>\n<p>delikatniejsza od jedwabiu, niezwykle mi\u0119kka microfibra<br \/>\nidealna dla alergik\u00f3w-nie podra\u017cnia<br \/>\nlekko\u015b\u0107, przepuszczalno\u015b\u0107 powietrza<br \/>\nodporno\u015b\u0107 na odkszta\u0142canie oraz pranie<br \/>\n\u00a0<\/p>\n<p>Dodatkowe cechy produktu:<\/p>\n<p>koronkowy dekolt<br \/>\nbielizna pakowana w \u015bliczne, du\u017ce opakowanie (idealne na prezent)<br \/>\nsk\u0142ad microfibry: 87% poliamid, 13% elastan.<\/p>\n","protected":false},"excerpt":{"rendered":"<p>D\u00f3\u0142 haleczki jest delikatnie rozkloszowany, tak aby\u015b czu\u0142a si\u0119 komfortowo. G\u00f3ra to kunszt i precyzja. Wykonana z mi\u0119kkiego, elastycznego tiulu oraz koronki, aby seksowanie wyeksponowa\u0107 kobiecy dekolt. Miseczki skrojone w taki spos\u00f3b, \u017ce nawet wi\u0119kszy biust wygl\u0105da w nim doskonale. Fason wi\u0105zany na szyi dla lepszego dopasowania.<\/p>\n<p>Szukasz czego\u015b wyj\u0105tkowego na spotkanie we dwoje? Chcesz si\u0119 poczu\u0107 jak \u201emilion dolar\u00f3w\u201d ? Za\u0142\u00f3\u017c halk\u0119 Lanta, zarzu\u0107 na to podomk\u0119 Samui, wkrocz pewnie do sypialni&#8230;niech ten wiecz\u00f3r nale\u017cy do Ciebie.<\/p>\n","protected":false},"featured_media":9167,"comment_status":"open","ping_status":"closed","template":"","meta":[],"product_cat":[15],"product_tag":[],"class_list":{"0":"post-9056","1":"product","2":"type-product","3":"status-publish","4":"has-post-thumbnail","6":"product_cat-halki","8":"first","9":"instock","10":"shipping-taxable","11":"purchasable","12":"product-type-variable","13":"has-default-attributes"},"_links":{"self":[{"href":"https:\/\/kalimo.eu\/index.php?rest_route=\/wp\/v2\/product\/9056","targetHints":{"allow":["GET"]}}],"collection":[{"href":"https:\/\/kalimo.eu\/index.php?rest_route=\/wp\/v2\/product"}],"about":[{"href":"https:\/\/kalimo.eu\/index.php?rest_route=\/wp\/v2\/types\/product"}],"replies":[{"embeddable":true,"href":"https:\/\/kalimo.eu\/index.php?rest_route=%2Fwp%2Fv2%2Fcomments&post=9056"}],"wp:featuredmedia":[{"embeddable":true,"href":"https:\/\/kalimo.eu\/index.php?rest_route=\/wp\/v2\/media\/9167"}],"wp:attachment":[{"href":"https:\/\/kalimo.eu\/index.php?rest_route=%2Fwp%2Fv2%2Fmedia&parent=9056"}],"wp:term":[{"taxonomy":"product_cat","embeddable":true,"href":"https:\/\/kalimo.eu\/index.php?rest_route=%2Fwp%2Fv2%2Fproduct_cat&post=9056"},{"taxonomy":"product_tag","embeddable":true,"href":"https:\/\/kalimo.eu\/index.php?rest_route=%2Fwp%2Fv2%2Fproduct_tag&post=9056"}],"curies":[{"name":"wp","href":"https:\/\/api.w.org\/{rel}","templated":true}]}}