{"id":931,"date":"2021-10-27T20:48:08","date_gmt":"2021-10-27T18:48:08","guid":{"rendered":"http:\/\/expect.home.pl\/autoinstalator\/wordpresswoocommerce?post_type=product&#038;p=931"},"modified":"2022-02-21T12:29:40","modified_gmt":"2022-02-21T11:29:40","slug":"body-cousin-microfibra-koronka","status":"publish","type":"product","link":"https:\/\/kalimo.eu\/?product=body-cousin-microfibra-koronka","title":{"rendered":"BODY COUSIN (microfibra + koronka)"},"content":{"rendered":"<p>Sk\u0105pe, aczkolwiek szykowne i ciekawe body. Wi\u0119ksza cz\u0119\u015b\u0107 wykonana prze\u017aroczyst\u0105 koronk\u0105, przepasan\u0105 z przodu p\u0142askimi lam\u00f3wkami. Natomiast biust i d\u00f3\u0142 body wykonany z bardzo przyjemnej w dotyku i mi\u0119kkiej mikrofibry. Ca\u0142o\u015b\u0107 spoczywa na delikatnych, regulowanych naramkach, r\u00f3wnie\u017c wykonanych z mikrofibry.<\/p>\n<p align=\"JUSTIFY\">Kreacja raczej dla Pa\u0144, kt\u00f3re w sypialni chc\u0105 pokaza\u0107 siebie z nutk\u0105 ekskluzywnego stylu. Dla odwa\u017cniejszych kobiet body ma z pewno\u015bci\u0105 wi\u0119cej zastosowa\u0144, z uwagi na sw\u00f3j wyrafinowany charakter, aczkolwiek nie ka\u017cda z nas chce ten charakter zdradza\u0107 poza domem.<\/p>\n<p align=\"JUSTIFY\">Z pewno\u015bci\u0105 jest to jednak element garderoby, kt\u00f3ry winien wisie\u0107 w szafie na specjalne okazje. Mo\u017ce masz tak\u0105 niebawem w kalendarzu? \ud83d\ude42<\/p>\n<div>\n<p>&nbsp;<\/p>\n<p><strong>Styl:<\/strong><\/p>\n<ul>\n<li>elegancki, zmys\u0142owy<\/li>\n<li>d\u0142ugo\u015b\u0107 body mierzona od ramienia: ok. 66cm<\/li>\n<li>d\u0142ugo\u015b\u0107 mierzona od pachy w d\u00f3\u0142: ok.30cm<\/li>\n<\/ul>\n<p>&nbsp;<\/p>\n<p><strong>Materia\u0142:<\/strong><\/p>\n<ul>\n<li>mi\u0119kka koronka w kwiatowym motywie<\/li>\n<li>microfibra<\/li>\n<li>odporno\u015b\u0107 na odkszta\u0142canie<\/li>\n<\/ul>\n<p>&nbsp;<\/p>\n<p><strong>Dodatkowe cechy produktu:<\/strong><\/p>\n<ul>\n<li>regulowane na haftki zapi\u0119cie w kroku<\/li>\n<li>bielizna pakowana w \u015bliczne, du\u017ce opakowanie (idealne na prezent)<\/li>\n<\/ul>\n<\/div>\n","protected":false},"excerpt":{"rendered":"<p>Sk\u0105pe, aczkolwiek szykowne i ciekawe body. Wi\u0119ksza cz\u0119\u015b\u0107 wykonana prze\u017aroczyst\u0105 koronk\u0105, przepasan\u0105 z przodu p\u0142askimi lam\u00f3wkami. Natomiast biust i d\u00f3\u0142 body wykonany z bardzo przyjemnej w dotyku i mi\u0119kkiej mikrofibry. Ca\u0142o\u015b\u0107 spoczywa na delikatnych, regulowanych naramkach, r\u00f3wnie\u017c wykonanych z mikrofibry.<\/p>\n<p align=\"JUSTIFY\">Kreacja raczej dla Pa\u0144, kt\u00f3re w sypialni chc\u0105 pokaza\u0107 siebie z nutk\u0105 ekskluzywnego stylu. Dla odwa\u017cniejszych kobiet body ma z pewno\u015bci\u0105 wi\u0119cej zastosowa\u0144, z uwagi na sw\u00f3j wyrafinowany charakter, aczkolwiek nie ka\u017cda z nas chce ten charakter zdradza\u0107 poza domem.<\/p>\n<p align=\"JUSTIFY\">Z pewno\u015bci\u0105 jest to jednak element garderoby, kt\u00f3ry winien wisie\u0107 w szafie na specjalne okazje. Mo\u017ce masz tak\u0105 niebawem w kalendarzu? \ud83d\ude42<\/p>\n","protected":false},"featured_media":949,"comment_status":"open","ping_status":"closed","template":"","meta":[],"product_cat":[19],"product_tag":[],"class_list":{"0":"post-931","1":"product","2":"type-product","3":"status-publish","4":"has-post-thumbnail","6":"product_cat-body","8":"first","9":"instock","10":"shipping-taxable","11":"purchasable","12":"product-type-variable","13":"has-default-attributes"},"_links":{"self":[{"href":"https:\/\/kalimo.eu\/index.php?rest_route=\/wp\/v2\/product\/931","targetHints":{"allow":["GET"]}}],"collection":[{"href":"https:\/\/kalimo.eu\/index.php?rest_route=\/wp\/v2\/product"}],"about":[{"href":"https:\/\/kalimo.eu\/index.php?rest_route=\/wp\/v2\/types\/product"}],"replies":[{"embeddable":true,"href":"https:\/\/kalimo.eu\/index.php?rest_route=%2Fwp%2Fv2%2Fcomments&post=931"}],"wp:featuredmedia":[{"embeddable":true,"href":"https:\/\/kalimo.eu\/index.php?rest_route=\/wp\/v2\/media\/949"}],"wp:attachment":[{"href":"https:\/\/kalimo.eu\/index.php?rest_route=%2Fwp%2Fv2%2Fmedia&parent=931"}],"wp:term":[{"taxonomy":"product_cat","embeddable":true,"href":"https:\/\/kalimo.eu\/index.php?rest_route=%2Fwp%2Fv2%2Fproduct_cat&post=931"},{"taxonomy":"product_tag","embeddable":true,"href":"https:\/\/kalimo.eu\/index.php?rest_route=%2Fwp%2Fv2%2Fproduct_tag&post=931"}],"curies":[{"name":"wp","href":"https:\/\/api.w.org\/{rel}","templated":true}]}}