{"id":9323,"date":"2022-05-23T08:39:25","date_gmt":"2022-05-23T06:39:25","guid":{"rendered":"https:\/\/kalimo.eu\/?post_type=product&#038;p=9323"},"modified":"2022-05-23T12:45:06","modified_gmt":"2022-05-23T10:45:06","slug":"halka-fehend-satyna-druk","status":"publish","type":"product","link":"https:\/\/kalimo.eu\/?product=halka-fehend-satyna-druk","title":{"rendered":"HALKA FEHEND (satyna druk)"},"content":{"rendered":"<p>Prosta w kroju, jednak wykonana z barwnej, specjalnie dla Was zaprojektowanej tkaniny, halka Fehend przypadnie niejednej Pani do gustu.<\/p>\n<p>Po\u0142yskliwa satyna sprawia, \u017ce namalowane wzory pi\u0119knie si\u0119 mieni\u0105. Lu\u017any kr\u00f3j zapewnia komfort i wygod\u0119 a wyko\u0144czenia w postaci mi\u0119kkiej siateczki uatrakcyjniaj\u0105 ca\u0142o\u015b\u0107.<\/p>\n<p>Dobierz do zestawu podomk\u0119 Himma i ciesz si\u0119 dobrym nastrojem ka\u017cdego wieczoru i poranka.<\/p>\n<p>Styl:<\/p>\n<p>dopasowany do odpowiednich partii cia\u0142a<br \/>\nzapewniaj\u0105cy wysoki komfort noszenia<br \/>\nzapewniaj\u0105cy elastyczno\u015b\u0107 materia\u0142u w odpowiednich kierunkach<br \/>\nzapewniaj\u0105cy odpowiedni\u0105 prac\u0119 materia\u0142u (efekt lej\u0105cej si\u0119 satyny)<br \/>\nca\u0142kowita d\u0142ugo\u015b\u0107 mierzona po szwie bocznym (od pachy w d\u00f3\u0142): 55cm.<br \/>\nca\u0142kowita d\u0142ugo\u015b\u0107 mierzona od ramienia w d\u00f3\u0142: 84cm.<\/p>\n<p>Materia\u0142:<\/p>\n<p>\u00a0wysokogatunkowa satyna<br \/>\nodpowiednia mi\u0119kko\u015b\u0107 po wewn\u0119trznej stronie<br \/>\nwysoki po\u0142ysk po stronie zewn\u0119trznej<br \/>\nwysokiej jako\u015bci splot<br \/>\n\u00a0<\/p>\n<p>Dodatkowe cechy produktu:<\/p>\n<p>wyko\u0144czenie mi\u0119kk\u0105 siateczk\u0105<br \/>\nbielizna pakowana w \u015bliczne, du\u017ce opakowanie (idealne na prezent)<br \/>\nsk\u0142ad materia\u0142u: 97% poliester, 3% elastan. Splot satynowy.<\/p>\n","protected":false},"excerpt":{"rendered":"<p>Prosta w kroju, jednak wykonana z barwnej, specjalnie dla Was zaprojektowanej tkaniny, halka Fehend przypadnie niejednej Pani do gustu.<\/p>\n<p>Po\u0142yskliwa satyna sprawia, \u017ce namalowane wzory pi\u0119knie si\u0119 mieni\u0105. Lu\u017any kr\u00f3j zapewnia komfort i wygod\u0119 a wyko\u0144czenia w postaci mi\u0119kkiej siateczki uatrakcyjniaj\u0105 ca\u0142o\u015b\u0107.<\/p>\n<p>Dobierz do zestawu podomk\u0119 Himma i ciesz si\u0119 dobrym nastrojem ka\u017cdego wieczoru i poranka.<\/p>\n","protected":false},"featured_media":9359,"comment_status":"open","ping_status":"closed","template":"","meta":[],"product_cat":[15],"product_tag":[],"class_list":{"0":"post-9323","1":"product","2":"type-product","3":"status-publish","4":"has-post-thumbnail","6":"product_cat-halki","8":"first","9":"instock","10":"shipping-taxable","11":"purchasable","12":"product-type-variable","13":"has-default-attributes"},"_links":{"self":[{"href":"https:\/\/kalimo.eu\/index.php?rest_route=\/wp\/v2\/product\/9323","targetHints":{"allow":["GET"]}}],"collection":[{"href":"https:\/\/kalimo.eu\/index.php?rest_route=\/wp\/v2\/product"}],"about":[{"href":"https:\/\/kalimo.eu\/index.php?rest_route=\/wp\/v2\/types\/product"}],"replies":[{"embeddable":true,"href":"https:\/\/kalimo.eu\/index.php?rest_route=%2Fwp%2Fv2%2Fcomments&post=9323"}],"wp:featuredmedia":[{"embeddable":true,"href":"https:\/\/kalimo.eu\/index.php?rest_route=\/wp\/v2\/media\/9359"}],"wp:attachment":[{"href":"https:\/\/kalimo.eu\/index.php?rest_route=%2Fwp%2Fv2%2Fmedia&parent=9323"}],"wp:term":[{"taxonomy":"product_cat","embeddable":true,"href":"https:\/\/kalimo.eu\/index.php?rest_route=%2Fwp%2Fv2%2Fproduct_cat&post=9323"},{"taxonomy":"product_tag","embeddable":true,"href":"https:\/\/kalimo.eu\/index.php?rest_route=%2Fwp%2Fv2%2Fproduct_tag&post=9323"}],"curies":[{"name":"wp","href":"https:\/\/api.w.org\/{rel}","templated":true}]}}