{"id":9371,"date":"2022-05-23T08:57:35","date_gmt":"2022-05-23T06:57:35","guid":{"rendered":"https:\/\/kalimo.eu\/?post_type=product&#038;p=9371"},"modified":"2022-05-23T12:43:34","modified_gmt":"2022-05-23T10:43:34","slug":"komplet-bodu-satyna-druk","status":"publish","type":"product","link":"https:\/\/kalimo.eu\/?product=komplet-bodu-satyna-druk","title":{"rendered":"KOMPLET BODU (satyna druk)"},"content":{"rendered":"<p>Lekki, \u015bwie\u017cy, dziewcz\u0119cy komplet satynowy Bodu to kolejna propozycja marki Kalimo.<\/p>\n<p>Wykonany z zaprojektowanej specjalnie dla Was lej\u0105cej, kolorowej satyny wprawi ka\u017cd\u0105 Pani\u0105 w dobry nastr\u00f3j. G\u00f3ra to koszulka na cienkich, regulowanych naramkach, w kt\u00f3rej dekolt zosta\u0142 wykonany z delikatnej jak mgie\u0142ka siateczki. D\u00f3\u0142 natomiast to szorty, w kt\u00f3rych r\u00f3wnie\u017c zastosowan\u0105 t\u0119 sam\u0105 tiulow\u0105 tkanin\u0119, dzi\u0119ki czemu komplet jest sp\u00f3jny.<\/p>\n<p>Je\u015bli lubisz zestawy, to idealnie mo\u017cesz dobra\u0107 do tego kompletu podomk\u0119 Himma, kt\u00f3ra jest wykonana z tego samego materia\u0142u.<\/p>\n<p>Styl:<\/p>\n<p>dopasowany do odpowiednich partii cia\u0142a<br \/>\nzapewniaj\u0105cy wysoki komfort noszenia<br \/>\nzapewniaj\u0105cy elastyczno\u015b\u0107 materia\u0142u w odpowiednich kierunkach<br \/>\nzapewniaj\u0105cy odpowiedni\u0105 prac\u0119 materia\u0142u (efekt lej\u0105cej si\u0119 satyny)<br \/>\nregulowane rami\u0105czka umo\u017cliwiaj\u0105ce dopasowanie g\u0142\u0119boko\u015bci dekoltu<br \/>\nca\u0142kowita d\u0142ugo\u015b\u0107 koszulki mierzona po szwie bocznym: ok. 38cm.<br \/>\nca\u0142kowita d\u0142ugo\u015b\u0107 szort\u00f3w mierzona po szwie bocznym: ok. 24cm.<\/p>\n<p>Materia\u0142:<\/p>\n<p>wysokogatunkowa, mi\u0119sista satyna<br \/>\nodpowiednia mi\u0119kko\u015b\u0107 po wewn\u0119trznej stronie<br \/>\nwysoki po\u0142ysk po stronie zewn\u0119trznej<br \/>\nwysokiej jako\u015bci splot<\/p>\n<p>Dodatkowe cechy produktu:<\/p>\n<p>regulowane naramki<br \/>\nwyko\u0144czenie mi\u0119kk\u0105 siateczk\u0105<br \/>\nsk\u0142ad materia\u0142u: 97% poliester, 3% elastan. Splot satynowy.<br \/>\nbielizna pakowana w \u015bliczne, du\u017ce opakowanie (idealne na prezent)<\/p>\n","protected":false},"excerpt":{"rendered":"<p>Lekki, \u015bwie\u017cy, dziewcz\u0119cy komplet satynowy Bodu to kolejna propozycja marki Kalimo.<\/p>\n<p>Wykonany z zaprojektowanej specjalnie dla Was lej\u0105cej, kolorowej satyny wprawi ka\u017cd\u0105 Pani\u0105 w dobry nastr\u00f3j. G\u00f3ra to koszulka na cienkich, regulowanych naramkach, w kt\u00f3rej dekolt zosta\u0142 wykonany z delikatnej jak mgie\u0142ka siateczki. D\u00f3\u0142 natomiast to szorty, w kt\u00f3rych r\u00f3wnie\u017c zastosowan\u0105 t\u0119 sam\u0105 tiulow\u0105 tkanin\u0119, dzi\u0119ki czemu komplet jest sp\u00f3jny.<\/p>\n<p>Je\u015bli lubisz zestawy, to idealnie mo\u017cesz dobra\u0107 do tego kompletu podomk\u0119 Himma, kt\u00f3ra jest wykonana z tego samego materia\u0142u.<\/p>\n","protected":false},"featured_media":9411,"comment_status":"open","ping_status":"closed","template":"","meta":[],"product_cat":[17],"product_tag":[],"class_list":{"0":"post-9371","1":"product","2":"type-product","3":"status-publish","4":"has-post-thumbnail","6":"product_cat-komplety","8":"first","9":"instock","10":"shipping-taxable","11":"purchasable","12":"product-type-variable","13":"has-default-attributes"},"_links":{"self":[{"href":"https:\/\/kalimo.eu\/index.php?rest_route=\/wp\/v2\/product\/9371","targetHints":{"allow":["GET"]}}],"collection":[{"href":"https:\/\/kalimo.eu\/index.php?rest_route=\/wp\/v2\/product"}],"about":[{"href":"https:\/\/kalimo.eu\/index.php?rest_route=\/wp\/v2\/types\/product"}],"replies":[{"embeddable":true,"href":"https:\/\/kalimo.eu\/index.php?rest_route=%2Fwp%2Fv2%2Fcomments&post=9371"}],"wp:featuredmedia":[{"embeddable":true,"href":"https:\/\/kalimo.eu\/index.php?rest_route=\/wp\/v2\/media\/9411"}],"wp:attachment":[{"href":"https:\/\/kalimo.eu\/index.php?rest_route=%2Fwp%2Fv2%2Fmedia&parent=9371"}],"wp:term":[{"taxonomy":"product_cat","embeddable":true,"href":"https:\/\/kalimo.eu\/index.php?rest_route=%2Fwp%2Fv2%2Fproduct_cat&post=9371"},{"taxonomy":"product_tag","embeddable":true,"href":"https:\/\/kalimo.eu\/index.php?rest_route=%2Fwp%2Fv2%2Fproduct_tag&post=9371"}],"curies":[{"name":"wp","href":"https:\/\/api.w.org\/{rel}","templated":true}]}}