{"id":9548,"date":"2022-05-23T12:11:45","date_gmt":"2022-05-23T10:11:45","guid":{"rendered":"https:\/\/kalimo.eu\/?post_type=product&#038;p=9548"},"modified":"2022-05-23T12:38:50","modified_gmt":"2022-05-23T10:38:50","slug":"halka-ukul-satyna","status":"publish","type":"product","link":"https:\/\/kalimo.eu\/?product=halka-ukul-satyna","title":{"rendered":"HALKA UKUL (satyna)"},"content":{"rendered":"<p>Wyobra\u017a sobie siebie spowit\u0105 w d\u0142ug\u0105, pow\u0142\u00f3czyst\u0105 halk\u0119 krocz\u0105c\u0105 lekko w zaciszu domu. Przyjemnie, prawda? W takim nastroju powsta\u0142 projekt halki Ukul.<\/p>\n<p>D\u0142uga koszulka, wykonana z po\u0142yskuj\u0105cej, delikatnej satyny zachwyci niejedn\u0105 osob\u0119. G\u00f3ra natomiast zosta\u0142a wykonana z mi\u0119kkiej, elastycznej koronki, dzi\u0119ki czemu piersi s\u0105 pi\u0119knie podkre\u015blone. Na uwag\u0119 zas\u0142uguje r\u00f3wnie\u017c dekolt na plecach, kt\u00f3rego kr\u00f3j podkre\u015bla tali\u0119.<\/p>\n<p>Dasz si\u0119 skusi\u0107?<\/p>\n<p>Styl:<\/p>\n<p>komfortowy, dopasowany do odpowiednich partii cia\u0142a<br \/>\nzapewniaj\u0105cy wysok\u0105 swobod\u0119 noszenia<br \/>\nzapewniaj\u0105cy odpowiedni\u0105 prac\u0119 materia\u0142u (efekt lej\u0105cej si\u0119 satyny)<br \/>\nca\u0142kowita d\u0142ugo\u015b\u0107 halki mierzona po szwie bocznym (od pachy w d\u00f3\u0142): ok.109cm<br \/>\n\u00a0<\/p>\n<p>Materia\u0142:<\/p>\n<p>wysokogatunkowa, mi\u0119sista satyna<br \/>\nodpowiednia mi\u0119kko\u015b\u0107 po wewn\u0119trznej stronie<br \/>\nmi\u0119kka, elastyczna koronka w kwiatowym motywie<br \/>\nwysoki po\u0142ysk po stronie zewn\u0119trznej<br \/>\n\u00a0<\/p>\n<p>Dodatkowe cechy produktu:<\/p>\n<p>koronkowy dekolt<br \/>\nbielizna pakowana w \u015bliczne, du\u017ce opakowanie (idealne na prezent)<br \/>\nsk\u0142ad materia\u0142u: 97% poliester, 3% elastan. Splot satynowy.<\/p>\n","protected":false},"excerpt":{"rendered":"<p>Wyobra\u017a sobie siebie spowit\u0105 w d\u0142ug\u0105, pow\u0142\u00f3czyst\u0105 halk\u0119 krocz\u0105c\u0105 lekko w zaciszu domu. Przyjemnie, prawda? W takim nastroju powsta\u0142 projekt halki Ukul.<\/p>\n<p>D\u0142uga koszulka, wykonana z po\u0142yskuj\u0105cej, delikatnej satyny zachwyci niejedn\u0105 osob\u0119. G\u00f3ra natomiast zosta\u0142a wykonana z mi\u0119kkiej, elastycznej koronki, dzi\u0119ki czemu piersi s\u0105 pi\u0119knie podkre\u015blone. Na uwag\u0119 zas\u0142uguje r\u00f3wnie\u017c dekolt na plecach, kt\u00f3rego kr\u00f3j podkre\u015bla tali\u0119.<\/p>\n<p>Dasz si\u0119 skusi\u0107?<\/p>\n","protected":false},"featured_media":9664,"comment_status":"open","ping_status":"closed","template":"","meta":[],"product_cat":[15],"product_tag":[],"class_list":{"0":"post-9548","1":"product","2":"type-product","3":"status-publish","4":"has-post-thumbnail","6":"product_cat-halki","8":"first","9":"instock","10":"shipping-taxable","11":"purchasable","12":"product-type-variable","13":"has-default-attributes"},"_links":{"self":[{"href":"https:\/\/kalimo.eu\/index.php?rest_route=\/wp\/v2\/product\/9548","targetHints":{"allow":["GET"]}}],"collection":[{"href":"https:\/\/kalimo.eu\/index.php?rest_route=\/wp\/v2\/product"}],"about":[{"href":"https:\/\/kalimo.eu\/index.php?rest_route=\/wp\/v2\/types\/product"}],"replies":[{"embeddable":true,"href":"https:\/\/kalimo.eu\/index.php?rest_route=%2Fwp%2Fv2%2Fcomments&post=9548"}],"wp:featuredmedia":[{"embeddable":true,"href":"https:\/\/kalimo.eu\/index.php?rest_route=\/wp\/v2\/media\/9664"}],"wp:attachment":[{"href":"https:\/\/kalimo.eu\/index.php?rest_route=%2Fwp%2Fv2%2Fmedia&parent=9548"}],"wp:term":[{"taxonomy":"product_cat","embeddable":true,"href":"https:\/\/kalimo.eu\/index.php?rest_route=%2Fwp%2Fv2%2Fproduct_cat&post=9548"},{"taxonomy":"product_tag","embeddable":true,"href":"https:\/\/kalimo.eu\/index.php?rest_route=%2Fwp%2Fv2%2Fproduct_tag&post=9548"}],"curies":[{"name":"wp","href":"https:\/\/api.w.org\/{rel}","templated":true}]}}