{"id":9690,"date":"2022-07-06T11:09:43","date_gmt":"2022-07-06T09:09:43","guid":{"rendered":"https:\/\/kalimo.eu\/?post_type=product&#038;p=9690"},"modified":"2022-07-06T11:33:01","modified_gmt":"2022-07-06T09:33:01","slug":"body-omad-microfibra","status":"publish","type":"product","link":"https:\/\/kalimo.eu\/?product=body-omad-microfibra","title":{"rendered":"BODY OMAD (microfibra)"},"content":{"rendered":"<p>Body Omad jest projektem, w kt\u00f3rym ka\u017cda kobieta b\u0119dzie si\u0119 dobrze czu\u0107. Uszyte z przyjemnej dla cia\u0142a microfibry, z d\u0142ugim r\u0119kawem.<\/p>\n<p>Dekolt zosta\u0142 wyko\u0144czony delikatn\u0105 siateczk\u0105. Omad mo\u017ce by\u0107 baz\u0105 do wielu stylizacji.<\/p>\n<p>Wykorzystaj to! We\u017a to body na sobie na spotkanie biznesowe. Nie jest a\u017c tak wyzywaj\u0105ce, a pod \u017cakietem b\u0119dzie wygl\u0105da\u0107 rewelacyjnie. Znasz to uczucie gdy dobry wygl\u0105d z dobrym ciuchem daje Tobie plus 10 punkt\u00f3w pewno\u015bci siebie? Zaufaj nam &#8211; to dzia\u0142a! \ud83d\ude42<\/p>\n<p>Styl:<\/p>\n<p>elegancki, boho<br \/>\nd\u0142ugo\u015b\u0107 r\u0119kawa mierzona od pachy w d\u00f3\u0142: ok. 47cm<br \/>\nd\u0142ugo\u015b\u0107 mierzona od pachy w d\u00f3\u0142: ok.35cm<\/p>\n<p>Materia\u0142:<\/p>\n<p>delikatniejsza od jedwabiu, niezwykle mi\u0119kka microfibra<br \/>\nidealna dla alergik\u00f3w-nie podra\u017cnia<br \/>\nlekko\u015b\u0107, przepuszczalno\u015b\u0107 powietrza<br \/>\nodporno\u015b\u0107 na odkszta\u0142canie<br \/>\nelastyczna siatka<\/p>\n<p>Dodatkowe cechy produktu:<\/p>\n<p>regulowane na haftki zapi\u0119cie w kroku<br \/>\nbielizna pakowana w \u015bliczne, du\u017ce opakowanie (idealne na prezent)<br \/>\nsk\u0142ad microfibry: 87% poliamid, 13% elastan.<\/p>\n","protected":false},"excerpt":{"rendered":"<p>Body Omad jest projektem, w kt\u00f3rym ka\u017cda kobieta b\u0119dzie si\u0119 dobrze czu\u0107. Uszyte z przyjemnej dla cia\u0142a microfibry, z d\u0142ugim r\u0119kawem.<\/p>\n<p>Dekolt zosta\u0142 wyko\u0144czony delikatn\u0105 siateczk\u0105. Omad mo\u017ce by\u0107 baz\u0105 do wielu stylizacji.<\/p>\n<p>Wykorzystaj to! We\u017a to body na sobie na spotkanie biznesowe. Nie jest a\u017c tak wyzywaj\u0105ce, a pod \u017cakietem b\u0119dzie wygl\u0105da\u0107 rewelacyjnie. Znasz to uczucie gdy dobry wygl\u0105d z dobrym ciuchem daje Tobie plus 10 punkt\u00f3w pewno\u015bci siebie? Zaufaj nam &#8211; to dzia\u0142a! \ud83d\ude42<\/p>\n","protected":false},"featured_media":9766,"comment_status":"open","ping_status":"closed","template":"","meta":[],"product_cat":[19],"product_tag":[],"class_list":{"0":"post-9690","1":"product","2":"type-product","3":"status-publish","4":"has-post-thumbnail","6":"product_cat-body","8":"first","9":"instock","10":"shipping-taxable","11":"purchasable","12":"product-type-variable","13":"has-default-attributes"},"_links":{"self":[{"href":"https:\/\/kalimo.eu\/index.php?rest_route=\/wp\/v2\/product\/9690","targetHints":{"allow":["GET"]}}],"collection":[{"href":"https:\/\/kalimo.eu\/index.php?rest_route=\/wp\/v2\/product"}],"about":[{"href":"https:\/\/kalimo.eu\/index.php?rest_route=\/wp\/v2\/types\/product"}],"replies":[{"embeddable":true,"href":"https:\/\/kalimo.eu\/index.php?rest_route=%2Fwp%2Fv2%2Fcomments&post=9690"}],"wp:featuredmedia":[{"embeddable":true,"href":"https:\/\/kalimo.eu\/index.php?rest_route=\/wp\/v2\/media\/9766"}],"wp:attachment":[{"href":"https:\/\/kalimo.eu\/index.php?rest_route=%2Fwp%2Fv2%2Fmedia&parent=9690"}],"wp:term":[{"taxonomy":"product_cat","embeddable":true,"href":"https:\/\/kalimo.eu\/index.php?rest_route=%2Fwp%2Fv2%2Fproduct_cat&post=9690"},{"taxonomy":"product_tag","embeddable":true,"href":"https:\/\/kalimo.eu\/index.php?rest_route=%2Fwp%2Fv2%2Fproduct_tag&post=9690"}],"curies":[{"name":"wp","href":"https:\/\/api.w.org\/{rel}","templated":true}]}}