{"id":9858,"date":"2022-07-06T12:50:31","date_gmt":"2022-07-06T10:50:31","guid":{"rendered":"https:\/\/kalimo.eu\/?post_type=product&#038;p=9858"},"modified":"2022-07-06T12:59:00","modified_gmt":"2022-07-06T10:59:00","slug":"body-biya-microfibra","status":"publish","type":"product","link":"https:\/\/kalimo.eu\/?product=body-biya-microfibra","title":{"rendered":"BODY BIYA (microfibra)"},"content":{"rendered":"<p>Body Biya na cienkim, regulowanym rami\u0105czku oraz profilowanych, mi\u0119kkich miseczkach sprawdzi si\u0119 w ka\u017cdej stylizacji.<\/p>\n<p>Pionowe ci\u0119cia miseczek idealnie dopasowuj\u0105 si\u0119 do kszta\u0142tu biustu, zalotnie go unosz\u0105c. D\u00f3\u0142 body to stringi, wyko\u0144czone u g\u00f3ry fantazyjn\u0105 koronk\u0105. Ca\u0142o\u015b\u0107 zosta\u0142a wykonana z przyjemnej, delikatnej oraz przylegaj\u0105cej do cia\u0142a microfibry.<\/p>\n<p>Body to mo\u017cesz wykorzysta\u0107 jako bluzk\u0119 na naramkach lub koszulk\u0119 pod bluz\u0119 czy sweterek. Uniwersalne zastosowanie znajdzie wiele zwolenniczek.<\/p>\n<p>Styl:<\/p>\n<p>elegancki, codzienny<br \/>\nd\u0142ugo\u015b\u0107 mierzona od pachy w d\u00f3\u0142: ok.30cm<br \/>\n\u00a0<\/p>\n<p>Materia\u0142:<\/p>\n<p>delikatniejsza od jedwabiu, niezwykle mi\u0119kka microfibra<br \/>\nidealna dla alergik\u00f3w-nie podra\u017cnia<br \/>\nlekko\u015b\u0107, przepuszczalno\u015b\u0107 powietrza<br \/>\nodporno\u015b\u0107 na odkszta\u0142canie<br \/>\n\u00a0<\/p>\n<p>Dodatkowe cechy produktu:<\/p>\n<p>regulowane na haftki zapi\u0119cie w kroku<br \/>\nbielizna pakowana w \u015bliczne, du\u017ce opakowanie (idealne na prezent)<br \/>\nsk\u0142ad microfibry: 87% poliamid, 13% elastan.<br \/>\nsk\u0142ad microfibry: 87% poliamid, 13% elastan.<\/p>\n","protected":false},"excerpt":{"rendered":"<p>Body Biya na cienkim, regulowanym rami\u0105czku oraz profilowanych, mi\u0119kkich miseczkach sprawdzi si\u0119 w ka\u017cdej stylizacji.<\/p>\n<p>Pionowe ci\u0119cia miseczek idealnie dopasowuj\u0105 si\u0119 do kszta\u0142tu biustu, zalotnie go unosz\u0105c. D\u00f3\u0142 body to stringi, wyko\u0144czone u g\u00f3ry fantazyjn\u0105 koronk\u0105. Ca\u0142o\u015b\u0107 zosta\u0142a wykonana z przyjemnej, delikatnej oraz przylegaj\u0105cej do cia\u0142a microfibry.<\/p>\n<p>Body to mo\u017cesz wykorzysta\u0107 jako bluzk\u0119 na naramkach lub koszulk\u0119 pod bluz\u0119 czy sweterek. Uniwersalne zastosowanie znajdzie wiele zwolenniczek.<\/p>\n","protected":false},"featured_media":9724,"comment_status":"open","ping_status":"closed","template":"","meta":[],"product_cat":[19],"product_tag":[],"class_list":{"0":"post-9858","1":"product","2":"type-product","3":"status-publish","4":"has-post-thumbnail","6":"product_cat-body","8":"first","9":"instock","10":"shipping-taxable","11":"purchasable","12":"product-type-variable","13":"has-default-attributes"},"_links":{"self":[{"href":"https:\/\/kalimo.eu\/index.php?rest_route=\/wp\/v2\/product\/9858","targetHints":{"allow":["GET"]}}],"collection":[{"href":"https:\/\/kalimo.eu\/index.php?rest_route=\/wp\/v2\/product"}],"about":[{"href":"https:\/\/kalimo.eu\/index.php?rest_route=\/wp\/v2\/types\/product"}],"replies":[{"embeddable":true,"href":"https:\/\/kalimo.eu\/index.php?rest_route=%2Fwp%2Fv2%2Fcomments&post=9858"}],"wp:featuredmedia":[{"embeddable":true,"href":"https:\/\/kalimo.eu\/index.php?rest_route=\/wp\/v2\/media\/9724"}],"wp:attachment":[{"href":"https:\/\/kalimo.eu\/index.php?rest_route=%2Fwp%2Fv2%2Fmedia&parent=9858"}],"wp:term":[{"taxonomy":"product_cat","embeddable":true,"href":"https:\/\/kalimo.eu\/index.php?rest_route=%2Fwp%2Fv2%2Fproduct_cat&post=9858"},{"taxonomy":"product_tag","embeddable":true,"href":"https:\/\/kalimo.eu\/index.php?rest_route=%2Fwp%2Fv2%2Fproduct_tag&post=9858"}],"curies":[{"name":"wp","href":"https:\/\/api.w.org\/{rel}","templated":true}]}}