{"id":9887,"date":"2022-09-16T06:56:49","date_gmt":"2022-09-16T04:56:49","guid":{"rendered":"https:\/\/kalimo.eu\/?post_type=product&#038;p=9887"},"modified":"2022-09-16T07:44:44","modified_gmt":"2022-09-16T05:44:44","slug":"halka-feyd-tiul","status":"publish","type":"product","link":"https:\/\/kalimo.eu\/?product=halka-feyd-tiul","title":{"rendered":"HALKA FEYD (tiul)"},"content":{"rendered":"<p>Romantyczna, d\u0142uga, tiulowa halka na wyj\u0105tkowe wieczory&#8230;<\/p>\n<p>Wykonana z otulaj\u0105cego, mi\u0119kkiego tiulu sprawi, \u017ce poczujesz si\u0119 w niej jak ksi\u0119\u017cniczka. Podszyte wiskoz\u0105 miseczki oraz paseczkowe stringi dodaj\u0105 tajemniczo\u015bci. Dzi\u0119ki d\u0142ugim rozporkom, d\u00f3\u0142 halki dostojnie faluje podczas ruchu. Prze\u017aroczysto\u015b\u0107 tkaniny sprawia, \u017ce halka ma charakter pikanteryjny.<\/p>\n<p>Propozycja dla kobiet odwa\u017cnych, pewnych swoich atut\u00f3w. Czy Ty do nich nale\u017cysz &#8211; zdecyduj sama \ud83d\ude42<\/p>\n<p>Styl:<\/p>\n<p>zalotny, seksowny<br \/>\nokazjonalny<br \/>\nd\u0142ugo\u015b\u0107 ca\u0142kowita halki mierzona od pachy w d\u00f3\u0142: ok.123cm<br \/>\n\u00a0<\/p>\n<p>Materia\u0142:<\/p>\n<p>delikatny elastyczny tiul<br \/>\nodpowiednia mi\u0119kko\u015b\u0107 oraz delikatno\u015b\u0107<br \/>\n\u00a0<\/p>\n<p>Dodatkowe cechy produktu:<\/p>\n<p>majtki z microfibry w komplecie<br \/>\nbielizna pakowana w \u015bliczne, du\u017ce opakowanie (idealne na prezent)<br \/>\nsk\u0142ad materia\u0142u: poliester.<\/p>\n","protected":false},"excerpt":{"rendered":"<p>Romantyczna, d\u0142uga, tiulowa halka na wyj\u0105tkowe wieczory&#8230;<\/p>\n<p>Wykonana z otulaj\u0105cego, mi\u0119kkiego tiulu sprawi, \u017ce poczujesz si\u0119 w niej jak ksi\u0119\u017cniczka. Podszyte wiskoz\u0105 miseczki oraz paseczkowe stringi dodaj\u0105 tajemniczo\u015bci. Dzi\u0119ki d\u0142ugim rozporkom, d\u00f3\u0142 halki dostojnie faluje podczas ruchu. Prze\u017aroczysto\u015b\u0107 tkaniny sprawia, \u017ce halka ma charakter pikanteryjny.<\/p>\n<p>Propozycja dla kobiet odwa\u017cnych, pewnych swoich atut\u00f3w. Czy Ty do nich nale\u017cysz &#8211; zdecyduj sama \ud83d\ude42<\/p>\n","protected":false},"featured_media":9904,"comment_status":"open","ping_status":"closed","template":"","meta":[],"product_cat":[15],"product_tag":[],"class_list":{"0":"post-9887","1":"product","2":"type-product","3":"status-publish","4":"has-post-thumbnail","6":"product_cat-halki","8":"first","9":"instock","10":"shipping-taxable","11":"purchasable","12":"product-type-variable","13":"has-default-attributes"},"_links":{"self":[{"href":"https:\/\/kalimo.eu\/index.php?rest_route=\/wp\/v2\/product\/9887","targetHints":{"allow":["GET"]}}],"collection":[{"href":"https:\/\/kalimo.eu\/index.php?rest_route=\/wp\/v2\/product"}],"about":[{"href":"https:\/\/kalimo.eu\/index.php?rest_route=\/wp\/v2\/types\/product"}],"replies":[{"embeddable":true,"href":"https:\/\/kalimo.eu\/index.php?rest_route=%2Fwp%2Fv2%2Fcomments&post=9887"}],"wp:featuredmedia":[{"embeddable":true,"href":"https:\/\/kalimo.eu\/index.php?rest_route=\/wp\/v2\/media\/9904"}],"wp:attachment":[{"href":"https:\/\/kalimo.eu\/index.php?rest_route=%2Fwp%2Fv2%2Fmedia&parent=9887"}],"wp:term":[{"taxonomy":"product_cat","embeddable":true,"href":"https:\/\/kalimo.eu\/index.php?rest_route=%2Fwp%2Fv2%2Fproduct_cat&post=9887"},{"taxonomy":"product_tag","embeddable":true,"href":"https:\/\/kalimo.eu\/index.php?rest_route=%2Fwp%2Fv2%2Fproduct_tag&post=9887"}],"curies":[{"name":"wp","href":"https:\/\/api.w.org\/{rel}","templated":true}]}}