{"id":9990,"date":"2022-09-20T13:31:21","date_gmt":"2022-09-20T11:31:21","guid":{"rendered":"https:\/\/kalimo.eu\/?post_type=product&#038;p=9990"},"modified":"2022-09-20T13:45:30","modified_gmt":"2022-09-20T11:45:30","slug":"halka-muli-microfibra","status":"publish","type":"product","link":"https:\/\/kalimo.eu\/?product=halka-muli-microfibra","title":{"rendered":"HALKA MULI (microfibra)"},"content":{"rendered":"<p>Zmys\u0142owa, dopasowana halka, kt\u00f3ra rozbudza zmys\u0142y-halka Muli.<\/p>\n<p>Wykonana z po\u0142\u0105czenia delikatnej microfibry oraz elastycznego tiulu, dzi\u0119ki czemu idealnie dopasowuje si\u0119 do cia\u0142a. Tiulowe wstawki zosta\u0142y tak zaprojektowane aby podkre\u015bli\u0107 sylwetk\u0119, jednocze\u015bnie nie ukazuj\u0105c wszystkiego. Ty\u0142 to g\u0142adka tkanina, \u0142adnie otulaj\u0105ca po\u015bladki. Naramki s\u0105 regulowane, wi\u0119c sama decydujesz o g\u0142\u0119boko\u015bci dekoltu.<\/p>\n<p>Elegancka propozycja dla kobiet lubi\u0105cych oryginalny i niepowtarzalny styl.<\/p>\n<p>Styl:<\/p>\n<p>elegancki, seksowny, uwodzicielski<br \/>\nzapewniaj\u0105cy wysok\u0105 swobod\u0119 noszenia<br \/>\nd\u0142ugo\u015b\u0107 halki mierzona od pachy w d\u00f3\u0142: ok. 74cm<br \/>\n\u00a0<\/p>\n<p>Materia\u0142:<\/p>\n<p>delikatniejsza od jedwabiu, niezwykle mi\u0119kka microfibra<br \/>\nidealna dla alergik\u00f3w-nie podra\u017cnia<br \/>\nlekko\u015b\u0107, przepuszczalno\u015b\u0107 powietrza<br \/>\nodporno\u015b\u0107 na odkszta\u0142canie oraz pranie<br \/>\n\u00a0<\/p>\n<p>Dodatkowe cechy produktu:<\/p>\n<p>tiulowe wstawki<br \/>\nbielizna pakowana w \u015bliczne, du\u017ce opakowanie (idealne na prezent)<br \/>\nsk\u0142ad microfibry: 87% poliamid, 13% elastan.<\/p>\n","protected":false},"excerpt":{"rendered":"<p>Zmys\u0142owa, dopasowana halka, kt\u00f3ra rozbudza zmys\u0142y-halka Muli.<\/p>\n<p>Wykonana z po\u0142\u0105czenia delikatnej microfibry oraz elastycznego tiulu, dzi\u0119ki czemu idealnie dopasowuje si\u0119 do cia\u0142a. Tiulowe wstawki zosta\u0142y tak zaprojektowane aby podkre\u015bli\u0107 sylwetk\u0119, jednocze\u015bnie nie ukazuj\u0105c wszystkiego. Ty\u0142 to g\u0142adka tkanina, \u0142adnie otulaj\u0105ca po\u015bladki. Naramki s\u0105 regulowane, wi\u0119c sama decydujesz o g\u0142\u0119boko\u015bci dekoltu.<\/p>\n<p>Elegancka propozycja dla kobiet lubi\u0105cych oryginalny i niepowtarzalny styl.<\/p>\n","protected":false},"featured_media":9956,"comment_status":"open","ping_status":"closed","template":"","meta":[],"product_cat":[15],"product_tag":[],"class_list":{"0":"post-9990","1":"product","2":"type-product","3":"status-publish","4":"has-post-thumbnail","6":"product_cat-halki","8":"first","9":"instock","10":"shipping-taxable","11":"purchasable","12":"product-type-variable","13":"has-default-attributes"},"_links":{"self":[{"href":"https:\/\/kalimo.eu\/index.php?rest_route=\/wp\/v2\/product\/9990","targetHints":{"allow":["GET"]}}],"collection":[{"href":"https:\/\/kalimo.eu\/index.php?rest_route=\/wp\/v2\/product"}],"about":[{"href":"https:\/\/kalimo.eu\/index.php?rest_route=\/wp\/v2\/types\/product"}],"replies":[{"embeddable":true,"href":"https:\/\/kalimo.eu\/index.php?rest_route=%2Fwp%2Fv2%2Fcomments&post=9990"}],"wp:featuredmedia":[{"embeddable":true,"href":"https:\/\/kalimo.eu\/index.php?rest_route=\/wp\/v2\/media\/9956"}],"wp:attachment":[{"href":"https:\/\/kalimo.eu\/index.php?rest_route=%2Fwp%2Fv2%2Fmedia&parent=9990"}],"wp:term":[{"taxonomy":"product_cat","embeddable":true,"href":"https:\/\/kalimo.eu\/index.php?rest_route=%2Fwp%2Fv2%2Fproduct_cat&post=9990"},{"taxonomy":"product_tag","embeddable":true,"href":"https:\/\/kalimo.eu\/index.php?rest_route=%2Fwp%2Fv2%2Fproduct_tag&post=9990"}],"curies":[{"name":"wp","href":"https:\/\/api.w.org\/{rel}","templated":true}]}}